{"id":5665,"date":"2016-07-28T04:06:45","date_gmt":"2016-07-28T02:06:45","guid":{"rendered":"https:\/\/stg.experti.it\/inicio\/"},"modified":"2025-08-04T10:23:51","modified_gmt":"2025-08-04T08:23:51","slug":"inicio","status":"publish","type":"page","link":"https:\/\/experti.it\/es\/","title":{"rendered":"Inicio"},"content":{"rendered":"<div class=\"wpb-content-wrapper\"><p>[vc_row full_width=\u00bbstretch_row\u00bb][vc_column][\/vc_column][\/vc_row][vc_row css=\u00bb.vc_custom_1738425231816{padding-top: 150px !important;padding-bottom: 150px !important;}\u00bb][vc_column width=\u00bb1\/4&#8243; offset=\u00bbvc_col-lg-offset-0 vc_col-md-offset-0 vc_col-sm-offset-0&#8243;]<div class=\"evc-counter evc-shortcode c-piu\">\n\t<div class=\"evc-c-inner\">\n\t\t\t\t\t<span class=\"evc-c-digit\" >200<\/span>\n\t\t\t\t\t\t\t<h6 class=\"evc-c-title\" style=\"margin-top: 0px\">\n\t\t\t\tProdotti per l&#039;enologia\t\t\t<\/h6>\n\t\t\t\t\t<\/div>\n<\/div>\n[vc_empty_space][\/vc_column][vc_column width=\u00bb1\/4&#8243;]<div class=\"evc-counter evc-shortcode c-percento\">\n\t<div class=\"evc-c-inner\">\n\t\t\t\t\t<span class=\"evc-c-digit\" >100<\/span>\n\t\t\t\t\t\t\t<h6 class=\"evc-c-title\" style=\"margin-top: 0px\">\n\t\t\t\tCopertura nazionale\t\t\t<\/h6>\n\t\t\t\t\t<\/div>\n<\/div>\n[vc_empty_space][\/vc_column][vc_column width=\u00bb1\/4&#8243;]<div class=\"evc-counter evc-shortcode \">\n\t<div class=\"evc-c-inner\">\n\t\t\t\t\t<span class=\"evc-c-digit\" >30<\/span>\n\t\t\t\t\t\t\t<h6 class=\"evc-c-title\" style=\"margin-top: 0px\">\n\t\t\t\tCollaboratori\t\t\t<\/h6>\n\t\t\t\t\t<\/div>\n<\/div>\n[vc_empty_space][\/vc_column][vc_column width=\u00bb1\/4&#8243; offset=\u00bbvc_col-lg-offset-0&#8243;]<div class=\"evc-counter evc-shortcode \">\n\t<div class=\"evc-c-inner\">\n\t\t\t\t\t<span class=\"evc-c-digit\" >2000<\/span>\n\t\t\t\t\t\t\t<h6 class=\"evc-c-title\" style=\"margin-top: 0px\">\n\t\t\t\tMq di magazzini\t\t\t<\/h6>\n\t\t\t\t\t<\/div>\n<\/div>\n[vc_empty_space][\/vc_column][\/vc_row][vc_row full_width=\u00bbstretch_row_content_no_spaces\u00bb css=\u00bb.vc_custom_1738426880063{padding-top: 150px !important;padding-bottom: 150px !important;background-image: url(https:\/\/res.cloudinary.com\/dso9cfgr2\/images\/f_auto,q_auto\/v1738669917\/quote_54770bf24\/quote_54770bf24.jpg?_i=AA) !important;background-position: center !important;background-repeat: no-repeat !important;background-size: cover !important;}\u00bb][vc_column][vc_column_text css=\u00bb\u00bb]<\/p>\n<h2 style=\"text-align: center; color: #ffffff;\"><span style=\"color: #ffffff;\">Experti<\/span><br \/>\n<span style=\"font-size: initial; color: #ffffff;\">Enolog\u00eda, tecnolog\u00eda e innovaci\u00f3n<\/span><\/h2>\n<p style=\"text-align: center; color: #ffffff;\">Ofrecemos a las bodegas soluciones para producir un vino de calidad adaptado a su propio estilo y mercado.<\/p>\n<p>[\/vc_column_text][\/vc_column][\/vc_row][vc_row][vc_column][vc_empty_space height=\u00bb78px\u00bb][\/vc_column][\/vc_row][vc_row][vc_column width=\u00bb1\/3&#8243; offset=\u00bbvc_col-lg-offset-3 vc_col-lg-3 vc_col-md-offset-3 vc_col-md-3 vc_col-sm-offset-2&#8243;][vc_btn title=\u00bbDescargar el cat\u00e1logo de soluciones enol\u00f3gicas\u00bb color=\u00bborange\u00bb align=\u00bbcenter\u00bb css=\u00bb\u00bb link=\u00bburl:https%3A%2F%2Fexperti.it%2Fwp-content%2Fuploads%2F2025%2F08%2FEXPERTI-soluzioni-enologiche-202507-ES-digital.pdf|title:Descargar%20el%20cat%C3%A1logo%20de%20soluciones%20enol%C3%B3gicas|target:_blank|rel:nofollow\u00bb][\/vc_column][vc_column width=\u00bb1\/3&#8243; offset=\u00bbvc_col-lg-3 vc_col-md-3&#8243;][vc_btn title=\u00bbDescargar cat\u00e1logo de plantas\u00bb color=\u00bborange\u00bb align=\u00bbcenter\u00bb css=\u00bb\u00bb link=\u00bburl:https%3A%2F%2Fexperti.it%2Fwp-content%2Fuploads%2F2025%2F03%2FExperti-catalogo-impianti-202502-ES-1.pdf|title:Descargar%20cat%C3%A1logo%20de%20plantas|target:_blank|rel:nofollow\u00bb][\/vc_column][\/vc_row][vc_row][vc_column][vc_empty_space height=\u00bb78px\u00bb][\/vc_column][\/vc_row]<\/p>\n<\/div>","protected":false},"excerpt":{"rendered":"<p>[vc_row full_width=\u00bbstretch_row\u00bb][vc_column][\/vc_column][\/vc_row][vc_row css=\u00bb.vc_custom_1738425231816{padding-top: 150px !important;padding-bottom: 150px !important;}\u00bb][vc_column width=\u00bb1\/4&#8243; offset=\u00bbvc_col-lg-offset-0 vc_col-md-offset-0 vc_col-sm-offset-0&#8243;][vc_empty_space][\/vc_column][vc_column width=\u00bb1\/4&#8243;][vc_empty_space][\/vc_column][vc_column width=\u00bb1\/4&#8243;][vc_empty_space][\/vc_column][vc_column width=\u00bb1\/4&#8243; offset=\u00bbvc_col-lg-offset-0&#8243;][vc_empty_space][\/vc_column][\/vc_row][vc_row full_width=\u00bbstretch_row_content_no_spaces\u00bb css=\u00bb.vc_custom_1738426880063{padding-top: 150px !important;padding-bottom: 150px&hellip;<\/p>\n","protected":false},"author":1,"featured_media":0,"parent":0,"menu_order":0,"comment_status":"closed","ping_status":"closed","template":"templates\/homepage.php","meta":{"_cloudinary_featured_overwrite":false,"footnotes":""},"class_list":["post-5665","page","type-page","status-publish","hentry"],"yoast_head":"<!-- This site is optimized with the Yoast SEO plugin v25.9 - https:\/\/yoast.com\/wordpress\/plugins\/seo\/ -->\n<title>Experti - Productos de vinificaci\u00f3n y crianza, levaduras y enzimas<\/title>\n<meta name=\"description\" content=\"ExperTi ofrece productos para la vinificaci\u00f3n y crianza del vino en madera, levaduras, enzimas, auxiliares enol\u00f3gicos, soluciones innovadoras para la enolog\u00eda\" \/>\n<meta name=\"robots\" content=\"index, follow, max-snippet:-1, max-image-preview:large, max-video-preview:-1\" \/>\n<link rel=\"canonical\" href=\"https:\/\/experti.it\/es\/\" \/>\n<meta property=\"og:locale\" content=\"es_ES\" \/>\n<meta property=\"og:type\" content=\"article\" \/>\n<meta property=\"og:title\" content=\"Experti - Productos de vinificaci\u00f3n y crianza, levaduras y enzimas\" \/>\n<meta property=\"og:description\" content=\"ExperTi ofrece productos para la vinificaci\u00f3n y crianza del vino en madera, levaduras, enzimas, auxiliares enol\u00f3gicos, soluciones innovadoras para la enolog\u00eda\" \/>\n<meta property=\"og:url\" content=\"https:\/\/experti.it\/es\/\" \/>\n<meta property=\"og:site_name\" content=\"Experti\" \/>\n<meta property=\"article:publisher\" content=\"https:\/\/www.facebook.com\/www.experti.it\/\" \/>\n<meta property=\"article:modified_time\" content=\"2025-08-04T08:23:51+00:00\" \/>\n<meta name=\"twitter:card\" content=\"summary_large_image\" \/>\n<meta name=\"twitter:label1\" content=\"Tiempo de lectura\" \/>\n\t<meta name=\"twitter:data1\" content=\"1 minuto\" \/>\n<script type=\"application\/ld+json\" class=\"yoast-schema-graph\">{\"@context\":\"https:\/\/schema.org\",\"@graph\":[{\"@type\":\"WebPage\",\"@id\":\"https:\/\/experti.it\/es\/\",\"url\":\"https:\/\/experti.it\/es\/\",\"name\":\"Experti - Productos de vinificaci\u00f3n y crianza, levaduras y enzimas\",\"isPartOf\":{\"@id\":\"https:\/\/experti.it\/es\/#website\"},\"datePublished\":\"2016-07-28T02:06:45+00:00\",\"dateModified\":\"2025-08-04T08:23:51+00:00\",\"description\":\"ExperTi ofrece productos para la vinificaci\u00f3n y crianza del vino en madera, levaduras, enzimas, auxiliares enol\u00f3gicos, soluciones innovadoras para la enolog\u00eda\",\"breadcrumb\":{\"@id\":\"https:\/\/experti.it\/es\/#breadcrumb\"},\"inLanguage\":\"es\",\"potentialAction\":[{\"@type\":\"ReadAction\",\"target\":[\"https:\/\/experti.it\/es\/\"]}]},{\"@type\":\"BreadcrumbList\",\"@id\":\"https:\/\/experti.it\/es\/#breadcrumb\",\"itemListElement\":[{\"@type\":\"ListItem\",\"position\":1,\"name\":\"Home\",\"item\":\"https:\/\/experti.it\/es\/\"},{\"@type\":\"ListItem\",\"position\":2,\"name\":\"Inicio\"}]},{\"@type\":\"WebSite\",\"@id\":\"https:\/\/experti.it\/es\/#website\",\"url\":\"https:\/\/experti.it\/es\/\",\"name\":\"Experti\",\"description\":\"Enologia, tecnologia e innovazione\",\"publisher\":{\"@id\":\"https:\/\/experti.it\/es\/#organization\"},\"potentialAction\":[{\"@type\":\"SearchAction\",\"target\":{\"@type\":\"EntryPoint\",\"urlTemplate\":\"https:\/\/experti.it\/es\/?s={search_term_string}\"},\"query-input\":{\"@type\":\"PropertyValueSpecification\",\"valueRequired\":true,\"valueName\":\"search_term_string\"}}],\"inLanguage\":\"es\"},{\"@type\":\"Organization\",\"@id\":\"https:\/\/experti.it\/es\/#organization\",\"name\":\"Experti\",\"url\":\"https:\/\/experti.it\/es\/\",\"logo\":{\"@type\":\"ImageObject\",\"inLanguage\":\"es\",\"@id\":\"https:\/\/experti.it\/es\/#\/schema\/logo\/image\/\",\"url\":\"https:\/\/experti.it\/wp-content\/uploads\/2025\/01\/EXPERTI-LOGO-web.png\",\"contentUrl\":\"https:\/\/experti.it\/wp-content\/uploads\/2025\/01\/EXPERTI-LOGO-web.png\",\"width\":484,\"height\":210,\"caption\":\"Experti\"},\"image\":{\"@id\":\"https:\/\/experti.it\/es\/#\/schema\/logo\/image\/\"},\"sameAs\":[\"https:\/\/www.facebook.com\/www.experti.it\/\",\"http:\/\/www.instagram.com\/experti.it\"]}]}<\/script>\n<!-- \/ Yoast SEO plugin. -->","yoast_head_json":{"title":"Experti - Productos de vinificaci\u00f3n y crianza, levaduras y enzimas","description":"ExperTi ofrece productos para la vinificaci\u00f3n y crianza del vino en madera, levaduras, enzimas, auxiliares enol\u00f3gicos, soluciones innovadoras para la enolog\u00eda","robots":{"index":"index","follow":"follow","max-snippet":"max-snippet:-1","max-image-preview":"max-image-preview:large","max-video-preview":"max-video-preview:-1"},"canonical":"https:\/\/experti.it\/es\/","og_locale":"es_ES","og_type":"article","og_title":"Experti - Productos de vinificaci\u00f3n y crianza, levaduras y enzimas","og_description":"ExperTi ofrece productos para la vinificaci\u00f3n y crianza del vino en madera, levaduras, enzimas, auxiliares enol\u00f3gicos, soluciones innovadoras para la enolog\u00eda","og_url":"https:\/\/experti.it\/es\/","og_site_name":"Experti","article_publisher":"https:\/\/www.facebook.com\/www.experti.it\/","article_modified_time":"2025-08-04T08:23:51+00:00","twitter_card":"summary_large_image","twitter_misc":{"Tiempo de lectura":"1 minuto"},"schema":{"@context":"https:\/\/schema.org","@graph":[{"@type":"WebPage","@id":"https:\/\/experti.it\/es\/","url":"https:\/\/experti.it\/es\/","name":"Experti - Productos de vinificaci\u00f3n y crianza, levaduras y enzimas","isPartOf":{"@id":"https:\/\/experti.it\/es\/#website"},"datePublished":"2016-07-28T02:06:45+00:00","dateModified":"2025-08-04T08:23:51+00:00","description":"ExperTi ofrece productos para la vinificaci\u00f3n y crianza del vino en madera, levaduras, enzimas, auxiliares enol\u00f3gicos, soluciones innovadoras para la enolog\u00eda","breadcrumb":{"@id":"https:\/\/experti.it\/es\/#breadcrumb"},"inLanguage":"es","potentialAction":[{"@type":"ReadAction","target":["https:\/\/experti.it\/es\/"]}]},{"@type":"BreadcrumbList","@id":"https:\/\/experti.it\/es\/#breadcrumb","itemListElement":[{"@type":"ListItem","position":1,"name":"Home","item":"https:\/\/experti.it\/es\/"},{"@type":"ListItem","position":2,"name":"Inicio"}]},{"@type":"WebSite","@id":"https:\/\/experti.it\/es\/#website","url":"https:\/\/experti.it\/es\/","name":"Experti","description":"Enologia, tecnologia e innovazione","publisher":{"@id":"https:\/\/experti.it\/es\/#organization"},"potentialAction":[{"@type":"SearchAction","target":{"@type":"EntryPoint","urlTemplate":"https:\/\/experti.it\/es\/?s={search_term_string}"},"query-input":{"@type":"PropertyValueSpecification","valueRequired":true,"valueName":"search_term_string"}}],"inLanguage":"es"},{"@type":"Organization","@id":"https:\/\/experti.it\/es\/#organization","name":"Experti","url":"https:\/\/experti.it\/es\/","logo":{"@type":"ImageObject","inLanguage":"es","@id":"https:\/\/experti.it\/es\/#\/schema\/logo\/image\/","url":"https:\/\/experti.it\/wp-content\/uploads\/2025\/01\/EXPERTI-LOGO-web.png","contentUrl":"https:\/\/experti.it\/wp-content\/uploads\/2025\/01\/EXPERTI-LOGO-web.png","width":484,"height":210,"caption":"Experti"},"image":{"@id":"https:\/\/experti.it\/es\/#\/schema\/logo\/image\/"},"sameAs":["https:\/\/www.facebook.com\/www.experti.it\/","http:\/\/www.instagram.com\/experti.it"]}]}},"_links":{"self":[{"href":"https:\/\/experti.it\/es\/wp-json\/wp\/v2\/pages\/5665","targetHints":{"allow":["GET"]}}],"collection":[{"href":"https:\/\/experti.it\/es\/wp-json\/wp\/v2\/pages"}],"about":[{"href":"https:\/\/experti.it\/es\/wp-json\/wp\/v2\/types\/page"}],"author":[{"embeddable":true,"href":"https:\/\/experti.it\/es\/wp-json\/wp\/v2\/users\/1"}],"replies":[{"embeddable":true,"href":"https:\/\/experti.it\/es\/wp-json\/wp\/v2\/comments?post=5665"}],"version-history":[{"count":4,"href":"https:\/\/experti.it\/es\/wp-json\/wp\/v2\/pages\/5665\/revisions"}],"predecessor-version":[{"id":16107,"href":"https:\/\/experti.it\/es\/wp-json\/wp\/v2\/pages\/5665\/revisions\/16107"}],"wp:attachment":[{"href":"https:\/\/experti.it\/es\/wp-json\/wp\/v2\/media?parent=5665"}],"curies":[{"name":"wp","href":"https:\/\/api.w.org\/{rel}","templated":true}]}}