{"id":5805,"date":"2025-01-27T21:34:21","date_gmt":"2025-01-27T20:34:21","guid":{"rendered":"https:\/\/stg.experti.it\/prodotto\/aclarar-fitopure-c\/"},"modified":"2025-11-17T14:10:58","modified_gmt":"2025-11-17T13:10:58","slug":"aclarar-fitopure-c","status":"publish","type":"product","link":"https:\/\/experti.it\/es\/prodotto\/aclarar-fitopure-c\/","title":{"rendered":"ACLARAR FITOPURE C"},"content":{"rendered":"<p>Mezcla de prote\u00ednas vegetales de gran acci\u00f3n clarificante y abrillantadora. Presenta una gran solubilidad sin formaci\u00f3n de espuma, lo que permite una sedimentaci\u00f3n r\u00e1pida y la producci\u00f3n de l\u00edas compactas. Estabiliza el color eliminando los compuestos fen\u00f3licos oxidados y oxidables.<br \/>\nPotencia la elegancia, aten\u00faa las sensaciones amargas y astringentes, respetando la estructura del vino. CLARIFY FITOPURE no contiene compuestos alerg\u00e9nicos y, por tanto, est\u00e1 exento de etiquetado. Adem\u00e1s, la ausencia de productos de origen animal lo hace adecuado para la elaboraci\u00f3n de vinos destinados a consumidores vegetarianos y veganos.<\/p>\n<p>Envases de 1 kg<\/p>\n<div style=\"clear: both;\"><\/div>\n<hr \/>\n<div id=\"features\">\n<div class=\"box\" style=\"float: left; width: 33%; padding: 20px;\"><\/div>\n<div class=\"box\" style=\"float: left; width: 33%; padding: 20px;\"><\/div>\n<div class=\"box\" style=\"float: left; width: 33%; padding: 20px;\"><\/div>\n<\/div>\n<div style=\"clear: both;\"><\/div>\n","protected":false},"excerpt":{"rendered":"<p>Mezcla de prote\u00ednas vegetales de gran acci\u00f3n clarificante y abrillantadora. Presenta una gran solubilidad sin formaci\u00f3n de espuma, lo que&hellip;<\/p>\n","protected":false},"featured_media":7764,"template":"","meta":{"_cloudinary_featured_overwrite":false},"product_brand":[],"product_cat":[165],"product_tag":[],"class_list":{"0":"post-5805","1":"product","2":"type-product","3":"status-publish","4":"has-post-thumbnail","6":"product_cat-clarificadores","8":"first","9":"instock","10":"shipping-taxable","11":"product-type-simple","12":"layout-style-1","13":"col-md-4 col-sm-4 col-xs-6","14":"col-lg-3","15":"product-style-slider"},"yoast_head":"<!-- This site is optimized with the Yoast SEO plugin v25.9 - https:\/\/yoast.com\/wordpress\/plugins\/seo\/ -->\n<title>ACLARAR FITOPURE C - Experti<\/title>\n<meta name=\"robots\" content=\"index, follow, max-snippet:-1, max-image-preview:large, max-video-preview:-1\" \/>\n<link rel=\"canonical\" href=\"https:\/\/experti.it\/es\/prodotto\/aclarar-fitopure-c\/\" \/>\n<meta property=\"og:locale\" content=\"es_ES\" \/>\n<meta property=\"og:type\" content=\"article\" \/>\n<meta property=\"og:title\" content=\"ACLARAR FITOPURE C - Experti\" \/>\n<meta property=\"og:description\" content=\"Mezcla de prote\u00ednas vegetales de gran acci\u00f3n clarificante y abrillantadora. Presenta una gran solubilidad sin formaci\u00f3n de espuma, lo que&hellip;\" \/>\n<meta property=\"og:url\" content=\"https:\/\/experti.it\/es\/prodotto\/aclarar-fitopure-c\/\" \/>\n<meta property=\"og:site_name\" content=\"Experti\" \/>\n<meta property=\"article:publisher\" content=\"https:\/\/www.facebook.com\/www.experti.it\/\" \/>\n<meta property=\"article:modified_time\" content=\"2025-11-17T13:10:58+00:00\" \/>\n<meta property=\"og:image\" content=\"https:\/\/experti.it\/wp-content\/uploads\/2025\/01\/CLARIFY-FITOPURE-C.png\" \/>\n\t<meta property=\"og:image:width\" content=\"1125\" \/>\n\t<meta property=\"og:image:height\" content=\"1124\" \/>\n\t<meta property=\"og:image:type\" content=\"image\/png\" \/>\n<meta name=\"twitter:card\" content=\"summary_large_image\" \/>\n<meta name=\"twitter:label1\" content=\"Tiempo de lectura\" \/>\n\t<meta name=\"twitter:data1\" content=\"1 minuto\" \/>\n<script type=\"application\/ld+json\" class=\"yoast-schema-graph\">{\"@context\":\"https:\/\/schema.org\",\"@graph\":[{\"@type\":\"WebPage\",\"@id\":\"https:\/\/experti.it\/es\/prodotto\/aclarar-fitopure-c\/\",\"url\":\"https:\/\/experti.it\/es\/prodotto\/aclarar-fitopure-c\/\",\"name\":\"ACLARAR FITOPURE C - Experti\",\"isPartOf\":{\"@id\":\"https:\/\/experti.it\/es\/#website\"},\"primaryImageOfPage\":{\"@id\":\"https:\/\/experti.it\/es\/prodotto\/aclarar-fitopure-c\/#primaryimage\"},\"image\":{\"@id\":\"https:\/\/experti.it\/es\/prodotto\/aclarar-fitopure-c\/#primaryimage\"},\"thumbnailUrl\":\"https:\/\/experti.it\/wp-content\/uploads\/2025\/01\/CLARIFY-FITOPURE-C.png\",\"datePublished\":\"2025-01-27T20:34:21+00:00\",\"dateModified\":\"2025-11-17T13:10:58+00:00\",\"breadcrumb\":{\"@id\":\"https:\/\/experti.it\/es\/prodotto\/aclarar-fitopure-c\/#breadcrumb\"},\"inLanguage\":\"es\",\"potentialAction\":[{\"@type\":\"ReadAction\",\"target\":[\"https:\/\/experti.it\/es\/prodotto\/aclarar-fitopure-c\/\"]}]},{\"@type\":\"ImageObject\",\"inLanguage\":\"es\",\"@id\":\"https:\/\/experti.it\/es\/prodotto\/aclarar-fitopure-c\/#primaryimage\",\"url\":\"https:\/\/experti.it\/wp-content\/uploads\/2025\/01\/CLARIFY-FITOPURE-C.png\",\"contentUrl\":\"https:\/\/experti.it\/wp-content\/uploads\/2025\/01\/CLARIFY-FITOPURE-C.png\",\"width\":1125,\"height\":1124,\"caption\":\"CLARIFY-FITOPURE-C\"},{\"@type\":\"BreadcrumbList\",\"@id\":\"https:\/\/experti.it\/es\/prodotto\/aclarar-fitopure-c\/#breadcrumb\",\"itemListElement\":[{\"@type\":\"ListItem\",\"position\":1,\"name\":\"Home\",\"item\":\"https:\/\/experti.it\/es\/\"},{\"@type\":\"ListItem\",\"position\":2,\"name\":\"Productos\",\"item\":\"https:\/\/experti.it\/es\/tienda\/\"},{\"@type\":\"ListItem\",\"position\":3,\"name\":\"Biotecnolog\u00eda\",\"item\":\"https:\/\/experti.it\/es\/categoria-de-producto\/biotecnologia\/\"},{\"@type\":\"ListItem\",\"position\":4,\"name\":\"Clarificadores\",\"item\":\"https:\/\/experti.it\/es\/categoria-de-producto\/biotecnologia\/clarificadores\/\"},{\"@type\":\"ListItem\",\"position\":5,\"name\":\"ACLARAR FITOPURE C\"}]},{\"@type\":\"WebSite\",\"@id\":\"https:\/\/experti.it\/es\/#website\",\"url\":\"https:\/\/experti.it\/es\/\",\"name\":\"Experti\",\"description\":\"Enologia, tecnologia e innovazione\",\"publisher\":{\"@id\":\"https:\/\/experti.it\/es\/#organization\"},\"potentialAction\":[{\"@type\":\"SearchAction\",\"target\":{\"@type\":\"EntryPoint\",\"urlTemplate\":\"https:\/\/experti.it\/es\/?s={search_term_string}\"},\"query-input\":{\"@type\":\"PropertyValueSpecification\",\"valueRequired\":true,\"valueName\":\"search_term_string\"}}],\"inLanguage\":\"es\"},{\"@type\":\"Organization\",\"@id\":\"https:\/\/experti.it\/es\/#organization\",\"name\":\"Experti\",\"url\":\"https:\/\/experti.it\/es\/\",\"logo\":{\"@type\":\"ImageObject\",\"inLanguage\":\"es\",\"@id\":\"https:\/\/experti.it\/es\/#\/schema\/logo\/image\/\",\"url\":\"https:\/\/experti.it\/wp-content\/uploads\/2025\/01\/EXPERTI-LOGO-web.png\",\"contentUrl\":\"https:\/\/experti.it\/wp-content\/uploads\/2025\/01\/EXPERTI-LOGO-web.png\",\"width\":484,\"height\":210,\"caption\":\"Experti\"},\"image\":{\"@id\":\"https:\/\/experti.it\/es\/#\/schema\/logo\/image\/\"},\"sameAs\":[\"https:\/\/www.facebook.com\/www.experti.it\/\",\"http:\/\/www.instagram.com\/experti.it\"]}]}<\/script>\n<!-- \/ Yoast SEO plugin. -->","yoast_head_json":{"title":"ACLARAR FITOPURE C - Experti","robots":{"index":"index","follow":"follow","max-snippet":"max-snippet:-1","max-image-preview":"max-image-preview:large","max-video-preview":"max-video-preview:-1"},"canonical":"https:\/\/experti.it\/es\/prodotto\/aclarar-fitopure-c\/","og_locale":"es_ES","og_type":"article","og_title":"ACLARAR FITOPURE C - Experti","og_description":"Mezcla de prote\u00ednas vegetales de gran acci\u00f3n clarificante y abrillantadora. Presenta una gran solubilidad sin formaci\u00f3n de espuma, lo que&hellip;","og_url":"https:\/\/experti.it\/es\/prodotto\/aclarar-fitopure-c\/","og_site_name":"Experti","article_publisher":"https:\/\/www.facebook.com\/www.experti.it\/","article_modified_time":"2025-11-17T13:10:58+00:00","og_image":[{"width":1125,"height":1124,"url":"https:\/\/experti.it\/wp-content\/uploads\/2025\/01\/CLARIFY-FITOPURE-C.png","type":"image\/png"}],"twitter_card":"summary_large_image","twitter_misc":{"Tiempo de lectura":"1 minuto"},"schema":{"@context":"https:\/\/schema.org","@graph":[{"@type":"WebPage","@id":"https:\/\/experti.it\/es\/prodotto\/aclarar-fitopure-c\/","url":"https:\/\/experti.it\/es\/prodotto\/aclarar-fitopure-c\/","name":"ACLARAR FITOPURE C - Experti","isPartOf":{"@id":"https:\/\/experti.it\/es\/#website"},"primaryImageOfPage":{"@id":"https:\/\/experti.it\/es\/prodotto\/aclarar-fitopure-c\/#primaryimage"},"image":{"@id":"https:\/\/experti.it\/es\/prodotto\/aclarar-fitopure-c\/#primaryimage"},"thumbnailUrl":"https:\/\/experti.it\/wp-content\/uploads\/2025\/01\/CLARIFY-FITOPURE-C.png","datePublished":"2025-01-27T20:34:21+00:00","dateModified":"2025-11-17T13:10:58+00:00","breadcrumb":{"@id":"https:\/\/experti.it\/es\/prodotto\/aclarar-fitopure-c\/#breadcrumb"},"inLanguage":"es","potentialAction":[{"@type":"ReadAction","target":["https:\/\/experti.it\/es\/prodotto\/aclarar-fitopure-c\/"]}]},{"@type":"ImageObject","inLanguage":"es","@id":"https:\/\/experti.it\/es\/prodotto\/aclarar-fitopure-c\/#primaryimage","url":"https:\/\/experti.it\/wp-content\/uploads\/2025\/01\/CLARIFY-FITOPURE-C.png","contentUrl":"https:\/\/experti.it\/wp-content\/uploads\/2025\/01\/CLARIFY-FITOPURE-C.png","width":1125,"height":1124,"caption":"CLARIFY-FITOPURE-C"},{"@type":"BreadcrumbList","@id":"https:\/\/experti.it\/es\/prodotto\/aclarar-fitopure-c\/#breadcrumb","itemListElement":[{"@type":"ListItem","position":1,"name":"Home","item":"https:\/\/experti.it\/es\/"},{"@type":"ListItem","position":2,"name":"Productos","item":"https:\/\/experti.it\/es\/tienda\/"},{"@type":"ListItem","position":3,"name":"Biotecnolog\u00eda","item":"https:\/\/experti.it\/es\/categoria-de-producto\/biotecnologia\/"},{"@type":"ListItem","position":4,"name":"Clarificadores","item":"https:\/\/experti.it\/es\/categoria-de-producto\/biotecnologia\/clarificadores\/"},{"@type":"ListItem","position":5,"name":"ACLARAR FITOPURE C"}]},{"@type":"WebSite","@id":"https:\/\/experti.it\/es\/#website","url":"https:\/\/experti.it\/es\/","name":"Experti","description":"Enologia, tecnologia e innovazione","publisher":{"@id":"https:\/\/experti.it\/es\/#organization"},"potentialAction":[{"@type":"SearchAction","target":{"@type":"EntryPoint","urlTemplate":"https:\/\/experti.it\/es\/?s={search_term_string}"},"query-input":{"@type":"PropertyValueSpecification","valueRequired":true,"valueName":"search_term_string"}}],"inLanguage":"es"},{"@type":"Organization","@id":"https:\/\/experti.it\/es\/#organization","name":"Experti","url":"https:\/\/experti.it\/es\/","logo":{"@type":"ImageObject","inLanguage":"es","@id":"https:\/\/experti.it\/es\/#\/schema\/logo\/image\/","url":"https:\/\/experti.it\/wp-content\/uploads\/2025\/01\/EXPERTI-LOGO-web.png","contentUrl":"https:\/\/experti.it\/wp-content\/uploads\/2025\/01\/EXPERTI-LOGO-web.png","width":484,"height":210,"caption":"Experti"},"image":{"@id":"https:\/\/experti.it\/es\/#\/schema\/logo\/image\/"},"sameAs":["https:\/\/www.facebook.com\/www.experti.it\/","http:\/\/www.instagram.com\/experti.it"]}]}},"_links":{"self":[{"href":"https:\/\/experti.it\/es\/wp-json\/wp\/v2\/product\/5805","targetHints":{"allow":["GET"]}}],"collection":[{"href":"https:\/\/experti.it\/es\/wp-json\/wp\/v2\/product"}],"about":[{"href":"https:\/\/experti.it\/es\/wp-json\/wp\/v2\/types\/product"}],"wp:featuredmedia":[{"embeddable":true,"href":"https:\/\/experti.it\/es\/wp-json\/wp\/v2\/media\/7764"}],"wp:attachment":[{"href":"https:\/\/experti.it\/es\/wp-json\/wp\/v2\/media?parent=5805"}],"wp:term":[{"taxonomy":"product_brand","embeddable":true,"href":"https:\/\/experti.it\/es\/wp-json\/wp\/v2\/product_brand?post=5805"},{"taxonomy":"product_cat","embeddable":true,"href":"https:\/\/experti.it\/es\/wp-json\/wp\/v2\/product_cat?post=5805"},{"taxonomy":"product_tag","embeddable":true,"href":"https:\/\/experti.it\/es\/wp-json\/wp\/v2\/product_tag?post=5805"}],"curies":[{"name":"wp","href":"https:\/\/api.w.org\/{rel}","templated":true}]}}