{"id":5821,"date":"2025-01-27T21:33:31","date_gmt":"2025-01-27T20:33:31","guid":{"rendered":"https:\/\/stg.experti.it\/prodotto\/caribe-hibrido-de-saccharomyces-cerevisiae\/"},"modified":"2025-10-29T14:49:08","modified_gmt":"2025-10-29T13:49:08","slug":"caribe-hibrido-de-saccharomyces-cerevisiae","status":"publish","type":"product","link":"https:\/\/experti.it\/es\/prodotto\/caribe-hibrido-de-saccharomyces-cerevisiae\/","title":{"rendered":"CARIBE | H\u00edbrido de Saccharomyces cerevisiae"},"content":{"rendered":"<p>ExperTi CARIBE es una cepa de levadura h\u00edbrida especialmente adecuada para la elaboraci\u00f3n de vinos blancos y rosados frescos y afrutados.<\/p>\n<p>Esta levadura potencia los aromas ti\u00f3licos (fruta de la pasi\u00f3n, pomelo, guayaba y grosella espinosa) y tambi\u00e9n produce \u00e9steres (aromas florales y de frutas tropicales).<\/p>\n<p>Es adecuado para fermentaciones a baja temperatura con variedades blancas como Chardonnay, Sauvignon, Malvas\u00eda, Moscatel, Muller Thurgau, Verdicchio, Glera, Gewurztraminer y Riesling.<\/p>\n<p>Perfectamente compatible para la elaboraci\u00f3n de vinos blancos destinados a la crianza en barrica.<\/p>\n<p>Tambi\u00e9n se recomienda para la elaboraci\u00f3n de vinos rosados arom\u00e1ticos, as\u00ed como de vinos espumosos y de aguja.<\/p>\n<p>Envases: 500 g &#8211; 10 kg<\/p>\n<div style=\"clear: both;\"><\/div>\n<hr \/>\n<div id=\"features\">\n<div class=\"box\" style=\"float: left; width: 33%; padding: 20px;\"><\/div>\n<div class=\"box\" style=\"float: left; width: 33%; padding: 20px;\"><\/div>\n<div class=\"box\" style=\"float: left; width: 33%; padding: 20px;\"><\/div>\n<\/div>\n<div style=\"clear: both;\"><\/div>\n","protected":false},"excerpt":{"rendered":"<p>ExperTi CARIBE es una cepa de levadura h\u00edbrida especialmente adecuada para la elaboraci\u00f3n de vinos blancos y rosados frescos y&hellip;<\/p>\n","protected":false},"featured_media":18767,"template":"","meta":{"_cloudinary_featured_overwrite":false},"product_brand":[],"product_cat":[163],"product_tag":[],"class_list":{"0":"post-5821","1":"product","2":"type-product","3":"status-publish","4":"has-post-thumbnail","6":"product_cat-levaduras","8":"first","9":"instock","10":"shipping-taxable","11":"product-type-simple","12":"layout-style-1","13":"col-md-4 col-sm-4 col-xs-6","14":"col-lg-3","15":"product-style-slider"},"yoast_head":"<!-- This site is optimized with the Yoast SEO plugin v25.9 - https:\/\/yoast.com\/wordpress\/plugins\/seo\/ -->\n<title>CARIBE | H\u00edbrido de Saccharomyces cerevisiae - Experti<\/title>\n<meta name=\"robots\" content=\"index, follow, max-snippet:-1, max-image-preview:large, max-video-preview:-1\" \/>\n<link rel=\"canonical\" href=\"https:\/\/experti.it\/es\/prodotto\/caribe-hibrido-de-saccharomyces-cerevisiae\/\" \/>\n<meta property=\"og:locale\" content=\"es_ES\" \/>\n<meta property=\"og:type\" content=\"article\" \/>\n<meta property=\"og:title\" content=\"CARIBE | H\u00edbrido de Saccharomyces cerevisiae - Experti\" \/>\n<meta property=\"og:description\" content=\"ExperTi CARIBE es una cepa de levadura h\u00edbrida especialmente adecuada para la elaboraci\u00f3n de vinos blancos y rosados frescos y&hellip;\" \/>\n<meta property=\"og:url\" content=\"https:\/\/experti.it\/es\/prodotto\/caribe-hibrido-de-saccharomyces-cerevisiae\/\" \/>\n<meta property=\"og:site_name\" content=\"Experti\" \/>\n<meta property=\"article:publisher\" content=\"https:\/\/www.facebook.com\/www.experti.it\/\" \/>\n<meta property=\"article:modified_time\" content=\"2025-10-29T13:49:08+00:00\" \/>\n<meta property=\"og:image\" content=\"https:\/\/experti.it\/wp-content\/uploads\/2025\/01\/CARIBE.png\" \/>\n\t<meta property=\"og:image:width\" content=\"1125\" \/>\n\t<meta property=\"og:image:height\" content=\"1124\" \/>\n\t<meta property=\"og:image:type\" content=\"image\/png\" \/>\n<meta name=\"twitter:card\" content=\"summary_large_image\" \/>\n<meta name=\"twitter:label1\" content=\"Tiempo de lectura\" \/>\n\t<meta name=\"twitter:data1\" content=\"1 minuto\" \/>\n<script type=\"application\/ld+json\" class=\"yoast-schema-graph\">{\"@context\":\"https:\/\/schema.org\",\"@graph\":[{\"@type\":\"WebPage\",\"@id\":\"https:\/\/experti.it\/es\/prodotto\/caribe-hibrido-de-saccharomyces-cerevisiae\/\",\"url\":\"https:\/\/experti.it\/es\/prodotto\/caribe-hibrido-de-saccharomyces-cerevisiae\/\",\"name\":\"CARIBE | H\u00edbrido de Saccharomyces cerevisiae - Experti\",\"isPartOf\":{\"@id\":\"https:\/\/experti.it\/es\/#website\"},\"primaryImageOfPage\":{\"@id\":\"https:\/\/experti.it\/es\/prodotto\/caribe-hibrido-de-saccharomyces-cerevisiae\/#primaryimage\"},\"image\":{\"@id\":\"https:\/\/experti.it\/es\/prodotto\/caribe-hibrido-de-saccharomyces-cerevisiae\/#primaryimage\"},\"thumbnailUrl\":\"https:\/\/experti.it\/wp-content\/uploads\/2025\/01\/EXPERTI-CARIBE.png\",\"datePublished\":\"2025-01-27T20:33:31+00:00\",\"dateModified\":\"2025-10-29T13:49:08+00:00\",\"breadcrumb\":{\"@id\":\"https:\/\/experti.it\/es\/prodotto\/caribe-hibrido-de-saccharomyces-cerevisiae\/#breadcrumb\"},\"inLanguage\":\"es\",\"potentialAction\":[{\"@type\":\"ReadAction\",\"target\":[\"https:\/\/experti.it\/es\/prodotto\/caribe-hibrido-de-saccharomyces-cerevisiae\/\"]}]},{\"@type\":\"ImageObject\",\"inLanguage\":\"es\",\"@id\":\"https:\/\/experti.it\/es\/prodotto\/caribe-hibrido-de-saccharomyces-cerevisiae\/#primaryimage\",\"url\":\"https:\/\/experti.it\/wp-content\/uploads\/2025\/01\/EXPERTI-CARIBE.png\",\"contentUrl\":\"https:\/\/experti.it\/wp-content\/uploads\/2025\/01\/EXPERTI-CARIBE.png\",\"width\":2342,\"height\":2342},{\"@type\":\"BreadcrumbList\",\"@id\":\"https:\/\/experti.it\/es\/prodotto\/caribe-hibrido-de-saccharomyces-cerevisiae\/#breadcrumb\",\"itemListElement\":[{\"@type\":\"ListItem\",\"position\":1,\"name\":\"Home\",\"item\":\"https:\/\/experti.it\/es\/\"},{\"@type\":\"ListItem\",\"position\":2,\"name\":\"Productos\",\"item\":\"https:\/\/experti.it\/es\/tienda\/\"},{\"@type\":\"ListItem\",\"position\":3,\"name\":\"Biotecnolog\u00eda\",\"item\":\"https:\/\/experti.it\/es\/categoria-de-producto\/biotecnologia\/\"},{\"@type\":\"ListItem\",\"position\":4,\"name\":\"Levaduras\",\"item\":\"https:\/\/experti.it\/es\/categoria-de-producto\/biotecnologia\/levaduras\/\"},{\"@type\":\"ListItem\",\"position\":5,\"name\":\"CARIBE | H\u00edbrido de Saccharomyces cerevisiae\"}]},{\"@type\":\"WebSite\",\"@id\":\"https:\/\/experti.it\/es\/#website\",\"url\":\"https:\/\/experti.it\/es\/\",\"name\":\"Experti\",\"description\":\"Enologia, tecnologia e innovazione\",\"publisher\":{\"@id\":\"https:\/\/experti.it\/es\/#organization\"},\"potentialAction\":[{\"@type\":\"SearchAction\",\"target\":{\"@type\":\"EntryPoint\",\"urlTemplate\":\"https:\/\/experti.it\/es\/?s={search_term_string}\"},\"query-input\":{\"@type\":\"PropertyValueSpecification\",\"valueRequired\":true,\"valueName\":\"search_term_string\"}}],\"inLanguage\":\"es\"},{\"@type\":\"Organization\",\"@id\":\"https:\/\/experti.it\/es\/#organization\",\"name\":\"Experti\",\"url\":\"https:\/\/experti.it\/es\/\",\"logo\":{\"@type\":\"ImageObject\",\"inLanguage\":\"es\",\"@id\":\"https:\/\/experti.it\/es\/#\/schema\/logo\/image\/\",\"url\":\"https:\/\/experti.it\/wp-content\/uploads\/2025\/01\/EXPERTI-LOGO-web.png\",\"contentUrl\":\"https:\/\/experti.it\/wp-content\/uploads\/2025\/01\/EXPERTI-LOGO-web.png\",\"width\":484,\"height\":210,\"caption\":\"Experti\"},\"image\":{\"@id\":\"https:\/\/experti.it\/es\/#\/schema\/logo\/image\/\"},\"sameAs\":[\"https:\/\/www.facebook.com\/www.experti.it\/\",\"http:\/\/www.instagram.com\/experti.it\"]}]}<\/script>\n<!-- \/ Yoast SEO plugin. -->","yoast_head_json":{"title":"CARIBE | H\u00edbrido de Saccharomyces cerevisiae - Experti","robots":{"index":"index","follow":"follow","max-snippet":"max-snippet:-1","max-image-preview":"max-image-preview:large","max-video-preview":"max-video-preview:-1"},"canonical":"https:\/\/experti.it\/es\/prodotto\/caribe-hibrido-de-saccharomyces-cerevisiae\/","og_locale":"es_ES","og_type":"article","og_title":"CARIBE | H\u00edbrido de Saccharomyces cerevisiae - Experti","og_description":"ExperTi CARIBE es una cepa de levadura h\u00edbrida especialmente adecuada para la elaboraci\u00f3n de vinos blancos y rosados frescos y&hellip;","og_url":"https:\/\/experti.it\/es\/prodotto\/caribe-hibrido-de-saccharomyces-cerevisiae\/","og_site_name":"Experti","article_publisher":"https:\/\/www.facebook.com\/www.experti.it\/","article_modified_time":"2025-10-29T13:49:08+00:00","og_image":[{"width":1125,"height":1124,"url":"https:\/\/experti.it\/wp-content\/uploads\/2025\/01\/CARIBE.png","type":"image\/png"}],"twitter_card":"summary_large_image","twitter_misc":{"Tiempo de lectura":"1 minuto"},"schema":{"@context":"https:\/\/schema.org","@graph":[{"@type":"WebPage","@id":"https:\/\/experti.it\/es\/prodotto\/caribe-hibrido-de-saccharomyces-cerevisiae\/","url":"https:\/\/experti.it\/es\/prodotto\/caribe-hibrido-de-saccharomyces-cerevisiae\/","name":"CARIBE | H\u00edbrido de Saccharomyces cerevisiae - Experti","isPartOf":{"@id":"https:\/\/experti.it\/es\/#website"},"primaryImageOfPage":{"@id":"https:\/\/experti.it\/es\/prodotto\/caribe-hibrido-de-saccharomyces-cerevisiae\/#primaryimage"},"image":{"@id":"https:\/\/experti.it\/es\/prodotto\/caribe-hibrido-de-saccharomyces-cerevisiae\/#primaryimage"},"thumbnailUrl":"https:\/\/experti.it\/wp-content\/uploads\/2025\/01\/EXPERTI-CARIBE.png","datePublished":"2025-01-27T20:33:31+00:00","dateModified":"2025-10-29T13:49:08+00:00","breadcrumb":{"@id":"https:\/\/experti.it\/es\/prodotto\/caribe-hibrido-de-saccharomyces-cerevisiae\/#breadcrumb"},"inLanguage":"es","potentialAction":[{"@type":"ReadAction","target":["https:\/\/experti.it\/es\/prodotto\/caribe-hibrido-de-saccharomyces-cerevisiae\/"]}]},{"@type":"ImageObject","inLanguage":"es","@id":"https:\/\/experti.it\/es\/prodotto\/caribe-hibrido-de-saccharomyces-cerevisiae\/#primaryimage","url":"https:\/\/experti.it\/wp-content\/uploads\/2025\/01\/EXPERTI-CARIBE.png","contentUrl":"https:\/\/experti.it\/wp-content\/uploads\/2025\/01\/EXPERTI-CARIBE.png","width":2342,"height":2342},{"@type":"BreadcrumbList","@id":"https:\/\/experti.it\/es\/prodotto\/caribe-hibrido-de-saccharomyces-cerevisiae\/#breadcrumb","itemListElement":[{"@type":"ListItem","position":1,"name":"Home","item":"https:\/\/experti.it\/es\/"},{"@type":"ListItem","position":2,"name":"Productos","item":"https:\/\/experti.it\/es\/tienda\/"},{"@type":"ListItem","position":3,"name":"Biotecnolog\u00eda","item":"https:\/\/experti.it\/es\/categoria-de-producto\/biotecnologia\/"},{"@type":"ListItem","position":4,"name":"Levaduras","item":"https:\/\/experti.it\/es\/categoria-de-producto\/biotecnologia\/levaduras\/"},{"@type":"ListItem","position":5,"name":"CARIBE | H\u00edbrido de Saccharomyces cerevisiae"}]},{"@type":"WebSite","@id":"https:\/\/experti.it\/es\/#website","url":"https:\/\/experti.it\/es\/","name":"Experti","description":"Enologia, tecnologia e innovazione","publisher":{"@id":"https:\/\/experti.it\/es\/#organization"},"potentialAction":[{"@type":"SearchAction","target":{"@type":"EntryPoint","urlTemplate":"https:\/\/experti.it\/es\/?s={search_term_string}"},"query-input":{"@type":"PropertyValueSpecification","valueRequired":true,"valueName":"search_term_string"}}],"inLanguage":"es"},{"@type":"Organization","@id":"https:\/\/experti.it\/es\/#organization","name":"Experti","url":"https:\/\/experti.it\/es\/","logo":{"@type":"ImageObject","inLanguage":"es","@id":"https:\/\/experti.it\/es\/#\/schema\/logo\/image\/","url":"https:\/\/experti.it\/wp-content\/uploads\/2025\/01\/EXPERTI-LOGO-web.png","contentUrl":"https:\/\/experti.it\/wp-content\/uploads\/2025\/01\/EXPERTI-LOGO-web.png","width":484,"height":210,"caption":"Experti"},"image":{"@id":"https:\/\/experti.it\/es\/#\/schema\/logo\/image\/"},"sameAs":["https:\/\/www.facebook.com\/www.experti.it\/","http:\/\/www.instagram.com\/experti.it"]}]}},"_links":{"self":[{"href":"https:\/\/experti.it\/es\/wp-json\/wp\/v2\/product\/5821","targetHints":{"allow":["GET"]}}],"collection":[{"href":"https:\/\/experti.it\/es\/wp-json\/wp\/v2\/product"}],"about":[{"href":"https:\/\/experti.it\/es\/wp-json\/wp\/v2\/types\/product"}],"wp:featuredmedia":[{"embeddable":true,"href":"https:\/\/experti.it\/es\/wp-json\/wp\/v2\/media\/18767"}],"wp:attachment":[{"href":"https:\/\/experti.it\/es\/wp-json\/wp\/v2\/media?parent=5821"}],"wp:term":[{"taxonomy":"product_brand","embeddable":true,"href":"https:\/\/experti.it\/es\/wp-json\/wp\/v2\/product_brand?post=5821"},{"taxonomy":"product_cat","embeddable":true,"href":"https:\/\/experti.it\/es\/wp-json\/wp\/v2\/product_cat?post=5821"},{"taxonomy":"product_tag","embeddable":true,"href":"https:\/\/experti.it\/es\/wp-json\/wp\/v2\/product_tag?post=5821"}],"curies":[{"name":"wp","href":"https:\/\/api.w.org\/{rel}","templated":true}]}}