{"id":5829,"date":"2025-01-27T21:33:31","date_gmt":"2025-01-27T20:33:31","guid":{"rendered":"https:\/\/stg.experti.it\/prodotto\/awri-uvamax-saccharomyces-cerevisiae-x-saccharomyces-uvarum\/"},"modified":"2025-01-27T21:33:31","modified_gmt":"2025-01-27T20:33:31","slug":"awri-uvamax-saccharomyces-cerevisiae-x-saccharomyces-uvarum","status":"publish","type":"product","link":"https:\/\/experti.it\/es\/prodotto\/awri-uvamax-saccharomyces-cerevisiae-x-saccharomyces-uvarum\/","title":{"rendered":"AWRI UVAMAX | Saccharomyces cerevisiae x Saccharomyces uvarum"},"content":{"rendered":"<p>AWRI UVAmaX es una cepa de levadura seca activa h\u00edbrida no modificada gen\u00e9ticamente (S. Cerevisiae x S. Uvarum) seleccionada en colaboraci\u00f3n con el Instituto Australiano de Investigaci\u00f3n Vitivin\u00edcola (AWRI) que tiene la capacidad natural de reducir el nivel de acidez vol\u00e1til del vino, sobre todo en vinos tintos de uvas pasificadas o sobremaduradas y en vinos blancos envejecidos en madera.  <\/p>\n<p>Producci\u00f3n muy baja de acidez vol\u00e1til (\u22640,2 g\/L). Buena producci\u00f3n de glicerol en vinos importantes destinados a un envejecimiento muy largo. Tiene un buen factor Killer, por lo que domina la fermentaci\u00f3n.  <\/p>\n<p>Envase: 500 g<\/p>\n<p>Las levaduras MAURIVIN proceden de la nueva divisi\u00f3n AB Biotek (https:\/\/www.abbiotek.com) del grupo AB Mauri, dedicada a la industria alimentaria y vin\u00edcola.<\/p>\n<div style=\"clear: both\"><\/div>\n<hr>\n<div id=\"features\">\n<div class=\"box\" style=\"float: left;width: 33%;padding: 20px\"><\/div>\n<div class=\"box\" style=\"float: left;width: 33%;padding: 20px\"><\/div>\n<div class=\"box\" style=\"float: left;width: 33%;padding: 20px\"><\/div>\n<div class=\"box\" style=\"float: left;width: 33%;padding: 20px\"><\/div>\n<\/div>\n<div style=\"clear: both\"><\/div>\n","protected":false},"excerpt":{"rendered":"<p>AWRI UVAmaX es una cepa de levadura seca activa h\u00edbrida no modificada gen\u00e9ticamente (S. Cerevisiae x S. Uvarum) seleccionada en&hellip;<\/p>\n","protected":false},"featured_media":7829,"template":"","meta":{"_cloudinary_featured_overwrite":false},"product_brand":[],"product_cat":[163],"product_tag":[],"class_list":{"0":"post-5829","1":"product","2":"type-product","3":"status-publish","4":"has-post-thumbnail","6":"product_cat-levaduras","8":"first","9":"instock","10":"shipping-taxable","11":"product-type-simple","12":"layout-style-1","13":"col-md-4 col-sm-4 col-xs-6","14":"col-lg-3","15":"product-style-slider"},"yoast_head":"<!-- This site is optimized with the Yoast SEO plugin v25.9 - https:\/\/yoast.com\/wordpress\/plugins\/seo\/ -->\n<title>AWRI UVAMAX | Saccharomyces cerevisiae x Saccharomyces uvarum - Experti<\/title>\n<meta name=\"robots\" content=\"index, follow, max-snippet:-1, max-image-preview:large, max-video-preview:-1\" \/>\n<link rel=\"canonical\" href=\"https:\/\/experti.it\/es\/prodotto\/awri-uvamax-saccharomyces-cerevisiae-x-saccharomyces-uvarum\/\" \/>\n<meta property=\"og:locale\" content=\"es_ES\" \/>\n<meta property=\"og:type\" content=\"article\" \/>\n<meta property=\"og:title\" content=\"AWRI UVAMAX | Saccharomyces cerevisiae x Saccharomyces uvarum - Experti\" \/>\n<meta property=\"og:description\" content=\"AWRI UVAmaX es una cepa de levadura seca activa h\u00edbrida no modificada gen\u00e9ticamente (S. Cerevisiae x S. Uvarum) seleccionada en&hellip;\" \/>\n<meta property=\"og:url\" content=\"https:\/\/experti.it\/es\/prodotto\/awri-uvamax-saccharomyces-cerevisiae-x-saccharomyces-uvarum\/\" \/>\n<meta property=\"og:site_name\" content=\"Experti\" \/>\n<meta property=\"article:publisher\" content=\"https:\/\/www.facebook.com\/www.experti.it\/\" \/>\n<meta property=\"og:image\" content=\"https:\/\/res.cloudinary.com\/dso9cfgr2\/images\/f_auto,q_auto\/v1738683052\/uvamax_5217c4e06\/uvamax_5217c4e06.jpg?_i=AA\" \/>\n\t<meta property=\"og:image:width\" content=\"539\" \/>\n\t<meta property=\"og:image:height\" content=\"546\" \/>\n\t<meta property=\"og:image:type\" content=\"image\/jpeg\" \/>\n<meta name=\"twitter:card\" content=\"summary_large_image\" \/>\n<meta name=\"twitter:label1\" content=\"Tiempo de lectura\" \/>\n\t<meta name=\"twitter:data1\" content=\"1 minuto\" \/>\n<script type=\"application\/ld+json\" class=\"yoast-schema-graph\">{\"@context\":\"https:\/\/schema.org\",\"@graph\":[{\"@type\":\"WebPage\",\"@id\":\"https:\/\/experti.it\/es\/prodotto\/awri-uvamax-saccharomyces-cerevisiae-x-saccharomyces-uvarum\/\",\"url\":\"https:\/\/experti.it\/es\/prodotto\/awri-uvamax-saccharomyces-cerevisiae-x-saccharomyces-uvarum\/\",\"name\":\"AWRI UVAMAX | Saccharomyces cerevisiae x Saccharomyces uvarum - Experti\",\"isPartOf\":{\"@id\":\"https:\/\/experti.it\/es\/#website\"},\"primaryImageOfPage\":{\"@id\":\"https:\/\/experti.it\/es\/prodotto\/awri-uvamax-saccharomyces-cerevisiae-x-saccharomyces-uvarum\/#primaryimage\"},\"image\":{\"@id\":\"https:\/\/experti.it\/es\/prodotto\/awri-uvamax-saccharomyces-cerevisiae-x-saccharomyces-uvarum\/#primaryimage\"},\"thumbnailUrl\":\"https:\/\/experti.it\/wp-content\/uploads\/2025\/01\/AWRI-UVAMAX.png\",\"datePublished\":\"2025-01-27T20:33:31+00:00\",\"breadcrumb\":{\"@id\":\"https:\/\/experti.it\/es\/prodotto\/awri-uvamax-saccharomyces-cerevisiae-x-saccharomyces-uvarum\/#breadcrumb\"},\"inLanguage\":\"es\",\"potentialAction\":[{\"@type\":\"ReadAction\",\"target\":[\"https:\/\/experti.it\/es\/prodotto\/awri-uvamax-saccharomyces-cerevisiae-x-saccharomyces-uvarum\/\"]}]},{\"@type\":\"ImageObject\",\"inLanguage\":\"es\",\"@id\":\"https:\/\/experti.it\/es\/prodotto\/awri-uvamax-saccharomyces-cerevisiae-x-saccharomyces-uvarum\/#primaryimage\",\"url\":\"https:\/\/experti.it\/wp-content\/uploads\/2025\/01\/AWRI-UVAMAX.png\",\"contentUrl\":\"https:\/\/experti.it\/wp-content\/uploads\/2025\/01\/AWRI-UVAMAX.png\",\"width\":1125,\"height\":1124,\"caption\":\"AWRI-UVAMAX\"},{\"@type\":\"BreadcrumbList\",\"@id\":\"https:\/\/experti.it\/es\/prodotto\/awri-uvamax-saccharomyces-cerevisiae-x-saccharomyces-uvarum\/#breadcrumb\",\"itemListElement\":[{\"@type\":\"ListItem\",\"position\":1,\"name\":\"Home\",\"item\":\"https:\/\/experti.it\/es\/\"},{\"@type\":\"ListItem\",\"position\":2,\"name\":\"Productos\",\"item\":\"https:\/\/experti.it\/es\/tienda\/\"},{\"@type\":\"ListItem\",\"position\":3,\"name\":\"AWRI UVAMAX | Saccharomyces cerevisiae x Saccharomyces uvarum\"}]},{\"@type\":\"WebSite\",\"@id\":\"https:\/\/experti.it\/es\/#website\",\"url\":\"https:\/\/experti.it\/es\/\",\"name\":\"Experti\",\"description\":\"Enologia, tecnologia e innovazione\",\"publisher\":{\"@id\":\"https:\/\/experti.it\/es\/#organization\"},\"potentialAction\":[{\"@type\":\"SearchAction\",\"target\":{\"@type\":\"EntryPoint\",\"urlTemplate\":\"https:\/\/experti.it\/es\/?s={search_term_string}\"},\"query-input\":{\"@type\":\"PropertyValueSpecification\",\"valueRequired\":true,\"valueName\":\"search_term_string\"}}],\"inLanguage\":\"es\"},{\"@type\":\"Organization\",\"@id\":\"https:\/\/experti.it\/es\/#organization\",\"name\":\"Experti\",\"url\":\"https:\/\/experti.it\/es\/\",\"logo\":{\"@type\":\"ImageObject\",\"inLanguage\":\"es\",\"@id\":\"https:\/\/experti.it\/es\/#\/schema\/logo\/image\/\",\"url\":\"https:\/\/experti.it\/wp-content\/uploads\/2025\/01\/EXPERTI-LOGO-web.png\",\"contentUrl\":\"https:\/\/experti.it\/wp-content\/uploads\/2025\/01\/EXPERTI-LOGO-web.png\",\"width\":484,\"height\":210,\"caption\":\"Experti\"},\"image\":{\"@id\":\"https:\/\/experti.it\/es\/#\/schema\/logo\/image\/\"},\"sameAs\":[\"https:\/\/www.facebook.com\/www.experti.it\/\",\"http:\/\/www.instagram.com\/experti.it\"]}]}<\/script>\n<!-- \/ Yoast SEO plugin. -->","yoast_head_json":{"title":"AWRI UVAMAX | Saccharomyces cerevisiae x Saccharomyces uvarum - Experti","robots":{"index":"index","follow":"follow","max-snippet":"max-snippet:-1","max-image-preview":"max-image-preview:large","max-video-preview":"max-video-preview:-1"},"canonical":"https:\/\/experti.it\/es\/prodotto\/awri-uvamax-saccharomyces-cerevisiae-x-saccharomyces-uvarum\/","og_locale":"es_ES","og_type":"article","og_title":"AWRI UVAMAX | Saccharomyces cerevisiae x Saccharomyces uvarum - Experti","og_description":"AWRI UVAmaX es una cepa de levadura seca activa h\u00edbrida no modificada gen\u00e9ticamente (S. Cerevisiae x S. Uvarum) seleccionada en&hellip;","og_url":"https:\/\/experti.it\/es\/prodotto\/awri-uvamax-saccharomyces-cerevisiae-x-saccharomyces-uvarum\/","og_site_name":"Experti","article_publisher":"https:\/\/www.facebook.com\/www.experti.it\/","og_image":[{"width":539,"height":546,"url":"https:\/\/res.cloudinary.com\/dso9cfgr2\/images\/f_auto,q_auto\/v1738683052\/uvamax_5217c4e06\/uvamax_5217c4e06.jpg?_i=AA","type":"image\/jpeg"}],"twitter_card":"summary_large_image","twitter_misc":{"Tiempo de lectura":"1 minuto"},"schema":{"@context":"https:\/\/schema.org","@graph":[{"@type":"WebPage","@id":"https:\/\/experti.it\/es\/prodotto\/awri-uvamax-saccharomyces-cerevisiae-x-saccharomyces-uvarum\/","url":"https:\/\/experti.it\/es\/prodotto\/awri-uvamax-saccharomyces-cerevisiae-x-saccharomyces-uvarum\/","name":"AWRI UVAMAX | Saccharomyces cerevisiae x Saccharomyces uvarum - Experti","isPartOf":{"@id":"https:\/\/experti.it\/es\/#website"},"primaryImageOfPage":{"@id":"https:\/\/experti.it\/es\/prodotto\/awri-uvamax-saccharomyces-cerevisiae-x-saccharomyces-uvarum\/#primaryimage"},"image":{"@id":"https:\/\/experti.it\/es\/prodotto\/awri-uvamax-saccharomyces-cerevisiae-x-saccharomyces-uvarum\/#primaryimage"},"thumbnailUrl":"https:\/\/experti.it\/wp-content\/uploads\/2025\/01\/AWRI-UVAMAX.png","datePublished":"2025-01-27T20:33:31+00:00","breadcrumb":{"@id":"https:\/\/experti.it\/es\/prodotto\/awri-uvamax-saccharomyces-cerevisiae-x-saccharomyces-uvarum\/#breadcrumb"},"inLanguage":"es","potentialAction":[{"@type":"ReadAction","target":["https:\/\/experti.it\/es\/prodotto\/awri-uvamax-saccharomyces-cerevisiae-x-saccharomyces-uvarum\/"]}]},{"@type":"ImageObject","inLanguage":"es","@id":"https:\/\/experti.it\/es\/prodotto\/awri-uvamax-saccharomyces-cerevisiae-x-saccharomyces-uvarum\/#primaryimage","url":"https:\/\/experti.it\/wp-content\/uploads\/2025\/01\/AWRI-UVAMAX.png","contentUrl":"https:\/\/experti.it\/wp-content\/uploads\/2025\/01\/AWRI-UVAMAX.png","width":1125,"height":1124,"caption":"AWRI-UVAMAX"},{"@type":"BreadcrumbList","@id":"https:\/\/experti.it\/es\/prodotto\/awri-uvamax-saccharomyces-cerevisiae-x-saccharomyces-uvarum\/#breadcrumb","itemListElement":[{"@type":"ListItem","position":1,"name":"Home","item":"https:\/\/experti.it\/es\/"},{"@type":"ListItem","position":2,"name":"Productos","item":"https:\/\/experti.it\/es\/tienda\/"},{"@type":"ListItem","position":3,"name":"AWRI UVAMAX | Saccharomyces cerevisiae x Saccharomyces uvarum"}]},{"@type":"WebSite","@id":"https:\/\/experti.it\/es\/#website","url":"https:\/\/experti.it\/es\/","name":"Experti","description":"Enologia, tecnologia e innovazione","publisher":{"@id":"https:\/\/experti.it\/es\/#organization"},"potentialAction":[{"@type":"SearchAction","target":{"@type":"EntryPoint","urlTemplate":"https:\/\/experti.it\/es\/?s={search_term_string}"},"query-input":{"@type":"PropertyValueSpecification","valueRequired":true,"valueName":"search_term_string"}}],"inLanguage":"es"},{"@type":"Organization","@id":"https:\/\/experti.it\/es\/#organization","name":"Experti","url":"https:\/\/experti.it\/es\/","logo":{"@type":"ImageObject","inLanguage":"es","@id":"https:\/\/experti.it\/es\/#\/schema\/logo\/image\/","url":"https:\/\/experti.it\/wp-content\/uploads\/2025\/01\/EXPERTI-LOGO-web.png","contentUrl":"https:\/\/experti.it\/wp-content\/uploads\/2025\/01\/EXPERTI-LOGO-web.png","width":484,"height":210,"caption":"Experti"},"image":{"@id":"https:\/\/experti.it\/es\/#\/schema\/logo\/image\/"},"sameAs":["https:\/\/www.facebook.com\/www.experti.it\/","http:\/\/www.instagram.com\/experti.it"]}]}},"_links":{"self":[{"href":"https:\/\/experti.it\/es\/wp-json\/wp\/v2\/product\/5829","targetHints":{"allow":["GET"]}}],"collection":[{"href":"https:\/\/experti.it\/es\/wp-json\/wp\/v2\/product"}],"about":[{"href":"https:\/\/experti.it\/es\/wp-json\/wp\/v2\/types\/product"}],"wp:featuredmedia":[{"embeddable":true,"href":"https:\/\/experti.it\/es\/wp-json\/wp\/v2\/media\/7829"}],"wp:attachment":[{"href":"https:\/\/experti.it\/es\/wp-json\/wp\/v2\/media?parent=5829"}],"wp:term":[{"taxonomy":"product_brand","embeddable":true,"href":"https:\/\/experti.it\/es\/wp-json\/wp\/v2\/product_brand?post=5829"},{"taxonomy":"product_cat","embeddable":true,"href":"https:\/\/experti.it\/es\/wp-json\/wp\/v2\/product_cat?post=5829"},{"taxonomy":"product_tag","embeddable":true,"href":"https:\/\/experti.it\/es\/wp-json\/wp\/v2\/product_tag?post=5829"}],"curies":[{"name":"wp","href":"https:\/\/api.w.org\/{rel}","templated":true}]}}