{"id":5936,"date":"2025-01-27T21:31:46","date_gmt":"2025-01-27T20:31:46","guid":{"rendered":"https:\/\/stg.experti.it\/prodotto\/primeur-saccharomyces-cerevisiae\/"},"modified":"2025-01-27T21:31:46","modified_gmt":"2025-01-27T20:31:46","slug":"primeur-saccharomyces-cerevisiae","status":"publish","type":"product","link":"https:\/\/experti.it\/es\/prodotto\/primeur-saccharomyces-cerevisiae\/","title":{"rendered":"PRIMEUR | Saccharomyces cerevisiae"},"content":{"rendered":"<p>Maurivin PRIMEUR produce grandes cantidades de aromas de fermentaci\u00f3n (\u00e9steres, alcoholes superiores). Se recomienda especialmente para vinos rosados, tintos j\u00f3venes con una nota afrutada pronunciada. Recomendado para vinos j\u00f3venes.<\/p>\n<p>Tiene una ligera capacidad desalinizante. Alta demanda de nitr\u00f3geno. Envase: 500 g   <\/p>\n<p>Las levaduras MAURIVIN son de AB Biotek (https:\/\/www.abbiotek.com), una nueva divisi\u00f3n del grupo AB Mauri dedicada a la industria alimentaria y vin\u00edcola.<\/p>\n<div style=\"clear: both\"><\/div>\n<hr>\n<div id=\"features\">\n<div class=\"box\" style=\"float: left;width: 33%;padding: 20px\">[radar v=\u00bbVINI BIANCHI Tropicale=4,5;Ananas=3,5;Macedonia=4,8;Banana=3&#8243;]<\/div>\n<div class=\"box\" style=\"float: left;width: 33%;padding: 20px\"><\/div>\n<div class=\"box\" style=\"float: left;width: 33%;padding: 20px\"><\/div>\n<div class=\"box\" style=\"float: left;width: 33%;padding: 20px\"><\/div>\n<\/div>\n<div style=\"clear: both\"><\/div>\n","protected":false},"excerpt":{"rendered":"<p>Maurivin PRIMEUR produce grandes cantidades de aromas de fermentaci\u00f3n (\u00e9steres, alcoholes superiores). Se recomienda especialmente para vinos rosados, tintos j\u00f3venes&hellip;<\/p>\n","protected":false},"featured_media":8375,"template":"","meta":{"_cloudinary_featured_overwrite":false},"product_brand":[],"product_cat":[163],"product_tag":[],"class_list":{"0":"post-5936","1":"product","2":"type-product","3":"status-publish","4":"has-post-thumbnail","6":"product_cat-levaduras","8":"first","9":"instock","10":"shipping-taxable","11":"product-type-simple","12":"layout-style-1","13":"col-md-4 col-sm-4 col-xs-6","14":"col-lg-3","15":"product-has-gallery","16":"product-style-slider"},"yoast_head":"<!-- This site is optimized with the Yoast SEO plugin v25.9 - https:\/\/yoast.com\/wordpress\/plugins\/seo\/ -->\n<title>PRIMEUR | Saccharomyces cerevisiae - Experti<\/title>\n<meta name=\"robots\" content=\"index, follow, max-snippet:-1, max-image-preview:large, max-video-preview:-1\" \/>\n<link rel=\"canonical\" href=\"https:\/\/experti.it\/es\/prodotto\/primeur-saccharomyces-cerevisiae\/\" \/>\n<meta property=\"og:locale\" content=\"es_ES\" \/>\n<meta property=\"og:type\" content=\"article\" \/>\n<meta property=\"og:title\" content=\"PRIMEUR | Saccharomyces cerevisiae - Experti\" \/>\n<meta property=\"og:description\" content=\"Maurivin PRIMEUR produce grandes cantidades de aromas de fermentaci\u00f3n (\u00e9steres, alcoholes superiores). Se recomienda especialmente para vinos rosados, tintos j\u00f3venes&hellip;\" \/>\n<meta property=\"og:url\" content=\"https:\/\/experti.it\/es\/prodotto\/primeur-saccharomyces-cerevisiae\/\" \/>\n<meta property=\"og:site_name\" content=\"Experti\" \/>\n<meta property=\"article:publisher\" content=\"https:\/\/www.facebook.com\/www.experti.it\/\" \/>\n<meta property=\"og:image\" content=\"https:\/\/res.cloudinary.com\/dso9cfgr2\/images\/f_auto,q_auto\/v1738667679\/PRIMEUR_280641a86\/PRIMEUR_280641a86.?_i=AA\" \/>\n\t<meta property=\"og:image:width\" content=\"413\" \/>\n\t<meta property=\"og:image:height\" content=\"413\" \/>\n\t<meta property=\"og:image:type\" content=\"image\/jpeg\" \/>\n<meta name=\"twitter:card\" content=\"summary_large_image\" \/>\n<script type=\"application\/ld+json\" class=\"yoast-schema-graph\">{\"@context\":\"https:\/\/schema.org\",\"@graph\":[{\"@type\":\"WebPage\",\"@id\":\"https:\/\/experti.it\/es\/prodotto\/primeur-saccharomyces-cerevisiae\/\",\"url\":\"https:\/\/experti.it\/es\/prodotto\/primeur-saccharomyces-cerevisiae\/\",\"name\":\"PRIMEUR | Saccharomyces cerevisiae - Experti\",\"isPartOf\":{\"@id\":\"https:\/\/experti.it\/es\/#website\"},\"primaryImageOfPage\":{\"@id\":\"https:\/\/experti.it\/es\/prodotto\/primeur-saccharomyces-cerevisiae\/#primaryimage\"},\"image\":{\"@id\":\"https:\/\/experti.it\/es\/prodotto\/primeur-saccharomyces-cerevisiae\/#primaryimage\"},\"thumbnailUrl\":\"https:\/\/experti.it\/wp-content\/uploads\/2025\/01\/PRIMEUR.png\",\"datePublished\":\"2025-01-27T20:31:46+00:00\",\"breadcrumb\":{\"@id\":\"https:\/\/experti.it\/es\/prodotto\/primeur-saccharomyces-cerevisiae\/#breadcrumb\"},\"inLanguage\":\"es\",\"potentialAction\":[{\"@type\":\"ReadAction\",\"target\":[\"https:\/\/experti.it\/es\/prodotto\/primeur-saccharomyces-cerevisiae\/\"]}]},{\"@type\":\"ImageObject\",\"inLanguage\":\"es\",\"@id\":\"https:\/\/experti.it\/es\/prodotto\/primeur-saccharomyces-cerevisiae\/#primaryimage\",\"url\":\"https:\/\/experti.it\/wp-content\/uploads\/2025\/01\/PRIMEUR.png\",\"contentUrl\":\"https:\/\/experti.it\/wp-content\/uploads\/2025\/01\/PRIMEUR.png\",\"width\":1125,\"height\":1124},{\"@type\":\"BreadcrumbList\",\"@id\":\"https:\/\/experti.it\/es\/prodotto\/primeur-saccharomyces-cerevisiae\/#breadcrumb\",\"itemListElement\":[{\"@type\":\"ListItem\",\"position\":1,\"name\":\"Home\",\"item\":\"https:\/\/experti.it\/es\/\"},{\"@type\":\"ListItem\",\"position\":2,\"name\":\"Productos\",\"item\":\"https:\/\/experti.it\/es\/tienda\/\"},{\"@type\":\"ListItem\",\"position\":3,\"name\":\"PRIMEUR | Saccharomyces cerevisiae\"}]},{\"@type\":\"WebSite\",\"@id\":\"https:\/\/experti.it\/es\/#website\",\"url\":\"https:\/\/experti.it\/es\/\",\"name\":\"Experti\",\"description\":\"Enologia, tecnologia e innovazione\",\"publisher\":{\"@id\":\"https:\/\/experti.it\/es\/#organization\"},\"potentialAction\":[{\"@type\":\"SearchAction\",\"target\":{\"@type\":\"EntryPoint\",\"urlTemplate\":\"https:\/\/experti.it\/es\/?s={search_term_string}\"},\"query-input\":{\"@type\":\"PropertyValueSpecification\",\"valueRequired\":true,\"valueName\":\"search_term_string\"}}],\"inLanguage\":\"es\"},{\"@type\":\"Organization\",\"@id\":\"https:\/\/experti.it\/es\/#organization\",\"name\":\"Experti\",\"url\":\"https:\/\/experti.it\/es\/\",\"logo\":{\"@type\":\"ImageObject\",\"inLanguage\":\"es\",\"@id\":\"https:\/\/experti.it\/es\/#\/schema\/logo\/image\/\",\"url\":\"https:\/\/experti.it\/wp-content\/uploads\/2025\/01\/EXPERTI-LOGO-web.png\",\"contentUrl\":\"https:\/\/experti.it\/wp-content\/uploads\/2025\/01\/EXPERTI-LOGO-web.png\",\"width\":484,\"height\":210,\"caption\":\"Experti\"},\"image\":{\"@id\":\"https:\/\/experti.it\/es\/#\/schema\/logo\/image\/\"},\"sameAs\":[\"https:\/\/www.facebook.com\/www.experti.it\/\",\"http:\/\/www.instagram.com\/experti.it\"]}]}<\/script>\n<!-- \/ Yoast SEO plugin. -->","yoast_head_json":{"title":"PRIMEUR | Saccharomyces cerevisiae - Experti","robots":{"index":"index","follow":"follow","max-snippet":"max-snippet:-1","max-image-preview":"max-image-preview:large","max-video-preview":"max-video-preview:-1"},"canonical":"https:\/\/experti.it\/es\/prodotto\/primeur-saccharomyces-cerevisiae\/","og_locale":"es_ES","og_type":"article","og_title":"PRIMEUR | Saccharomyces cerevisiae - Experti","og_description":"Maurivin PRIMEUR produce grandes cantidades de aromas de fermentaci\u00f3n (\u00e9steres, alcoholes superiores). Se recomienda especialmente para vinos rosados, tintos j\u00f3venes&hellip;","og_url":"https:\/\/experti.it\/es\/prodotto\/primeur-saccharomyces-cerevisiae\/","og_site_name":"Experti","article_publisher":"https:\/\/www.facebook.com\/www.experti.it\/","og_image":[{"width":413,"height":413,"url":"https:\/\/res.cloudinary.com\/dso9cfgr2\/images\/f_auto,q_auto\/v1738667679\/PRIMEUR_280641a86\/PRIMEUR_280641a86.?_i=AA","type":"image\/jpeg"}],"twitter_card":"summary_large_image","schema":{"@context":"https:\/\/schema.org","@graph":[{"@type":"WebPage","@id":"https:\/\/experti.it\/es\/prodotto\/primeur-saccharomyces-cerevisiae\/","url":"https:\/\/experti.it\/es\/prodotto\/primeur-saccharomyces-cerevisiae\/","name":"PRIMEUR | Saccharomyces cerevisiae - Experti","isPartOf":{"@id":"https:\/\/experti.it\/es\/#website"},"primaryImageOfPage":{"@id":"https:\/\/experti.it\/es\/prodotto\/primeur-saccharomyces-cerevisiae\/#primaryimage"},"image":{"@id":"https:\/\/experti.it\/es\/prodotto\/primeur-saccharomyces-cerevisiae\/#primaryimage"},"thumbnailUrl":"https:\/\/experti.it\/wp-content\/uploads\/2025\/01\/PRIMEUR.png","datePublished":"2025-01-27T20:31:46+00:00","breadcrumb":{"@id":"https:\/\/experti.it\/es\/prodotto\/primeur-saccharomyces-cerevisiae\/#breadcrumb"},"inLanguage":"es","potentialAction":[{"@type":"ReadAction","target":["https:\/\/experti.it\/es\/prodotto\/primeur-saccharomyces-cerevisiae\/"]}]},{"@type":"ImageObject","inLanguage":"es","@id":"https:\/\/experti.it\/es\/prodotto\/primeur-saccharomyces-cerevisiae\/#primaryimage","url":"https:\/\/experti.it\/wp-content\/uploads\/2025\/01\/PRIMEUR.png","contentUrl":"https:\/\/experti.it\/wp-content\/uploads\/2025\/01\/PRIMEUR.png","width":1125,"height":1124},{"@type":"BreadcrumbList","@id":"https:\/\/experti.it\/es\/prodotto\/primeur-saccharomyces-cerevisiae\/#breadcrumb","itemListElement":[{"@type":"ListItem","position":1,"name":"Home","item":"https:\/\/experti.it\/es\/"},{"@type":"ListItem","position":2,"name":"Productos","item":"https:\/\/experti.it\/es\/tienda\/"},{"@type":"ListItem","position":3,"name":"PRIMEUR | Saccharomyces cerevisiae"}]},{"@type":"WebSite","@id":"https:\/\/experti.it\/es\/#website","url":"https:\/\/experti.it\/es\/","name":"Experti","description":"Enologia, tecnologia e innovazione","publisher":{"@id":"https:\/\/experti.it\/es\/#organization"},"potentialAction":[{"@type":"SearchAction","target":{"@type":"EntryPoint","urlTemplate":"https:\/\/experti.it\/es\/?s={search_term_string}"},"query-input":{"@type":"PropertyValueSpecification","valueRequired":true,"valueName":"search_term_string"}}],"inLanguage":"es"},{"@type":"Organization","@id":"https:\/\/experti.it\/es\/#organization","name":"Experti","url":"https:\/\/experti.it\/es\/","logo":{"@type":"ImageObject","inLanguage":"es","@id":"https:\/\/experti.it\/es\/#\/schema\/logo\/image\/","url":"https:\/\/experti.it\/wp-content\/uploads\/2025\/01\/EXPERTI-LOGO-web.png","contentUrl":"https:\/\/experti.it\/wp-content\/uploads\/2025\/01\/EXPERTI-LOGO-web.png","width":484,"height":210,"caption":"Experti"},"image":{"@id":"https:\/\/experti.it\/es\/#\/schema\/logo\/image\/"},"sameAs":["https:\/\/www.facebook.com\/www.experti.it\/","http:\/\/www.instagram.com\/experti.it"]}]}},"_links":{"self":[{"href":"https:\/\/experti.it\/es\/wp-json\/wp\/v2\/product\/5936","targetHints":{"allow":["GET"]}}],"collection":[{"href":"https:\/\/experti.it\/es\/wp-json\/wp\/v2\/product"}],"about":[{"href":"https:\/\/experti.it\/es\/wp-json\/wp\/v2\/types\/product"}],"wp:featuredmedia":[{"embeddable":true,"href":"https:\/\/experti.it\/es\/wp-json\/wp\/v2\/media\/8375"}],"wp:attachment":[{"href":"https:\/\/experti.it\/es\/wp-json\/wp\/v2\/media?parent=5936"}],"wp:term":[{"taxonomy":"product_brand","embeddable":true,"href":"https:\/\/experti.it\/es\/wp-json\/wp\/v2\/product_brand?post=5936"},{"taxonomy":"product_cat","embeddable":true,"href":"https:\/\/experti.it\/es\/wp-json\/wp\/v2\/product_cat?post=5936"},{"taxonomy":"product_tag","embeddable":true,"href":"https:\/\/experti.it\/es\/wp-json\/wp\/v2\/product_tag?post=5936"}],"curies":[{"name":"wp","href":"https:\/\/api.w.org\/{rel}","templated":true}]}}