{"id":5940,"date":"2025-01-27T21:31:46","date_gmt":"2025-01-27T20:31:46","guid":{"rendered":"https:\/\/stg.experti.it\/prodotto\/pdm-saccharomyces-cerevisiae-r-f-bayanus\/"},"modified":"2025-01-27T21:31:46","modified_gmt":"2025-01-27T20:31:46","slug":"pdm-saccharomyces-cerevisiae-r-f-bayanus","status":"publish","type":"product","link":"https:\/\/experti.it\/es\/prodotto\/pdm-saccharomyces-cerevisiae-r-f-bayanus\/","title":{"rendered":"PDM | Saccharomyces cerevisiae r.f. bayanus"},"content":{"rendered":"<p>Cepa varietal con alto contenido de alcohol (17% o m\u00e1s) y alto rendimiento alcoh\u00f3lico. Criof\u00edlica, no espumante. Debido a su escasa aptitud para sintetizar compuestos azufrados, est\u00e1 especialmente recomendada para la conservaci\u00f3n \u00absur lies\u00bb, la refermentaci\u00f3n y la espumaci\u00f3n.<br \/>\nEs adecuado para el sellado en seco de Amaroni y vinos de alta graduaci\u00f3n alcoh\u00f3lica (superior a 17\u00b0) con el uso combinado de Levadura Provital.<br \/>\nDemanda media de nitr\u00f3geno. Envases: 500 g &#8211; 10 kg <\/p>\n<p>Las levaduras MAURIVIN proceden de la nueva divisi\u00f3n AB Biotek (https:\/\/www.abbiotek.com) del grupo AB Mauri, dedicada a la industria alimentaria y vin\u00edcola.<\/p>\n<div style=\"clear: both\"><\/div>\n<hr>\n<div id=\"features\">\n<div class=\"box\" style=\"float: left;width: 33%;padding: 20px\"><\/div>\n<div class=\"box\" style=\"float: left;width: 33%;padding: 20px\"><\/div>\n<\/div>\n<div style=\"clear: both\"><\/div>\n","protected":false},"excerpt":{"rendered":"<p>Cepa varietal con alto contenido de alcohol (17% o m\u00e1s) y alto rendimiento alcoh\u00f3lico. Criof\u00edlica, no espumante. Debido a su&hellip;<\/p>\n","protected":false},"featured_media":8390,"template":"","meta":{"_cloudinary_featured_overwrite":false},"product_brand":[],"product_cat":[163],"product_tag":[],"class_list":{"0":"post-5940","1":"product","2":"type-product","3":"status-publish","4":"has-post-thumbnail","6":"product_cat-levaduras","8":"first","9":"instock","10":"shipping-taxable","11":"product-type-simple","12":"layout-style-1","13":"col-md-4 col-sm-4 col-xs-6","14":"col-lg-3","15":"product-style-slider"},"yoast_head":"<!-- This site is optimized with the Yoast SEO plugin v25.9 - https:\/\/yoast.com\/wordpress\/plugins\/seo\/ -->\n<title>PDM | Saccharomyces cerevisiae r.f. bayanus - Experti<\/title>\n<meta name=\"robots\" content=\"index, follow, max-snippet:-1, max-image-preview:large, max-video-preview:-1\" \/>\n<link rel=\"canonical\" href=\"https:\/\/experti.it\/es\/prodotto\/pdm-saccharomyces-cerevisiae-r-f-bayanus\/\" \/>\n<meta property=\"og:locale\" content=\"es_ES\" \/>\n<meta property=\"og:type\" content=\"article\" \/>\n<meta property=\"og:title\" content=\"PDM | Saccharomyces cerevisiae r.f. bayanus - Experti\" \/>\n<meta property=\"og:description\" content=\"Cepa varietal con alto contenido de alcohol (17% o m\u00e1s) y alto rendimiento alcoh\u00f3lico. Criof\u00edlica, no espumante. Debido a su&hellip;\" \/>\n<meta property=\"og:url\" content=\"https:\/\/experti.it\/es\/prodotto\/pdm-saccharomyces-cerevisiae-r-f-bayanus\/\" \/>\n<meta property=\"og:site_name\" content=\"Experti\" \/>\n<meta property=\"article:publisher\" content=\"https:\/\/www.facebook.com\/www.experti.it\/\" \/>\n<meta property=\"og:image\" content=\"https:\/\/res.cloudinary.com\/dso9cfgr2\/images\/f_auto,q_auto\/v1738667700\/PDM_28040b282\/PDM_28040b282.?_i=AA\" \/>\n\t<meta property=\"og:image:width\" content=\"413\" \/>\n\t<meta property=\"og:image:height\" content=\"413\" \/>\n\t<meta property=\"og:image:type\" content=\"image\/jpeg\" \/>\n<meta name=\"twitter:card\" content=\"summary_large_image\" \/>\n<meta name=\"twitter:label1\" content=\"Tiempo de lectura\" \/>\n\t<meta name=\"twitter:data1\" content=\"1 minuto\" \/>\n<script type=\"application\/ld+json\" class=\"yoast-schema-graph\">{\"@context\":\"https:\/\/schema.org\",\"@graph\":[{\"@type\":\"WebPage\",\"@id\":\"https:\/\/experti.it\/es\/prodotto\/pdm-saccharomyces-cerevisiae-r-f-bayanus\/\",\"url\":\"https:\/\/experti.it\/es\/prodotto\/pdm-saccharomyces-cerevisiae-r-f-bayanus\/\",\"name\":\"PDM | Saccharomyces cerevisiae r.f. bayanus - Experti\",\"isPartOf\":{\"@id\":\"https:\/\/experti.it\/es\/#website\"},\"primaryImageOfPage\":{\"@id\":\"https:\/\/experti.it\/es\/prodotto\/pdm-saccharomyces-cerevisiae-r-f-bayanus\/#primaryimage\"},\"image\":{\"@id\":\"https:\/\/experti.it\/es\/prodotto\/pdm-saccharomyces-cerevisiae-r-f-bayanus\/#primaryimage\"},\"thumbnailUrl\":\"https:\/\/experti.it\/wp-content\/uploads\/2025\/01\/PDM.png\",\"datePublished\":\"2025-01-27T20:31:46+00:00\",\"breadcrumb\":{\"@id\":\"https:\/\/experti.it\/es\/prodotto\/pdm-saccharomyces-cerevisiae-r-f-bayanus\/#breadcrumb\"},\"inLanguage\":\"es\",\"potentialAction\":[{\"@type\":\"ReadAction\",\"target\":[\"https:\/\/experti.it\/es\/prodotto\/pdm-saccharomyces-cerevisiae-r-f-bayanus\/\"]}]},{\"@type\":\"ImageObject\",\"inLanguage\":\"es\",\"@id\":\"https:\/\/experti.it\/es\/prodotto\/pdm-saccharomyces-cerevisiae-r-f-bayanus\/#primaryimage\",\"url\":\"https:\/\/experti.it\/wp-content\/uploads\/2025\/01\/PDM.png\",\"contentUrl\":\"https:\/\/experti.it\/wp-content\/uploads\/2025\/01\/PDM.png\",\"width\":1125,\"height\":1124},{\"@type\":\"BreadcrumbList\",\"@id\":\"https:\/\/experti.it\/es\/prodotto\/pdm-saccharomyces-cerevisiae-r-f-bayanus\/#breadcrumb\",\"itemListElement\":[{\"@type\":\"ListItem\",\"position\":1,\"name\":\"Home\",\"item\":\"https:\/\/experti.it\/es\/\"},{\"@type\":\"ListItem\",\"position\":2,\"name\":\"Productos\",\"item\":\"https:\/\/experti.it\/es\/tienda\/\"},{\"@type\":\"ListItem\",\"position\":3,\"name\":\"PDM | Saccharomyces cerevisiae r.f. bayanus\"}]},{\"@type\":\"WebSite\",\"@id\":\"https:\/\/experti.it\/es\/#website\",\"url\":\"https:\/\/experti.it\/es\/\",\"name\":\"Experti\",\"description\":\"Enologia, tecnologia e innovazione\",\"publisher\":{\"@id\":\"https:\/\/experti.it\/es\/#organization\"},\"potentialAction\":[{\"@type\":\"SearchAction\",\"target\":{\"@type\":\"EntryPoint\",\"urlTemplate\":\"https:\/\/experti.it\/es\/?s={search_term_string}\"},\"query-input\":{\"@type\":\"PropertyValueSpecification\",\"valueRequired\":true,\"valueName\":\"search_term_string\"}}],\"inLanguage\":\"es\"},{\"@type\":\"Organization\",\"@id\":\"https:\/\/experti.it\/es\/#organization\",\"name\":\"Experti\",\"url\":\"https:\/\/experti.it\/es\/\",\"logo\":{\"@type\":\"ImageObject\",\"inLanguage\":\"es\",\"@id\":\"https:\/\/experti.it\/es\/#\/schema\/logo\/image\/\",\"url\":\"https:\/\/experti.it\/wp-content\/uploads\/2025\/01\/EXPERTI-LOGO-web.png\",\"contentUrl\":\"https:\/\/experti.it\/wp-content\/uploads\/2025\/01\/EXPERTI-LOGO-web.png\",\"width\":484,\"height\":210,\"caption\":\"Experti\"},\"image\":{\"@id\":\"https:\/\/experti.it\/es\/#\/schema\/logo\/image\/\"},\"sameAs\":[\"https:\/\/www.facebook.com\/www.experti.it\/\",\"http:\/\/www.instagram.com\/experti.it\"]}]}<\/script>\n<!-- \/ Yoast SEO plugin. -->","yoast_head_json":{"title":"PDM | Saccharomyces cerevisiae r.f. bayanus - Experti","robots":{"index":"index","follow":"follow","max-snippet":"max-snippet:-1","max-image-preview":"max-image-preview:large","max-video-preview":"max-video-preview:-1"},"canonical":"https:\/\/experti.it\/es\/prodotto\/pdm-saccharomyces-cerevisiae-r-f-bayanus\/","og_locale":"es_ES","og_type":"article","og_title":"PDM | Saccharomyces cerevisiae r.f. bayanus - Experti","og_description":"Cepa varietal con alto contenido de alcohol (17% o m\u00e1s) y alto rendimiento alcoh\u00f3lico. Criof\u00edlica, no espumante. Debido a su&hellip;","og_url":"https:\/\/experti.it\/es\/prodotto\/pdm-saccharomyces-cerevisiae-r-f-bayanus\/","og_site_name":"Experti","article_publisher":"https:\/\/www.facebook.com\/www.experti.it\/","og_image":[{"width":413,"height":413,"url":"https:\/\/res.cloudinary.com\/dso9cfgr2\/images\/f_auto,q_auto\/v1738667700\/PDM_28040b282\/PDM_28040b282.?_i=AA","type":"image\/jpeg"}],"twitter_card":"summary_large_image","twitter_misc":{"Tiempo de lectura":"1 minuto"},"schema":{"@context":"https:\/\/schema.org","@graph":[{"@type":"WebPage","@id":"https:\/\/experti.it\/es\/prodotto\/pdm-saccharomyces-cerevisiae-r-f-bayanus\/","url":"https:\/\/experti.it\/es\/prodotto\/pdm-saccharomyces-cerevisiae-r-f-bayanus\/","name":"PDM | Saccharomyces cerevisiae r.f. bayanus - Experti","isPartOf":{"@id":"https:\/\/experti.it\/es\/#website"},"primaryImageOfPage":{"@id":"https:\/\/experti.it\/es\/prodotto\/pdm-saccharomyces-cerevisiae-r-f-bayanus\/#primaryimage"},"image":{"@id":"https:\/\/experti.it\/es\/prodotto\/pdm-saccharomyces-cerevisiae-r-f-bayanus\/#primaryimage"},"thumbnailUrl":"https:\/\/experti.it\/wp-content\/uploads\/2025\/01\/PDM.png","datePublished":"2025-01-27T20:31:46+00:00","breadcrumb":{"@id":"https:\/\/experti.it\/es\/prodotto\/pdm-saccharomyces-cerevisiae-r-f-bayanus\/#breadcrumb"},"inLanguage":"es","potentialAction":[{"@type":"ReadAction","target":["https:\/\/experti.it\/es\/prodotto\/pdm-saccharomyces-cerevisiae-r-f-bayanus\/"]}]},{"@type":"ImageObject","inLanguage":"es","@id":"https:\/\/experti.it\/es\/prodotto\/pdm-saccharomyces-cerevisiae-r-f-bayanus\/#primaryimage","url":"https:\/\/experti.it\/wp-content\/uploads\/2025\/01\/PDM.png","contentUrl":"https:\/\/experti.it\/wp-content\/uploads\/2025\/01\/PDM.png","width":1125,"height":1124},{"@type":"BreadcrumbList","@id":"https:\/\/experti.it\/es\/prodotto\/pdm-saccharomyces-cerevisiae-r-f-bayanus\/#breadcrumb","itemListElement":[{"@type":"ListItem","position":1,"name":"Home","item":"https:\/\/experti.it\/es\/"},{"@type":"ListItem","position":2,"name":"Productos","item":"https:\/\/experti.it\/es\/tienda\/"},{"@type":"ListItem","position":3,"name":"PDM | Saccharomyces cerevisiae r.f. bayanus"}]},{"@type":"WebSite","@id":"https:\/\/experti.it\/es\/#website","url":"https:\/\/experti.it\/es\/","name":"Experti","description":"Enologia, tecnologia e innovazione","publisher":{"@id":"https:\/\/experti.it\/es\/#organization"},"potentialAction":[{"@type":"SearchAction","target":{"@type":"EntryPoint","urlTemplate":"https:\/\/experti.it\/es\/?s={search_term_string}"},"query-input":{"@type":"PropertyValueSpecification","valueRequired":true,"valueName":"search_term_string"}}],"inLanguage":"es"},{"@type":"Organization","@id":"https:\/\/experti.it\/es\/#organization","name":"Experti","url":"https:\/\/experti.it\/es\/","logo":{"@type":"ImageObject","inLanguage":"es","@id":"https:\/\/experti.it\/es\/#\/schema\/logo\/image\/","url":"https:\/\/experti.it\/wp-content\/uploads\/2025\/01\/EXPERTI-LOGO-web.png","contentUrl":"https:\/\/experti.it\/wp-content\/uploads\/2025\/01\/EXPERTI-LOGO-web.png","width":484,"height":210,"caption":"Experti"},"image":{"@id":"https:\/\/experti.it\/es\/#\/schema\/logo\/image\/"},"sameAs":["https:\/\/www.facebook.com\/www.experti.it\/","http:\/\/www.instagram.com\/experti.it"]}]}},"_links":{"self":[{"href":"https:\/\/experti.it\/es\/wp-json\/wp\/v2\/product\/5940","targetHints":{"allow":["GET"]}}],"collection":[{"href":"https:\/\/experti.it\/es\/wp-json\/wp\/v2\/product"}],"about":[{"href":"https:\/\/experti.it\/es\/wp-json\/wp\/v2\/types\/product"}],"wp:featuredmedia":[{"embeddable":true,"href":"https:\/\/experti.it\/es\/wp-json\/wp\/v2\/media\/8390"}],"wp:attachment":[{"href":"https:\/\/experti.it\/es\/wp-json\/wp\/v2\/media?parent=5940"}],"wp:term":[{"taxonomy":"product_brand","embeddable":true,"href":"https:\/\/experti.it\/es\/wp-json\/wp\/v2\/product_brand?post=5940"},{"taxonomy":"product_cat","embeddable":true,"href":"https:\/\/experti.it\/es\/wp-json\/wp\/v2\/product_cat?post=5940"},{"taxonomy":"product_tag","embeddable":true,"href":"https:\/\/experti.it\/es\/wp-json\/wp\/v2\/product_tag?post=5940"}],"curies":[{"name":"wp","href":"https:\/\/api.w.org\/{rel}","templated":true}]}}