{"id":5946,"date":"2025-01-27T21:31:20","date_gmt":"2025-01-27T20:31:20","guid":{"rendered":"https:\/\/stg.experti.it\/prodotto\/clarificar-tc\/"},"modified":"2025-11-17T14:08:07","modified_gmt":"2025-11-17T13:08:07","slug":"clarificar-tc","status":"publish","type":"product","link":"https:\/\/experti.it\/es\/prodotto\/clarificar-tc\/","title":{"rendered":"CLARIFICAR CT"},"content":{"rendered":"<p>Coadyuvante espec\u00edfico para la clarificaci\u00f3n y estabilizaci\u00f3n de vinos tintos y rosados. Act\u00faa con un efecto adsorbente hacia numerosas mol\u00e9culas responsables de defectos olfativos. Reduce la sensaci\u00f3n amarga en boca. Mejora la estabilidad proteica y la filtrabilidad, creando un sedimento compacto. No aporta al\u00e9rgenos al vino tratado.<\/p>\n<p>Envase: 1 kg<\/p>\n<p>Los clarificantes naturales de la gama CLARIFY son productos innovadores a base de prote\u00ednas de guisante y patata, totalmente naturales y sin al\u00e9rgenos, para la elaboraci\u00f3n de vinos con bajo contenido en sulfitos y al\u00e9rgenos.<br \/>\nLa gama CLARIFY es una excelente alternativa a los clarificantes alerg\u00e9nicos de mostos y vinos utilizados hasta ahora: case\u00edna y alb\u00famina in primis.<\/p>\n<p>Los objetivos \u00faltimos son: la m\u00e1xima salubridad del vino, la expresi\u00f3n de la combinaci\u00f3n pura de variedad de uva y terru\u00f1o, y el uso responsable y sostenible de la tecnolog\u00eda como herramienta para conseguir los resultados.<\/p>\n<div style=\"clear: both;\"><\/div>\n<hr \/>\n<div id=\"features\">\n<div class=\"box\" style=\"float: left; width: 33%; padding: 20px;\"><\/div>\n<div class=\"box\" style=\"float: left; width: 33%; padding: 20px;\"><\/div>\n<\/div>\n<div style=\"clear: both;\"><\/div>\n","protected":false},"excerpt":{"rendered":"<p>Coadyuvante espec\u00edfico para la clarificaci\u00f3n y estabilizaci\u00f3n de vinos tintos y rosados. Act\u00faa con un efecto adsorbente hacia numerosas mol\u00e9culas&hellip;<\/p>\n","protected":false},"featured_media":8517,"template":"","meta":{"_cloudinary_featured_overwrite":false},"product_brand":[],"product_cat":[165],"product_tag":[],"class_list":{"0":"post-5946","1":"product","2":"type-product","3":"status-publish","4":"has-post-thumbnail","6":"product_cat-clarificadores","8":"first","9":"instock","10":"shipping-taxable","11":"product-type-simple","12":"layout-style-1","13":"col-md-4 col-sm-4 col-xs-6","14":"col-lg-3","15":"product-style-slider"},"yoast_head":"<!-- This site is optimized with the Yoast SEO plugin v25.9 - https:\/\/yoast.com\/wordpress\/plugins\/seo\/ -->\n<title>CLARIFICAR CT - Experti<\/title>\n<meta name=\"description\" content=\"Coadyuvante espec\u00edfico para la clarificaci\u00f3n y estabilizaci\u00f3n de vinos tintos y rosados. Act\u00faa con un efecto adsorbente hacia numerosas mol\u00e9culas responsables de defectos olfativos.\" \/>\n<meta name=\"robots\" content=\"index, follow, max-snippet:-1, max-image-preview:large, max-video-preview:-1\" \/>\n<link rel=\"canonical\" href=\"https:\/\/experti.it\/es\/prodotto\/clarificar-tc\/\" \/>\n<meta property=\"og:locale\" content=\"es_ES\" \/>\n<meta property=\"og:type\" content=\"article\" \/>\n<meta property=\"og:title\" content=\"CLARIFICAR CT - Experti\" \/>\n<meta property=\"og:description\" content=\"Coadyuvante espec\u00edfico para la clarificaci\u00f3n y estabilizaci\u00f3n de vinos tintos y rosados. Act\u00faa con un efecto adsorbente hacia numerosas mol\u00e9culas responsables de defectos olfativos.\" \/>\n<meta property=\"og:url\" content=\"https:\/\/experti.it\/es\/prodotto\/clarificar-tc\/\" \/>\n<meta property=\"og:site_name\" content=\"Experti\" \/>\n<meta property=\"article:publisher\" content=\"https:\/\/www.facebook.com\/www.experti.it\/\" \/>\n<meta property=\"article:modified_time\" content=\"2025-11-17T13:08:07+00:00\" \/>\n<meta property=\"og:image\" content=\"https:\/\/experti.it\/wp-content\/uploads\/2025\/01\/CLARIFY-CT.png\" \/>\n\t<meta property=\"og:image:width\" content=\"1125\" \/>\n\t<meta property=\"og:image:height\" content=\"1124\" \/>\n\t<meta property=\"og:image:type\" content=\"image\/png\" \/>\n<meta name=\"twitter:card\" content=\"summary_large_image\" \/>\n<meta name=\"twitter:label1\" content=\"Tiempo de lectura\" \/>\n\t<meta name=\"twitter:data1\" content=\"1 minuto\" \/>\n<script type=\"application\/ld+json\" class=\"yoast-schema-graph\">{\"@context\":\"https:\/\/schema.org\",\"@graph\":[{\"@type\":\"WebPage\",\"@id\":\"https:\/\/experti.it\/es\/prodotto\/clarificar-tc\/\",\"url\":\"https:\/\/experti.it\/es\/prodotto\/clarificar-tc\/\",\"name\":\"CLARIFICAR CT - Experti\",\"isPartOf\":{\"@id\":\"https:\/\/experti.it\/es\/#website\"},\"primaryImageOfPage\":{\"@id\":\"https:\/\/experti.it\/es\/prodotto\/clarificar-tc\/#primaryimage\"},\"image\":{\"@id\":\"https:\/\/experti.it\/es\/prodotto\/clarificar-tc\/#primaryimage\"},\"thumbnailUrl\":\"https:\/\/experti.it\/wp-content\/uploads\/2025\/01\/CLARIFY-CT.png\",\"datePublished\":\"2025-01-27T20:31:20+00:00\",\"dateModified\":\"2025-11-17T13:08:07+00:00\",\"description\":\"Coadyuvante espec\u00edfico para la clarificaci\u00f3n y estabilizaci\u00f3n de vinos tintos y rosados. Act\u00faa con un efecto adsorbente hacia numerosas mol\u00e9culas responsables de defectos olfativos.\",\"breadcrumb\":{\"@id\":\"https:\/\/experti.it\/es\/prodotto\/clarificar-tc\/#breadcrumb\"},\"inLanguage\":\"es\",\"potentialAction\":[{\"@type\":\"ReadAction\",\"target\":[\"https:\/\/experti.it\/es\/prodotto\/clarificar-tc\/\"]}]},{\"@type\":\"ImageObject\",\"inLanguage\":\"es\",\"@id\":\"https:\/\/experti.it\/es\/prodotto\/clarificar-tc\/#primaryimage\",\"url\":\"https:\/\/experti.it\/wp-content\/uploads\/2025\/01\/CLARIFY-CT.png\",\"contentUrl\":\"https:\/\/experti.it\/wp-content\/uploads\/2025\/01\/CLARIFY-CT.png\",\"width\":1125,\"height\":1124},{\"@type\":\"BreadcrumbList\",\"@id\":\"https:\/\/experti.it\/es\/prodotto\/clarificar-tc\/#breadcrumb\",\"itemListElement\":[{\"@type\":\"ListItem\",\"position\":1,\"name\":\"Home\",\"item\":\"https:\/\/experti.it\/es\/\"},{\"@type\":\"ListItem\",\"position\":2,\"name\":\"Productos\",\"item\":\"https:\/\/experti.it\/es\/tienda\/\"},{\"@type\":\"ListItem\",\"position\":3,\"name\":\"Biotecnolog\u00eda\",\"item\":\"https:\/\/experti.it\/es\/categoria-de-producto\/biotecnologia\/\"},{\"@type\":\"ListItem\",\"position\":4,\"name\":\"Clarificadores\",\"item\":\"https:\/\/experti.it\/es\/categoria-de-producto\/biotecnologia\/clarificadores\/\"},{\"@type\":\"ListItem\",\"position\":5,\"name\":\"CLARIFICAR CT\"}]},{\"@type\":\"WebSite\",\"@id\":\"https:\/\/experti.it\/es\/#website\",\"url\":\"https:\/\/experti.it\/es\/\",\"name\":\"Experti\",\"description\":\"Enologia, tecnologia e innovazione\",\"publisher\":{\"@id\":\"https:\/\/experti.it\/es\/#organization\"},\"potentialAction\":[{\"@type\":\"SearchAction\",\"target\":{\"@type\":\"EntryPoint\",\"urlTemplate\":\"https:\/\/experti.it\/es\/?s={search_term_string}\"},\"query-input\":{\"@type\":\"PropertyValueSpecification\",\"valueRequired\":true,\"valueName\":\"search_term_string\"}}],\"inLanguage\":\"es\"},{\"@type\":\"Organization\",\"@id\":\"https:\/\/experti.it\/es\/#organization\",\"name\":\"Experti\",\"url\":\"https:\/\/experti.it\/es\/\",\"logo\":{\"@type\":\"ImageObject\",\"inLanguage\":\"es\",\"@id\":\"https:\/\/experti.it\/es\/#\/schema\/logo\/image\/\",\"url\":\"https:\/\/experti.it\/wp-content\/uploads\/2025\/01\/EXPERTI-LOGO-web.png\",\"contentUrl\":\"https:\/\/experti.it\/wp-content\/uploads\/2025\/01\/EXPERTI-LOGO-web.png\",\"width\":484,\"height\":210,\"caption\":\"Experti\"},\"image\":{\"@id\":\"https:\/\/experti.it\/es\/#\/schema\/logo\/image\/\"},\"sameAs\":[\"https:\/\/www.facebook.com\/www.experti.it\/\",\"http:\/\/www.instagram.com\/experti.it\"]}]}<\/script>\n<!-- \/ Yoast SEO plugin. -->","yoast_head_json":{"title":"CLARIFICAR CT - Experti","description":"Coadyuvante espec\u00edfico para la clarificaci\u00f3n y estabilizaci\u00f3n de vinos tintos y rosados. Act\u00faa con un efecto adsorbente hacia numerosas mol\u00e9culas responsables de defectos olfativos.","robots":{"index":"index","follow":"follow","max-snippet":"max-snippet:-1","max-image-preview":"max-image-preview:large","max-video-preview":"max-video-preview:-1"},"canonical":"https:\/\/experti.it\/es\/prodotto\/clarificar-tc\/","og_locale":"es_ES","og_type":"article","og_title":"CLARIFICAR CT - Experti","og_description":"Coadyuvante espec\u00edfico para la clarificaci\u00f3n y estabilizaci\u00f3n de vinos tintos y rosados. Act\u00faa con un efecto adsorbente hacia numerosas mol\u00e9culas responsables de defectos olfativos.","og_url":"https:\/\/experti.it\/es\/prodotto\/clarificar-tc\/","og_site_name":"Experti","article_publisher":"https:\/\/www.facebook.com\/www.experti.it\/","article_modified_time":"2025-11-17T13:08:07+00:00","og_image":[{"width":1125,"height":1124,"url":"https:\/\/experti.it\/wp-content\/uploads\/2025\/01\/CLARIFY-CT.png","type":"image\/png"}],"twitter_card":"summary_large_image","twitter_misc":{"Tiempo de lectura":"1 minuto"},"schema":{"@context":"https:\/\/schema.org","@graph":[{"@type":"WebPage","@id":"https:\/\/experti.it\/es\/prodotto\/clarificar-tc\/","url":"https:\/\/experti.it\/es\/prodotto\/clarificar-tc\/","name":"CLARIFICAR CT - Experti","isPartOf":{"@id":"https:\/\/experti.it\/es\/#website"},"primaryImageOfPage":{"@id":"https:\/\/experti.it\/es\/prodotto\/clarificar-tc\/#primaryimage"},"image":{"@id":"https:\/\/experti.it\/es\/prodotto\/clarificar-tc\/#primaryimage"},"thumbnailUrl":"https:\/\/experti.it\/wp-content\/uploads\/2025\/01\/CLARIFY-CT.png","datePublished":"2025-01-27T20:31:20+00:00","dateModified":"2025-11-17T13:08:07+00:00","description":"Coadyuvante espec\u00edfico para la clarificaci\u00f3n y estabilizaci\u00f3n de vinos tintos y rosados. Act\u00faa con un efecto adsorbente hacia numerosas mol\u00e9culas responsables de defectos olfativos.","breadcrumb":{"@id":"https:\/\/experti.it\/es\/prodotto\/clarificar-tc\/#breadcrumb"},"inLanguage":"es","potentialAction":[{"@type":"ReadAction","target":["https:\/\/experti.it\/es\/prodotto\/clarificar-tc\/"]}]},{"@type":"ImageObject","inLanguage":"es","@id":"https:\/\/experti.it\/es\/prodotto\/clarificar-tc\/#primaryimage","url":"https:\/\/experti.it\/wp-content\/uploads\/2025\/01\/CLARIFY-CT.png","contentUrl":"https:\/\/experti.it\/wp-content\/uploads\/2025\/01\/CLARIFY-CT.png","width":1125,"height":1124},{"@type":"BreadcrumbList","@id":"https:\/\/experti.it\/es\/prodotto\/clarificar-tc\/#breadcrumb","itemListElement":[{"@type":"ListItem","position":1,"name":"Home","item":"https:\/\/experti.it\/es\/"},{"@type":"ListItem","position":2,"name":"Productos","item":"https:\/\/experti.it\/es\/tienda\/"},{"@type":"ListItem","position":3,"name":"Biotecnolog\u00eda","item":"https:\/\/experti.it\/es\/categoria-de-producto\/biotecnologia\/"},{"@type":"ListItem","position":4,"name":"Clarificadores","item":"https:\/\/experti.it\/es\/categoria-de-producto\/biotecnologia\/clarificadores\/"},{"@type":"ListItem","position":5,"name":"CLARIFICAR CT"}]},{"@type":"WebSite","@id":"https:\/\/experti.it\/es\/#website","url":"https:\/\/experti.it\/es\/","name":"Experti","description":"Enologia, tecnologia e innovazione","publisher":{"@id":"https:\/\/experti.it\/es\/#organization"},"potentialAction":[{"@type":"SearchAction","target":{"@type":"EntryPoint","urlTemplate":"https:\/\/experti.it\/es\/?s={search_term_string}"},"query-input":{"@type":"PropertyValueSpecification","valueRequired":true,"valueName":"search_term_string"}}],"inLanguage":"es"},{"@type":"Organization","@id":"https:\/\/experti.it\/es\/#organization","name":"Experti","url":"https:\/\/experti.it\/es\/","logo":{"@type":"ImageObject","inLanguage":"es","@id":"https:\/\/experti.it\/es\/#\/schema\/logo\/image\/","url":"https:\/\/experti.it\/wp-content\/uploads\/2025\/01\/EXPERTI-LOGO-web.png","contentUrl":"https:\/\/experti.it\/wp-content\/uploads\/2025\/01\/EXPERTI-LOGO-web.png","width":484,"height":210,"caption":"Experti"},"image":{"@id":"https:\/\/experti.it\/es\/#\/schema\/logo\/image\/"},"sameAs":["https:\/\/www.facebook.com\/www.experti.it\/","http:\/\/www.instagram.com\/experti.it"]}]}},"_links":{"self":[{"href":"https:\/\/experti.it\/es\/wp-json\/wp\/v2\/product\/5946","targetHints":{"allow":["GET"]}}],"collection":[{"href":"https:\/\/experti.it\/es\/wp-json\/wp\/v2\/product"}],"about":[{"href":"https:\/\/experti.it\/es\/wp-json\/wp\/v2\/types\/product"}],"wp:featuredmedia":[{"embeddable":true,"href":"https:\/\/experti.it\/es\/wp-json\/wp\/v2\/media\/8517"}],"wp:attachment":[{"href":"https:\/\/experti.it\/es\/wp-json\/wp\/v2\/media?parent=5946"}],"wp:term":[{"taxonomy":"product_brand","embeddable":true,"href":"https:\/\/experti.it\/es\/wp-json\/wp\/v2\/product_brand?post=5946"},{"taxonomy":"product_cat","embeddable":true,"href":"https:\/\/experti.it\/es\/wp-json\/wp\/v2\/product_cat?post=5946"},{"taxonomy":"product_tag","embeddable":true,"href":"https:\/\/experti.it\/es\/wp-json\/wp\/v2\/product_tag?post=5946"}],"curies":[{"name":"wp","href":"https:\/\/api.w.org\/{rel}","templated":true}]}}