{"id":5991,"date":"2025-01-27T21:30:53","date_gmt":"2025-01-27T20:30:53","guid":{"rendered":"https:\/\/stg.experti.it\/prodotto\/gelatina-pura-en-polvo\/"},"modified":"2025-11-19T14:45:24","modified_gmt":"2025-11-19T13:45:24","slug":"gelatina-pura-en-polvo","status":"publish","type":"product","link":"https:\/\/experti.it\/es\/prodotto\/gelatina-pura-en-polvo\/","title":{"rendered":"GELATINA PURA EN POLVO"},"content":{"rendered":"<p>Tiene un alto poder clarificante y una elevada carga superficial. Es especialmente adecuado para la clarificaci\u00f3n est\u00e1tica y la flotaci\u00f3n de mostos. Tambi\u00e9n se utiliza en la clarificaci\u00f3n para la eliminaci\u00f3n de taninos astringentes en vinos tintos estructurados. En la clarificaci\u00f3n de vinos blancos, se recomienda su uso en combinaci\u00f3n con tanino (Fixtan SV) para evitar fen\u00f3menos de sobrecolaje.<\/p>\n<p>Envases: 1 kg &#8211; 25 kg<\/p>\n<div style=\"clear: both;\"><\/div>\n<hr \/>\n<div id=\"features\">\n<div class=\"box\" style=\"float: left; width: 33%; padding: 20px;\"><\/div>\n<div class=\"box\" style=\"float: left; width: 33%; padding: 20px;\"><\/div>\n<\/div>\n<div style=\"clear: both;\"><\/div>\n","protected":false},"excerpt":{"rendered":"<p>Tiene un alto poder clarificante y una elevada carga superficial. Es especialmente adecuado para la clarificaci\u00f3n est\u00e1tica y la flotaci\u00f3n&hellip;<\/p>\n","protected":false},"featured_media":8629,"template":"","meta":{"_cloudinary_featured_overwrite":false},"product_brand":[],"product_cat":[165],"product_tag":[],"class_list":{"0":"post-5991","1":"product","2":"type-product","3":"status-publish","4":"has-post-thumbnail","6":"product_cat-clarificadores","8":"first","9":"instock","10":"shipping-taxable","11":"product-type-simple","12":"layout-style-1","13":"col-md-4 col-sm-4 col-xs-6","14":"col-lg-3","15":"product-style-slider"},"yoast_head":"<!-- This site is optimized with the Yoast SEO plugin v25.9 - https:\/\/yoast.com\/wordpress\/plugins\/seo\/ -->\n<title>GELATINA PURA EN POLVO - Experti<\/title>\n<meta name=\"robots\" content=\"index, follow, max-snippet:-1, max-image-preview:large, max-video-preview:-1\" \/>\n<link rel=\"canonical\" href=\"https:\/\/experti.it\/es\/prodotto\/gelatina-pura-en-polvo\/\" \/>\n<meta property=\"og:locale\" content=\"es_ES\" \/>\n<meta property=\"og:type\" content=\"article\" \/>\n<meta property=\"og:title\" content=\"GELATINA PURA EN POLVO - Experti\" \/>\n<meta property=\"og:description\" content=\"Tiene un alto poder clarificante y una elevada carga superficial. Es especialmente adecuado para la clarificaci\u00f3n est\u00e1tica y la flotaci\u00f3n&hellip;\" \/>\n<meta property=\"og:url\" content=\"https:\/\/experti.it\/es\/prodotto\/gelatina-pura-en-polvo\/\" \/>\n<meta property=\"og:site_name\" content=\"Experti\" \/>\n<meta property=\"article:publisher\" content=\"https:\/\/www.facebook.com\/www.experti.it\/\" \/>\n<meta property=\"article:modified_time\" content=\"2025-11-19T13:45:24+00:00\" \/>\n<meta property=\"og:image\" content=\"https:\/\/experti.it\/wp-content\/uploads\/2025\/01\/GELATINA-PURA-IN-POLVERE.png\" \/>\n\t<meta property=\"og:image:width\" content=\"1125\" \/>\n\t<meta property=\"og:image:height\" content=\"1124\" \/>\n\t<meta property=\"og:image:type\" content=\"image\/png\" \/>\n<meta name=\"twitter:card\" content=\"summary_large_image\" \/>\n<meta name=\"twitter:label1\" content=\"Tiempo de lectura\" \/>\n\t<meta name=\"twitter:data1\" content=\"1 minuto\" \/>\n<script type=\"application\/ld+json\" class=\"yoast-schema-graph\">{\"@context\":\"https:\/\/schema.org\",\"@graph\":[{\"@type\":\"WebPage\",\"@id\":\"https:\/\/experti.it\/es\/prodotto\/gelatina-pura-en-polvo\/\",\"url\":\"https:\/\/experti.it\/es\/prodotto\/gelatina-pura-en-polvo\/\",\"name\":\"GELATINA PURA EN POLVO - Experti\",\"isPartOf\":{\"@id\":\"https:\/\/experti.it\/es\/#website\"},\"primaryImageOfPage\":{\"@id\":\"https:\/\/experti.it\/es\/prodotto\/gelatina-pura-en-polvo\/#primaryimage\"},\"image\":{\"@id\":\"https:\/\/experti.it\/es\/prodotto\/gelatina-pura-en-polvo\/#primaryimage\"},\"thumbnailUrl\":\"https:\/\/experti.it\/wp-content\/uploads\/2025\/01\/GELATINA-PURA-IN-POLVERE.png\",\"datePublished\":\"2025-01-27T20:30:53+00:00\",\"dateModified\":\"2025-11-19T13:45:24+00:00\",\"breadcrumb\":{\"@id\":\"https:\/\/experti.it\/es\/prodotto\/gelatina-pura-en-polvo\/#breadcrumb\"},\"inLanguage\":\"es\",\"potentialAction\":[{\"@type\":\"ReadAction\",\"target\":[\"https:\/\/experti.it\/es\/prodotto\/gelatina-pura-en-polvo\/\"]}]},{\"@type\":\"ImageObject\",\"inLanguage\":\"es\",\"@id\":\"https:\/\/experti.it\/es\/prodotto\/gelatina-pura-en-polvo\/#primaryimage\",\"url\":\"https:\/\/experti.it\/wp-content\/uploads\/2025\/01\/GELATINA-PURA-IN-POLVERE.png\",\"contentUrl\":\"https:\/\/experti.it\/wp-content\/uploads\/2025\/01\/GELATINA-PURA-IN-POLVERE.png\",\"width\":1125,\"height\":1124},{\"@type\":\"BreadcrumbList\",\"@id\":\"https:\/\/experti.it\/es\/prodotto\/gelatina-pura-en-polvo\/#breadcrumb\",\"itemListElement\":[{\"@type\":\"ListItem\",\"position\":1,\"name\":\"Home\",\"item\":\"https:\/\/experti.it\/es\/\"},{\"@type\":\"ListItem\",\"position\":2,\"name\":\"Productos\",\"item\":\"https:\/\/experti.it\/es\/tienda\/\"},{\"@type\":\"ListItem\",\"position\":3,\"name\":\"Biotecnolog\u00eda\",\"item\":\"https:\/\/experti.it\/es\/categoria-de-producto\/biotecnologia\/\"},{\"@type\":\"ListItem\",\"position\":4,\"name\":\"Clarificadores\",\"item\":\"https:\/\/experti.it\/es\/categoria-de-producto\/biotecnologia\/clarificadores\/\"},{\"@type\":\"ListItem\",\"position\":5,\"name\":\"GELATINA PURA EN POLVO\"}]},{\"@type\":\"WebSite\",\"@id\":\"https:\/\/experti.it\/es\/#website\",\"url\":\"https:\/\/experti.it\/es\/\",\"name\":\"Experti\",\"description\":\"Enologia, tecnologia e innovazione\",\"publisher\":{\"@id\":\"https:\/\/experti.it\/es\/#organization\"},\"potentialAction\":[{\"@type\":\"SearchAction\",\"target\":{\"@type\":\"EntryPoint\",\"urlTemplate\":\"https:\/\/experti.it\/es\/?s={search_term_string}\"},\"query-input\":{\"@type\":\"PropertyValueSpecification\",\"valueRequired\":true,\"valueName\":\"search_term_string\"}}],\"inLanguage\":\"es\"},{\"@type\":\"Organization\",\"@id\":\"https:\/\/experti.it\/es\/#organization\",\"name\":\"Experti\",\"url\":\"https:\/\/experti.it\/es\/\",\"logo\":{\"@type\":\"ImageObject\",\"inLanguage\":\"es\",\"@id\":\"https:\/\/experti.it\/es\/#\/schema\/logo\/image\/\",\"url\":\"https:\/\/experti.it\/wp-content\/uploads\/2025\/01\/EXPERTI-LOGO-web.png\",\"contentUrl\":\"https:\/\/experti.it\/wp-content\/uploads\/2025\/01\/EXPERTI-LOGO-web.png\",\"width\":484,\"height\":210,\"caption\":\"Experti\"},\"image\":{\"@id\":\"https:\/\/experti.it\/es\/#\/schema\/logo\/image\/\"},\"sameAs\":[\"https:\/\/www.facebook.com\/www.experti.it\/\",\"http:\/\/www.instagram.com\/experti.it\"]}]}<\/script>\n<!-- \/ Yoast SEO plugin. -->","yoast_head_json":{"title":"GELATINA PURA EN POLVO - Experti","robots":{"index":"index","follow":"follow","max-snippet":"max-snippet:-1","max-image-preview":"max-image-preview:large","max-video-preview":"max-video-preview:-1"},"canonical":"https:\/\/experti.it\/es\/prodotto\/gelatina-pura-en-polvo\/","og_locale":"es_ES","og_type":"article","og_title":"GELATINA PURA EN POLVO - Experti","og_description":"Tiene un alto poder clarificante y una elevada carga superficial. Es especialmente adecuado para la clarificaci\u00f3n est\u00e1tica y la flotaci\u00f3n&hellip;","og_url":"https:\/\/experti.it\/es\/prodotto\/gelatina-pura-en-polvo\/","og_site_name":"Experti","article_publisher":"https:\/\/www.facebook.com\/www.experti.it\/","article_modified_time":"2025-11-19T13:45:24+00:00","og_image":[{"width":1125,"height":1124,"url":"https:\/\/experti.it\/wp-content\/uploads\/2025\/01\/GELATINA-PURA-IN-POLVERE.png","type":"image\/png"}],"twitter_card":"summary_large_image","twitter_misc":{"Tiempo de lectura":"1 minuto"},"schema":{"@context":"https:\/\/schema.org","@graph":[{"@type":"WebPage","@id":"https:\/\/experti.it\/es\/prodotto\/gelatina-pura-en-polvo\/","url":"https:\/\/experti.it\/es\/prodotto\/gelatina-pura-en-polvo\/","name":"GELATINA PURA EN POLVO - Experti","isPartOf":{"@id":"https:\/\/experti.it\/es\/#website"},"primaryImageOfPage":{"@id":"https:\/\/experti.it\/es\/prodotto\/gelatina-pura-en-polvo\/#primaryimage"},"image":{"@id":"https:\/\/experti.it\/es\/prodotto\/gelatina-pura-en-polvo\/#primaryimage"},"thumbnailUrl":"https:\/\/experti.it\/wp-content\/uploads\/2025\/01\/GELATINA-PURA-IN-POLVERE.png","datePublished":"2025-01-27T20:30:53+00:00","dateModified":"2025-11-19T13:45:24+00:00","breadcrumb":{"@id":"https:\/\/experti.it\/es\/prodotto\/gelatina-pura-en-polvo\/#breadcrumb"},"inLanguage":"es","potentialAction":[{"@type":"ReadAction","target":["https:\/\/experti.it\/es\/prodotto\/gelatina-pura-en-polvo\/"]}]},{"@type":"ImageObject","inLanguage":"es","@id":"https:\/\/experti.it\/es\/prodotto\/gelatina-pura-en-polvo\/#primaryimage","url":"https:\/\/experti.it\/wp-content\/uploads\/2025\/01\/GELATINA-PURA-IN-POLVERE.png","contentUrl":"https:\/\/experti.it\/wp-content\/uploads\/2025\/01\/GELATINA-PURA-IN-POLVERE.png","width":1125,"height":1124},{"@type":"BreadcrumbList","@id":"https:\/\/experti.it\/es\/prodotto\/gelatina-pura-en-polvo\/#breadcrumb","itemListElement":[{"@type":"ListItem","position":1,"name":"Home","item":"https:\/\/experti.it\/es\/"},{"@type":"ListItem","position":2,"name":"Productos","item":"https:\/\/experti.it\/es\/tienda\/"},{"@type":"ListItem","position":3,"name":"Biotecnolog\u00eda","item":"https:\/\/experti.it\/es\/categoria-de-producto\/biotecnologia\/"},{"@type":"ListItem","position":4,"name":"Clarificadores","item":"https:\/\/experti.it\/es\/categoria-de-producto\/biotecnologia\/clarificadores\/"},{"@type":"ListItem","position":5,"name":"GELATINA PURA EN POLVO"}]},{"@type":"WebSite","@id":"https:\/\/experti.it\/es\/#website","url":"https:\/\/experti.it\/es\/","name":"Experti","description":"Enologia, tecnologia e innovazione","publisher":{"@id":"https:\/\/experti.it\/es\/#organization"},"potentialAction":[{"@type":"SearchAction","target":{"@type":"EntryPoint","urlTemplate":"https:\/\/experti.it\/es\/?s={search_term_string}"},"query-input":{"@type":"PropertyValueSpecification","valueRequired":true,"valueName":"search_term_string"}}],"inLanguage":"es"},{"@type":"Organization","@id":"https:\/\/experti.it\/es\/#organization","name":"Experti","url":"https:\/\/experti.it\/es\/","logo":{"@type":"ImageObject","inLanguage":"es","@id":"https:\/\/experti.it\/es\/#\/schema\/logo\/image\/","url":"https:\/\/experti.it\/wp-content\/uploads\/2025\/01\/EXPERTI-LOGO-web.png","contentUrl":"https:\/\/experti.it\/wp-content\/uploads\/2025\/01\/EXPERTI-LOGO-web.png","width":484,"height":210,"caption":"Experti"},"image":{"@id":"https:\/\/experti.it\/es\/#\/schema\/logo\/image\/"},"sameAs":["https:\/\/www.facebook.com\/www.experti.it\/","http:\/\/www.instagram.com\/experti.it"]}]}},"_links":{"self":[{"href":"https:\/\/experti.it\/es\/wp-json\/wp\/v2\/product\/5991","targetHints":{"allow":["GET"]}}],"collection":[{"href":"https:\/\/experti.it\/es\/wp-json\/wp\/v2\/product"}],"about":[{"href":"https:\/\/experti.it\/es\/wp-json\/wp\/v2\/types\/product"}],"wp:featuredmedia":[{"embeddable":true,"href":"https:\/\/experti.it\/es\/wp-json\/wp\/v2\/media\/8629"}],"wp:attachment":[{"href":"https:\/\/experti.it\/es\/wp-json\/wp\/v2\/media?parent=5991"}],"wp:term":[{"taxonomy":"product_brand","embeddable":true,"href":"https:\/\/experti.it\/es\/wp-json\/wp\/v2\/product_brand?post=5991"},{"taxonomy":"product_cat","embeddable":true,"href":"https:\/\/experti.it\/es\/wp-json\/wp\/v2\/product_cat?post=5991"},{"taxonomy":"product_tag","embeddable":true,"href":"https:\/\/experti.it\/es\/wp-json\/wp\/v2\/product_tag?post=5991"}],"curies":[{"name":"wp","href":"https:\/\/api.w.org\/{rel}","templated":true}]}}