{"id":13948,"date":"2025-05-19T12:32:46","date_gmt":"2025-05-19T10:32:46","guid":{"rendered":"https:\/\/experti.it\/?page_id=13948"},"modified":"2025-05-23T17:26:57","modified_gmt":"2025-05-23T15:26:57","slug":"a-propos-de-nous-3","status":"publish","type":"page","link":"https:\/\/experti.it\/fr\/a-propos-de-nous-4\/a-propos-de-nous-3\/","title":{"rendered":"Brassage"},"content":{"rendered":"<div class=\"wpb-content-wrapper\"><p>[vc_row css=\u00a0\u00bb.vc_custom_1738430324038{margin-bottom: 90px !important;}\u00a0\u00bb][vc_column offset=\u00a0\u00bbvc_col-lg-offset-0 vc_col-lg-12 vc_col-md-offset-0 vc_col-sm-offset-0&Prime;][vc_single_image image=\u00a0\u00bb14049&Prime; img_size=\u00a0\u00bb500&#215;118&Prime; css=\u00a0\u00bb\u00a0\u00bb][vc_empty_space height=\u00a0\u00bb16px\u00a0\u00bb][vc_column_text css=\u00a0\u00bb\u00a0\u00bb]<\/p>\n<p class=\"elementToProof\">Pinnacle, la gamme de levures innovante con\u00e7ue pour offrir aux brasseurs un nouveau standard de performance tr\u00e8s \u00e9lev\u00e9 en termes de fermentation et de go\u00fbt, afin de produire de mani\u00e8re constante les bi\u00e8res que leurs clients aiment.<\/p>\n<p class=\"elementToProof\">L&rsquo;exp\u00e9rience acquise sur diff\u00e9rentes plates-formes technologiques pour les ingr\u00e9dients de fermentation, combin\u00e9e \u00e0 un savoir-faire de haute qualit\u00e9, permet \u00e0 la nouvelle gamme Pinnacle de pr\u00e9senter les solutions les plus adapt\u00e9es aujourd&rsquo;hui et \u00e0 l&rsquo;avenir.<\/p>\n<p class=\"elementToProof\">Produit par AB BIOTEK et officiellement distribu\u00e9 en Italie par Experti !<\/p>\n<p class=\"elementToProof\">Contactez-nous pour plus d&rsquo;informations<\/p>\n<p>[\/vc_column_text][\/vc_column][\/vc_row][vc_row][vc_column]<div class=\"woocommerce columns-4 \"><ul class=\"products columns-4\">\n<li class=\"layout-style-1 col-md-4 col-sm-4 col-xs-6 col-lg-3 product-style-slider product type-product post-14123 status-publish first instock product_cat-brassage has-post-thumbnail shipping-taxable product-type-simple\">\n\t<div class=\"product-header\"><a href=\"https:\/\/experti.it\/fr\/prodotto\/pop-saccharomyces-cerevisiae-copia-copia-copia\/\" class=\"woocommerce-LoopProduct-link woocommerce-loop-product__link\"><img width=\"1124\" height=\"1124\" data-public-id=\"Brewboots-Pis-1_14407d395b\/Brewboots-Pis-1_14407d395b.png\" loading=\"lazy\" decoding=\"async\" src=\"https:\/\/res.cloudinary.com\/dso9cfgr2\/images\/w_1124,h_1124,c_fill,g_auto\/f_auto,q_auto\/v1752681709\/Brewboots-Pis-1_14407d395b\/Brewboots-Pis-1_14407d395b.png?_i=AA\" class=\"attachment-woocommerce_thumbnail size-woocommerce_thumbnail wp-image-14407\" alt=\"BREWBOOST PIS\" data-format=\"png\" data-transformations=\"f_auto,q_auto\" data-version=\"1752681709\" data-seo=\"1\" data-responsive=\"1\" srcset=\"https:\/\/res.cloudinary.com\/dso9cfgr2\/images\/w_1124,h_1124,c_fill,g_auto\/f_auto,q_auto\/v1752681709\/Brewboots-Pis-1_14407d395b\/Brewboots-Pis-1_14407d395b.png?_i=AA 1124w, https:\/\/res.cloudinary.com\/dso9cfgr2\/images\/w_1048,h_1048,c_fill,g_auto\/f_auto,q_auto\/v1752681709\/Brewboots-Pis-1_14407d395b\/Brewboots-Pis-1_14407d395b.png?_i=AA 1048w, https:\/\/res.cloudinary.com\/dso9cfgr2\/images\/w_848,h_848,c_fill,g_auto\/f_auto,q_auto\/v1752681709\/Brewboots-Pis-1_14407d395b\/Brewboots-Pis-1_14407d395b.png?_i=AA 848w, https:\/\/res.cloudinary.com\/dso9cfgr2\/images\/w_648,h_648,c_fill,g_auto\/f_auto,q_auto\/v1752681709\/Brewboots-Pis-1_14407d395b\/Brewboots-Pis-1_14407d395b.png?_i=AA 648w, https:\/\/res.cloudinary.com\/dso9cfgr2\/images\/w_448,h_448,c_fill,g_auto\/f_auto,q_auto\/v1752681709\/Brewboots-Pis-1_14407d395b\/Brewboots-Pis-1_14407d395b.png?_i=AA 448w, https:\/\/res.cloudinary.com\/dso9cfgr2\/images\/w_248,h_248,c_fill,g_auto\/f_auto,q_auto\/v1752681709\/Brewboots-Pis-1_14407d395b\/Brewboots-Pis-1_14407d395b.png?_i=AA 248w\" sizes=\"(max-width: 1124px) 100vw, 1124px\" \/><\/a>\n\t\t\n\t\t\t<div class=\"buttons-icon\">\n\t\t\t\t\t\t\t<\/div>\n\n\t\t\n\t\t\n\t\t<\/div>\n\t\t<h3 class=\"woocommerce-loop-product__title\"><a href=\"https:\/\/experti.it\/fr\/prodotto\/pop-saccharomyces-cerevisiae-copia-copia-copia\/\">BREWBOOST PIS<\/a><\/h3>\n\n\t\t\n<\/li>\n<li class=\"layout-style-1 col-md-4 col-sm-4 col-xs-6 col-lg-3 product-style-slider product type-product post-14136 status-publish instock product_cat-brassage has-post-thumbnail shipping-taxable product-type-simple\">\n\t<div class=\"product-header\"><a href=\"https:\/\/experti.it\/fr\/prodotto\/pop-saccharomyces-cerevisiae-copia-copia-copia-copia\/\" class=\"woocommerce-LoopProduct-link woocommerce-loop-product__link\"><img width=\"1124\" height=\"1124\" data-public-id=\"Crisp-Sour_14140fef5b\/Crisp-Sour_14140fef5b.png\" loading=\"lazy\" decoding=\"async\" src=\"https:\/\/res.cloudinary.com\/dso9cfgr2\/images\/w_1124,h_1124,c_fill,g_auto\/f_auto,q_auto\/v1758701048\/Crisp-Sour_14140fef5b\/Crisp-Sour_14140fef5b.png?_i=AA\" class=\"attachment-woocommerce_thumbnail size-woocommerce_thumbnail wp-image-14140\" alt=\"BREWBOOST PIS Experti Pinnacle Abbiotek\" data-format=\"png\" data-transformations=\"f_auto,q_auto\" data-version=\"1758701048\" data-seo=\"1\" data-responsive=\"1\" srcset=\"https:\/\/res.cloudinary.com\/dso9cfgr2\/images\/w_1124,h_1124,c_fill,g_auto\/f_auto,q_auto\/v1758701048\/Crisp-Sour_14140fef5b\/Crisp-Sour_14140fef5b.png?_i=AA 1124w, https:\/\/res.cloudinary.com\/dso9cfgr2\/images\/w_1048,h_1048,c_fill,g_auto\/f_auto,q_auto\/v1758701048\/Crisp-Sour_14140fef5b\/Crisp-Sour_14140fef5b.png?_i=AA 1048w, https:\/\/res.cloudinary.com\/dso9cfgr2\/images\/w_848,h_848,c_fill,g_auto\/f_auto,q_auto\/v1758701048\/Crisp-Sour_14140fef5b\/Crisp-Sour_14140fef5b.png?_i=AA 848w, https:\/\/res.cloudinary.com\/dso9cfgr2\/images\/w_648,h_648,c_fill,g_auto\/f_auto,q_auto\/v1758701048\/Crisp-Sour_14140fef5b\/Crisp-Sour_14140fef5b.png?_i=AA 648w, https:\/\/res.cloudinary.com\/dso9cfgr2\/images\/w_448,h_448,c_fill,g_auto\/f_auto,q_auto\/v1758701048\/Crisp-Sour_14140fef5b\/Crisp-Sour_14140fef5b.png?_i=AA 448w, https:\/\/res.cloudinary.com\/dso9cfgr2\/images\/w_248,h_248,c_fill,g_auto\/f_auto,q_auto\/v1758701048\/Crisp-Sour_14140fef5b\/Crisp-Sour_14140fef5b.png?_i=AA 248w\" sizes=\"(max-width: 1124px) 100vw, 1124px\" \/><\/a>\n\t\t\n\t\t\t<div class=\"buttons-icon\">\n\t\t\t\t\t\t\t<\/div>\n\n\t\t\n\t\t\n\t\t<\/div>\n\t\t<h3 class=\"woocommerce-loop-product__title\"><a href=\"https:\/\/experti.it\/fr\/prodotto\/pop-saccharomyces-cerevisiae-copia-copia-copia-copia\/\">CRISP SOUR<\/a><\/h3>\n\n\t\t\n<\/li>\n<li class=\"layout-style-1 col-md-4 col-sm-4 col-xs-6 col-lg-3 product-style-slider product type-product post-14296 status-publish instock product_cat-brassage has-post-thumbnail shipping-taxable product-type-simple\">\n\t<div class=\"product-header\"><a href=\"https:\/\/experti.it\/fr\/prodotto\/pop-saccharomyces-cerevisiae-copia-copia-copia-copia-copia-2\/\" class=\"woocommerce-LoopProduct-link woocommerce-loop-product__link\"><img width=\"1124\" height=\"1124\" data-public-id=\"LOW-ALCOHOL_143108bbc5\/LOW-ALCOHOL_143108bbc5.png\" loading=\"lazy\" decoding=\"async\" src=\"https:\/\/res.cloudinary.com\/dso9cfgr2\/images\/w_1124,h_1124,c_fill,g_auto\/f_auto,q_auto\/v1752681728\/LOW-ALCOHOL_143108bbc5\/LOW-ALCOHOL_143108bbc5.png?_i=AA\" class=\"attachment-woocommerce_thumbnail size-woocommerce_thumbnail wp-image-14310\" alt=\"LOW ALCOHOL Experti Pinnacle Abbiotek\" data-format=\"png\" data-transformations=\"f_auto,q_auto\" data-version=\"1752681728\" data-seo=\"1\" data-responsive=\"1\" srcset=\"https:\/\/res.cloudinary.com\/dso9cfgr2\/images\/w_1124,h_1124,c_fill,g_auto\/f_auto,q_auto\/v1752681728\/LOW-ALCOHOL_143108bbc5\/LOW-ALCOHOL_143108bbc5.png?_i=AA 1124w, https:\/\/res.cloudinary.com\/dso9cfgr2\/images\/w_1048,h_1048,c_fill,g_auto\/f_auto,q_auto\/v1752681728\/LOW-ALCOHOL_143108bbc5\/LOW-ALCOHOL_143108bbc5.png?_i=AA 1048w, https:\/\/res.cloudinary.com\/dso9cfgr2\/images\/w_848,h_848,c_fill,g_auto\/f_auto,q_auto\/v1752681728\/LOW-ALCOHOL_143108bbc5\/LOW-ALCOHOL_143108bbc5.png?_i=AA 848w, https:\/\/res.cloudinary.com\/dso9cfgr2\/images\/w_648,h_648,c_fill,g_auto\/f_auto,q_auto\/v1752681728\/LOW-ALCOHOL_143108bbc5\/LOW-ALCOHOL_143108bbc5.png?_i=AA 648w, https:\/\/res.cloudinary.com\/dso9cfgr2\/images\/w_448,h_448,c_fill,g_auto\/f_auto,q_auto\/v1752681728\/LOW-ALCOHOL_143108bbc5\/LOW-ALCOHOL_143108bbc5.png?_i=AA 448w, https:\/\/res.cloudinary.com\/dso9cfgr2\/images\/w_248,h_248,c_fill,g_auto\/f_auto,q_auto\/v1752681728\/LOW-ALCOHOL_143108bbc5\/LOW-ALCOHOL_143108bbc5.png?_i=AA 248w\" sizes=\"(max-width: 1124px) 100vw, 1124px\" \/><\/a>\n\t\t\n\t\t\t<div class=\"buttons-icon\">\n\t\t\t\t\t\t\t<\/div>\n\n\t\t\n\t\t\n\t\t<\/div>\n\t\t<h3 class=\"woocommerce-loop-product__title\"><a href=\"https:\/\/experti.it\/fr\/prodotto\/pop-saccharomyces-cerevisiae-copia-copia-copia-copia-copia-2\/\">FAIBLE TENEUR EN ALCOOL<\/a><\/h3>\n\n\t\t\n<\/li>\n<li class=\"layout-style-1 col-md-4 col-sm-4 col-xs-6 col-lg-3 product-style-slider product type-product post-14281 status-publish last instock product_cat-brassage has-post-thumbnail shipping-taxable product-type-simple\">\n\t<div class=\"product-header\"><a href=\"https:\/\/experti.it\/fr\/prodotto\/pop-saccharomyces-cerevisiae-copia-copia-copia-copia-copia\/\" class=\"woocommerce-LoopProduct-link woocommerce-loop-product__link\"><img width=\"1124\" height=\"1124\" data-public-id=\"HERITAGE-AMERICAN-ALE_14285aeb4e\/HERITAGE-AMERICAN-ALE_14285aeb4e.png\" loading=\"lazy\" decoding=\"async\" src=\"https:\/\/res.cloudinary.com\/dso9cfgr2\/images\/w_1124,h_1124,c_fill,g_auto\/f_auto,q_auto\/v1758701037\/HERITAGE-AMERICAN-ALE_14285aeb4e\/HERITAGE-AMERICAN-ALE_14285aeb4e.png?_i=AA\" class=\"attachment-woocommerce_thumbnail size-woocommerce_thumbnail wp-image-14285\" alt=\"HERITAGE AMERICAN ALE Experti Pinnacle Abbiotek\" data-format=\"png\" data-transformations=\"f_auto,q_auto\" data-version=\"1758701037\" data-seo=\"1\" data-responsive=\"1\" srcset=\"https:\/\/res.cloudinary.com\/dso9cfgr2\/images\/w_1124,h_1124,c_fill,g_auto\/f_auto,q_auto\/v1758701037\/HERITAGE-AMERICAN-ALE_14285aeb4e\/HERITAGE-AMERICAN-ALE_14285aeb4e.png?_i=AA 1124w, https:\/\/res.cloudinary.com\/dso9cfgr2\/images\/w_1048,h_1048,c_fill,g_auto\/f_auto,q_auto\/v1758701037\/HERITAGE-AMERICAN-ALE_14285aeb4e\/HERITAGE-AMERICAN-ALE_14285aeb4e.png?_i=AA 1048w, https:\/\/res.cloudinary.com\/dso9cfgr2\/images\/w_848,h_848,c_fill,g_auto\/f_auto,q_auto\/v1758701037\/HERITAGE-AMERICAN-ALE_14285aeb4e\/HERITAGE-AMERICAN-ALE_14285aeb4e.png?_i=AA 848w, https:\/\/res.cloudinary.com\/dso9cfgr2\/images\/w_648,h_648,c_fill,g_auto\/f_auto,q_auto\/v1758701037\/HERITAGE-AMERICAN-ALE_14285aeb4e\/HERITAGE-AMERICAN-ALE_14285aeb4e.png?_i=AA 648w, https:\/\/res.cloudinary.com\/dso9cfgr2\/images\/w_448,h_448,c_fill,g_auto\/f_auto,q_auto\/v1758701037\/HERITAGE-AMERICAN-ALE_14285aeb4e\/HERITAGE-AMERICAN-ALE_14285aeb4e.png?_i=AA 448w, https:\/\/res.cloudinary.com\/dso9cfgr2\/images\/w_248,h_248,c_fill,g_auto\/f_auto,q_auto\/v1758701037\/HERITAGE-AMERICAN-ALE_14285aeb4e\/HERITAGE-AMERICAN-ALE_14285aeb4e.png?_i=AA 248w\" sizes=\"(max-width: 1124px) 100vw, 1124px\" \/><\/a>\n\t\t\n\t\t\t<div class=\"buttons-icon\">\n\t\t\t\t\t\t\t<\/div>\n\n\t\t\n\t\t\n\t\t<\/div>\n\t\t<h3 class=\"woocommerce-loop-product__title\"><a href=\"https:\/\/experti.it\/fr\/prodotto\/pop-saccharomyces-cerevisiae-copia-copia-copia-copia-copia\/\">HERITAGE AMERICAN ALE<\/a><\/h3>\n\n\t\t\n<\/li>\n<li class=\"layout-style-1 col-md-4 col-sm-4 col-xs-6 col-lg-3 product-style-slider product type-product post-14291 status-publish first instock product_cat-brassage has-post-thumbnail shipping-taxable product-type-simple\">\n\t<div class=\"product-header\"><a href=\"https:\/\/experti.it\/fr\/prodotto\/pop-saccharomyces-cerevisiae-copia-copia-copia-copia-copia-copia\/\" class=\"woocommerce-LoopProduct-link woocommerce-loop-product__link\"><img width=\"1124\" height=\"1124\" data-public-id=\"HERITAGE-ENGLISH-ALE_14305f43c7\/HERITAGE-ENGLISH-ALE_14305f43c7.png\" loading=\"lazy\" decoding=\"async\" src=\"https:\/\/res.cloudinary.com\/dso9cfgr2\/images\/w_1124,h_1124,c_fill,g_auto\/f_auto,q_auto\/v1758701027\/HERITAGE-ENGLISH-ALE_14305f43c7\/HERITAGE-ENGLISH-ALE_14305f43c7.png?_i=AA\" class=\"attachment-woocommerce_thumbnail size-woocommerce_thumbnail wp-image-14305\" alt=\"HERITAGE ENGLISH ALE Experti Pinnacle Abbiotek\" data-format=\"png\" data-transformations=\"f_auto,q_auto\" data-version=\"1758701027\" data-seo=\"1\" data-responsive=\"1\" srcset=\"https:\/\/res.cloudinary.com\/dso9cfgr2\/images\/w_1124,h_1124,c_fill,g_auto\/f_auto,q_auto\/v1758701027\/HERITAGE-ENGLISH-ALE_14305f43c7\/HERITAGE-ENGLISH-ALE_14305f43c7.png?_i=AA 1124w, https:\/\/res.cloudinary.com\/dso9cfgr2\/images\/w_1048,h_1048,c_fill,g_auto\/f_auto,q_auto\/v1758701027\/HERITAGE-ENGLISH-ALE_14305f43c7\/HERITAGE-ENGLISH-ALE_14305f43c7.png?_i=AA 1048w, https:\/\/res.cloudinary.com\/dso9cfgr2\/images\/w_848,h_848,c_fill,g_auto\/f_auto,q_auto\/v1758701027\/HERITAGE-ENGLISH-ALE_14305f43c7\/HERITAGE-ENGLISH-ALE_14305f43c7.png?_i=AA 848w, https:\/\/res.cloudinary.com\/dso9cfgr2\/images\/w_648,h_648,c_fill,g_auto\/f_auto,q_auto\/v1758701027\/HERITAGE-ENGLISH-ALE_14305f43c7\/HERITAGE-ENGLISH-ALE_14305f43c7.png?_i=AA 648w, https:\/\/res.cloudinary.com\/dso9cfgr2\/images\/w_448,h_448,c_fill,g_auto\/f_auto,q_auto\/v1758701027\/HERITAGE-ENGLISH-ALE_14305f43c7\/HERITAGE-ENGLISH-ALE_14305f43c7.png?_i=AA 448w, https:\/\/res.cloudinary.com\/dso9cfgr2\/images\/w_248,h_248,c_fill,g_auto\/f_auto,q_auto\/v1758701027\/HERITAGE-ENGLISH-ALE_14305f43c7\/HERITAGE-ENGLISH-ALE_14305f43c7.png?_i=AA 248w\" sizes=\"(max-width: 1124px) 100vw, 1124px\" \/><\/a>\n\t\t\n\t\t\t<div class=\"buttons-icon\">\n\t\t\t\t\t\t\t<\/div>\n\n\t\t\n\t\t\n\t\t<\/div>\n\t\t<h3 class=\"woocommerce-loop-product__title\"><a href=\"https:\/\/experti.it\/fr\/prodotto\/pop-saccharomyces-cerevisiae-copia-copia-copia-copia-copia-copia\/\">HERITAGE ENGLISH ALE<\/a><\/h3>\n\n\t\t\n<\/li>\n<li class=\"layout-style-1 col-md-4 col-sm-4 col-xs-6 col-lg-3 product-style-slider product type-product post-14301 status-publish instock product_cat-brassage has-post-thumbnail shipping-taxable product-type-simple\">\n\t<div class=\"product-header\"><a href=\"https:\/\/experti.it\/fr\/prodotto\/pop-saccharomyces-cerevisiae-copia-copia-copia-copia-2\/\" class=\"woocommerce-LoopProduct-link woocommerce-loop-product__link\"><img width=\"1124\" height=\"1124\" data-public-id=\"HERITAGE-PILSNER_14315bbd45\/HERITAGE-PILSNER_14315bbd45.png\" loading=\"lazy\" decoding=\"async\" src=\"https:\/\/res.cloudinary.com\/dso9cfgr2\/images\/w_1124,h_1124,c_fill,g_auto\/f_auto,q_auto\/v1752681717\/HERITAGE-PILSNER_14315bbd45\/HERITAGE-PILSNER_14315bbd45.png?_i=AA\" class=\"attachment-woocommerce_thumbnail size-woocommerce_thumbnail wp-image-14315\" alt=\"HERITAGE PILSNER Experti Pinnacle Abbiotek\" data-format=\"png\" data-transformations=\"f_auto,q_auto\" data-version=\"1752681717\" data-seo=\"1\" data-responsive=\"1\" srcset=\"https:\/\/res.cloudinary.com\/dso9cfgr2\/images\/w_1124,h_1124,c_fill,g_auto\/f_auto,q_auto\/v1752681717\/HERITAGE-PILSNER_14315bbd45\/HERITAGE-PILSNER_14315bbd45.png?_i=AA 1124w, https:\/\/res.cloudinary.com\/dso9cfgr2\/images\/w_1048,h_1048,c_fill,g_auto\/f_auto,q_auto\/v1752681717\/HERITAGE-PILSNER_14315bbd45\/HERITAGE-PILSNER_14315bbd45.png?_i=AA 1048w, https:\/\/res.cloudinary.com\/dso9cfgr2\/images\/w_848,h_848,c_fill,g_auto\/f_auto,q_auto\/v1752681717\/HERITAGE-PILSNER_14315bbd45\/HERITAGE-PILSNER_14315bbd45.png?_i=AA 848w, https:\/\/res.cloudinary.com\/dso9cfgr2\/images\/w_648,h_648,c_fill,g_auto\/f_auto,q_auto\/v1752681717\/HERITAGE-PILSNER_14315bbd45\/HERITAGE-PILSNER_14315bbd45.png?_i=AA 648w, https:\/\/res.cloudinary.com\/dso9cfgr2\/images\/w_448,h_448,c_fill,g_auto\/f_auto,q_auto\/v1752681717\/HERITAGE-PILSNER_14315bbd45\/HERITAGE-PILSNER_14315bbd45.png?_i=AA 448w, https:\/\/res.cloudinary.com\/dso9cfgr2\/images\/w_248,h_248,c_fill,g_auto\/f_auto,q_auto\/v1752681717\/HERITAGE-PILSNER_14315bbd45\/HERITAGE-PILSNER_14315bbd45.png?_i=AA 248w\" sizes=\"(max-width: 1124px) 100vw, 1124px\" \/><\/a>\n\t\t\n\t\t\t<div class=\"buttons-icon\">\n\t\t\t\t\t\t\t<\/div>\n\n\t\t\n\t\t\n\t\t<\/div>\n\t\t<h3 class=\"woocommerce-loop-product__title\"><a href=\"https:\/\/experti.it\/fr\/prodotto\/pop-saccharomyces-cerevisiae-copia-copia-copia-copia-2\/\">PILSNER DU PATRIMOINE<\/a><\/h3>\n\n\t\t\n<\/li>\n<\/ul>\n<\/div>[vc_empty_space height=\u00a0\u00bb64px\u00a0\u00bb][\/vc_column][\/vc_row][vc_row][vc_column width=\u00a0\u00bb1\/3&Prime; offset=\u00a0\u00bbvc_col-lg-offset-4 vc_col-lg-4 vc_col-md-offset-4 vc_col-md-4 vc_col-sm-offset-4&Prime;][vc_btn title=\u00a0\u00bbT\u00e9l\u00e9chargez le d\u00e9pliant Pinnacle\u00a0\u00bb color=\u00a0\u00bborange\u00a0\u00bb align=\u00a0\u00bbcenter\u00a0\u00bb css=\u00a0\u00bb\u00a0\u00bb link=\u00a0\u00bburl:https%3A%2F%2Fexperti.it%2Fwp-content%2Fuploads%2F2025%2F05%2FPinnacle-Brewing-Beer-Style-Leaflet-A3-Aug-2024-WEB-REPRO-IT.pdf|title:T%C3%A9l%C3%A9chargez%20le%20d%C3%A9pliant%20Pinnacle|target:_blank|rel:nofollow|\u00a0\u00bb][\/vc_column][\/vc_row]<\/p>\n<\/div>","protected":false},"excerpt":{"rendered":"<p>[vc_row css=\u00a0\u00bb.vc_custom_1738430324038{margin-bottom: 90px !important;}\u00a0\u00bb][vc_column offset=\u00a0\u00bbvc_col-lg-offset-0 vc_col-lg-12 vc_col-md-offset-0 vc_col-sm-offset-0&Prime;][vc_single_image image=\u00a0\u00bb14049&Prime; img_size=\u00a0\u00bb500&#215;118&Prime; css=\u00a0\u00bb\u00a0\u00bb][vc_empty_space height=\u00a0\u00bb16px\u00a0\u00bb][vc_column_text css=\u00a0\u00bb\u00a0\u00bb] Pinnacle, la gamme de levures innovante con\u00e7ue&hellip;<\/p>\n","protected":false},"author":1,"featured_media":0,"parent":13959,"menu_order":0,"comment_status":"closed","ping_status":"closed","template":"","meta":{"_cloudinary_featured_overwrite":false,"footnotes":""},"class_list":["post-13948","page","type-page","status-publish","hentry"],"yoast_head":"<!-- This site is optimized with the Yoast SEO plugin v25.9 - https:\/\/yoast.com\/wordpress\/plugins\/seo\/ -->\n<title>Experts en brassage - Experti<\/title>\n<meta name=\"description\" content=\"Experts Brewing Pinnacle est la gamme de levures con\u00e7ue pour offrir un nouveau standard tr\u00e8s \u00e9lev\u00e9 en termes de fermentation et de go\u00fbt pour les bi\u00e8res de brasserie.\" \/>\n<meta name=\"robots\" content=\"index, follow, max-snippet:-1, max-image-preview:large, max-video-preview:-1\" \/>\n<link rel=\"canonical\" href=\"https:\/\/experti.it\/fr\/a-propos-de-nous-4\/a-propos-de-nous-3\/\" \/>\n<meta property=\"og:locale\" content=\"fr_FR\" \/>\n<meta property=\"og:type\" content=\"article\" \/>\n<meta property=\"og:title\" content=\"Experts en brassage - Experti\" \/>\n<meta property=\"og:description\" content=\"Experts Brewing Pinnacle est la gamme de levures con\u00e7ue pour offrir un nouveau standard tr\u00e8s \u00e9lev\u00e9 en termes de fermentation et de go\u00fbt pour les bi\u00e8res de brasserie.\" \/>\n<meta property=\"og:url\" content=\"https:\/\/experti.it\/fr\/a-propos-de-nous-4\/a-propos-de-nous-3\/\" \/>\n<meta property=\"og:site_name\" content=\"Experti\" \/>\n<meta property=\"article:publisher\" content=\"https:\/\/www.facebook.com\/www.experti.it\/\" \/>\n<meta property=\"article:modified_time\" content=\"2025-05-23T15:26:57+00:00\" \/>\n<meta name=\"twitter:card\" content=\"summary_large_image\" \/>\n<meta name=\"twitter:label1\" content=\"Dur\u00e9e de lecture estim\u00e9e\" \/>\n\t<meta name=\"twitter:data1\" content=\"1 minute\" \/>\n<script type=\"application\/ld+json\" class=\"yoast-schema-graph\">{\"@context\":\"https:\/\/schema.org\",\"@graph\":[{\"@type\":\"WebPage\",\"@id\":\"https:\/\/experti.it\/fr\/a-propos-de-nous-4\/a-propos-de-nous-3\/\",\"url\":\"https:\/\/experti.it\/fr\/a-propos-de-nous-4\/a-propos-de-nous-3\/\",\"name\":\"Experts en brassage - Experti\",\"isPartOf\":{\"@id\":\"https:\/\/experti.it\/fr\/#website\"},\"datePublished\":\"2025-05-19T10:32:46+00:00\",\"dateModified\":\"2025-05-23T15:26:57+00:00\",\"description\":\"Experts Brewing Pinnacle est la gamme de levures con\u00e7ue pour offrir un nouveau standard tr\u00e8s \u00e9lev\u00e9 en termes de fermentation et de go\u00fbt pour les bi\u00e8res de brasserie.\",\"breadcrumb\":{\"@id\":\"https:\/\/experti.it\/fr\/a-propos-de-nous-4\/a-propos-de-nous-3\/#breadcrumb\"},\"inLanguage\":\"fr-FR\",\"potentialAction\":[{\"@type\":\"ReadAction\",\"target\":[\"https:\/\/experti.it\/fr\/a-propos-de-nous-4\/a-propos-de-nous-3\/\"]}]},{\"@type\":\"BreadcrumbList\",\"@id\":\"https:\/\/experti.it\/fr\/a-propos-de-nous-4\/a-propos-de-nous-3\/#breadcrumb\",\"itemListElement\":[{\"@type\":\"ListItem\",\"position\":1,\"name\":\"Home\",\"item\":\"https:\/\/experti.it\/fr\/\"},{\"@type\":\"ListItem\",\"position\":2,\"name\":\"Agribriew\",\"item\":\"https:\/\/experti.it\/fr\/a-propos-de-nous-4\/\"},{\"@type\":\"ListItem\",\"position\":3,\"name\":\"Brassage\"}]},{\"@type\":\"WebSite\",\"@id\":\"https:\/\/experti.it\/fr\/#website\",\"url\":\"https:\/\/experti.it\/fr\/\",\"name\":\"Experti\",\"description\":\"Enologia, tecnologia e innovazione\",\"publisher\":{\"@id\":\"https:\/\/experti.it\/fr\/#organization\"},\"potentialAction\":[{\"@type\":\"SearchAction\",\"target\":{\"@type\":\"EntryPoint\",\"urlTemplate\":\"https:\/\/experti.it\/fr\/?s={search_term_string}\"},\"query-input\":{\"@type\":\"PropertyValueSpecification\",\"valueRequired\":true,\"valueName\":\"search_term_string\"}}],\"inLanguage\":\"fr-FR\"},{\"@type\":\"Organization\",\"@id\":\"https:\/\/experti.it\/fr\/#organization\",\"name\":\"Experti\",\"url\":\"https:\/\/experti.it\/fr\/\",\"logo\":{\"@type\":\"ImageObject\",\"inLanguage\":\"fr-FR\",\"@id\":\"https:\/\/experti.it\/fr\/#\/schema\/logo\/image\/\",\"url\":\"https:\/\/experti.it\/wp-content\/uploads\/2025\/01\/EXPERTI-LOGO-web.png\",\"contentUrl\":\"https:\/\/experti.it\/wp-content\/uploads\/2025\/01\/EXPERTI-LOGO-web.png\",\"width\":484,\"height\":210,\"caption\":\"Experti\"},\"image\":{\"@id\":\"https:\/\/experti.it\/fr\/#\/schema\/logo\/image\/\"},\"sameAs\":[\"https:\/\/www.facebook.com\/www.experti.it\/\",\"http:\/\/www.instagram.com\/experti.it\"]}]}<\/script>\n<!-- \/ Yoast SEO plugin. -->","yoast_head_json":{"title":"Experts en brassage - Experti","description":"Experts Brewing Pinnacle est la gamme de levures con\u00e7ue pour offrir un nouveau standard tr\u00e8s \u00e9lev\u00e9 en termes de fermentation et de go\u00fbt pour les bi\u00e8res de brasserie.","robots":{"index":"index","follow":"follow","max-snippet":"max-snippet:-1","max-image-preview":"max-image-preview:large","max-video-preview":"max-video-preview:-1"},"canonical":"https:\/\/experti.it\/fr\/a-propos-de-nous-4\/a-propos-de-nous-3\/","og_locale":"fr_FR","og_type":"article","og_title":"Experts en brassage - Experti","og_description":"Experts Brewing Pinnacle est la gamme de levures con\u00e7ue pour offrir un nouveau standard tr\u00e8s \u00e9lev\u00e9 en termes de fermentation et de go\u00fbt pour les bi\u00e8res de brasserie.","og_url":"https:\/\/experti.it\/fr\/a-propos-de-nous-4\/a-propos-de-nous-3\/","og_site_name":"Experti","article_publisher":"https:\/\/www.facebook.com\/www.experti.it\/","article_modified_time":"2025-05-23T15:26:57+00:00","twitter_card":"summary_large_image","twitter_misc":{"Dur\u00e9e de lecture estim\u00e9e":"1 minute"},"schema":{"@context":"https:\/\/schema.org","@graph":[{"@type":"WebPage","@id":"https:\/\/experti.it\/fr\/a-propos-de-nous-4\/a-propos-de-nous-3\/","url":"https:\/\/experti.it\/fr\/a-propos-de-nous-4\/a-propos-de-nous-3\/","name":"Experts en brassage - Experti","isPartOf":{"@id":"https:\/\/experti.it\/fr\/#website"},"datePublished":"2025-05-19T10:32:46+00:00","dateModified":"2025-05-23T15:26:57+00:00","description":"Experts Brewing Pinnacle est la gamme de levures con\u00e7ue pour offrir un nouveau standard tr\u00e8s \u00e9lev\u00e9 en termes de fermentation et de go\u00fbt pour les bi\u00e8res de brasserie.","breadcrumb":{"@id":"https:\/\/experti.it\/fr\/a-propos-de-nous-4\/a-propos-de-nous-3\/#breadcrumb"},"inLanguage":"fr-FR","potentialAction":[{"@type":"ReadAction","target":["https:\/\/experti.it\/fr\/a-propos-de-nous-4\/a-propos-de-nous-3\/"]}]},{"@type":"BreadcrumbList","@id":"https:\/\/experti.it\/fr\/a-propos-de-nous-4\/a-propos-de-nous-3\/#breadcrumb","itemListElement":[{"@type":"ListItem","position":1,"name":"Home","item":"https:\/\/experti.it\/fr\/"},{"@type":"ListItem","position":2,"name":"Agribriew","item":"https:\/\/experti.it\/fr\/a-propos-de-nous-4\/"},{"@type":"ListItem","position":3,"name":"Brassage"}]},{"@type":"WebSite","@id":"https:\/\/experti.it\/fr\/#website","url":"https:\/\/experti.it\/fr\/","name":"Experti","description":"Enologia, tecnologia e innovazione","publisher":{"@id":"https:\/\/experti.it\/fr\/#organization"},"potentialAction":[{"@type":"SearchAction","target":{"@type":"EntryPoint","urlTemplate":"https:\/\/experti.it\/fr\/?s={search_term_string}"},"query-input":{"@type":"PropertyValueSpecification","valueRequired":true,"valueName":"search_term_string"}}],"inLanguage":"fr-FR"},{"@type":"Organization","@id":"https:\/\/experti.it\/fr\/#organization","name":"Experti","url":"https:\/\/experti.it\/fr\/","logo":{"@type":"ImageObject","inLanguage":"fr-FR","@id":"https:\/\/experti.it\/fr\/#\/schema\/logo\/image\/","url":"https:\/\/experti.it\/wp-content\/uploads\/2025\/01\/EXPERTI-LOGO-web.png","contentUrl":"https:\/\/experti.it\/wp-content\/uploads\/2025\/01\/EXPERTI-LOGO-web.png","width":484,"height":210,"caption":"Experti"},"image":{"@id":"https:\/\/experti.it\/fr\/#\/schema\/logo\/image\/"},"sameAs":["https:\/\/www.facebook.com\/www.experti.it\/","http:\/\/www.instagram.com\/experti.it"]}]}},"_links":{"self":[{"href":"https:\/\/experti.it\/fr\/wp-json\/wp\/v2\/pages\/13948","targetHints":{"allow":["GET"]}}],"collection":[{"href":"https:\/\/experti.it\/fr\/wp-json\/wp\/v2\/pages"}],"about":[{"href":"https:\/\/experti.it\/fr\/wp-json\/wp\/v2\/types\/page"}],"author":[{"embeddable":true,"href":"https:\/\/experti.it\/fr\/wp-json\/wp\/v2\/users\/1"}],"replies":[{"embeddable":true,"href":"https:\/\/experti.it\/fr\/wp-json\/wp\/v2\/comments?post=13948"}],"version-history":[{"count":5,"href":"https:\/\/experti.it\/fr\/wp-json\/wp\/v2\/pages\/13948\/revisions"}],"predecessor-version":[{"id":14431,"href":"https:\/\/experti.it\/fr\/wp-json\/wp\/v2\/pages\/13948\/revisions\/14431"}],"up":[{"embeddable":true,"href":"https:\/\/experti.it\/fr\/wp-json\/wp\/v2\/pages\/13959"}],"wp:attachment":[{"href":"https:\/\/experti.it\/fr\/wp-json\/wp\/v2\/media?parent=13948"}],"curies":[{"name":"wp","href":"https:\/\/api.w.org\/{rel}","templated":true}]}}