{"id":10024,"date":"2025-01-27T21:30:54","date_gmt":"2025-01-27T20:30:54","guid":{"rendered":"https:\/\/stg.experti.it\/prodotto\/provital-basic\/"},"modified":"2025-07-08T15:26:49","modified_gmt":"2025-07-08T13:26:49","slug":"provital-basic","status":"publish","type":"product","link":"https:\/\/experti.it\/fr\/prodotto\/provital-basic\/","title":{"rendered":"PROVITAL BASIC"},"content":{"rendered":"<p>Levure inerte, phosphate d&rsquo;ammonium et thiamine (0,2 %). Formulation sans sulfate. Enrichit le mo\u00fbt en acides amin\u00e9s, en acides gras \u00e0 longue cha\u00eene et en st\u00e9rols. Pr\u00e9paration nutritive pour les levures afin de permettre des fermentations r\u00e9guli\u00e8res et compl\u00e8tes. Apport d&rsquo;azote sous forme d&rsquo;acides amin\u00e9s et de sels d&rsquo;ammonium (10 g\/hl augmentent l&rsquo;APA de 16,5 mg\/l).<\/p>\n<p>Conditionnement : 1 Kg &#8211; 20 Kg<\/p>\n<div style=\"clear: both;\"><\/div>\n<hr \/>\n<div id=\"features\">\n<div class=\"box\" style=\"float: left; width: 33%; padding: 20px;\"><\/div>\n<div class=\"box\" style=\"float: left; width: 33%; padding: 20px;\"><\/div>\n<div class=\"box\" style=\"float: left; width: 33%; padding: 20px;\"><\/div>\n<\/div>\n<div style=\"clear: both;\"><\/div>\n","protected":false},"excerpt":{"rendered":"<p>Levure inerte, phosphate d&rsquo;ammonium et thiamine (0,2 %). Formulation sans sulfate. Enrichit le mo\u00fbt en acides amin\u00e9s, en acides gras&hellip;<\/p>\n","protected":false},"featured_media":7863,"template":"","meta":{"_cloudinary_featured_overwrite":false},"product_brand":[],"product_cat":[270],"product_tag":[],"class_list":{"0":"post-10024","1":"product","2":"type-product","3":"status-publish","4":"has-post-thumbnail","6":"product_cat-activants","8":"first","9":"instock","10":"shipping-taxable","11":"product-type-simple","12":"layout-style-1","13":"col-md-4 col-sm-4 col-xs-6","14":"col-lg-3","15":"product-style-slider"},"yoast_head":"<!-- This site is optimized with the Yoast SEO plugin v25.9 - https:\/\/yoast.com\/wordpress\/plugins\/seo\/ -->\n<title>PROVITAL BASIC - Experti<\/title>\n<meta name=\"description\" content=\"Levures inertes, phosphate d&#039;ammonium et thiamine (0,2%). Formulation sans sulfate. Enrichit le mo\u00fbt en acides amin\u00e9s, acides gras \u00e0 longue cha\u00eene, st\u00e9rols.\" \/>\n<meta name=\"robots\" content=\"index, follow, max-snippet:-1, max-image-preview:large, max-video-preview:-1\" \/>\n<link rel=\"canonical\" href=\"https:\/\/experti.it\/fr\/prodotto\/provital-basic\/\" \/>\n<meta property=\"og:locale\" content=\"fr_FR\" \/>\n<meta property=\"og:type\" content=\"article\" \/>\n<meta property=\"og:title\" content=\"PROVITAL BASIC - Experti\" \/>\n<meta property=\"og:description\" content=\"Levures inertes, phosphate d&#039;ammonium et thiamine (0,2%). Formulation sans sulfate. Enrichit le mo\u00fbt en acides amin\u00e9s, acides gras \u00e0 longue cha\u00eene, st\u00e9rols.\" \/>\n<meta property=\"og:url\" content=\"https:\/\/experti.it\/fr\/prodotto\/provital-basic\/\" \/>\n<meta property=\"og:site_name\" content=\"Experti\" \/>\n<meta property=\"article:publisher\" content=\"https:\/\/www.facebook.com\/www.experti.it\/\" \/>\n<meta property=\"article:modified_time\" content=\"2025-07-08T13:26:49+00:00\" \/>\n<meta property=\"og:image\" content=\"https:\/\/experti.it\/wp-content\/uploads\/2025\/01\/PROVITAL-BASIC.png\" \/>\n\t<meta property=\"og:image:width\" content=\"1125\" \/>\n\t<meta property=\"og:image:height\" content=\"1124\" \/>\n\t<meta property=\"og:image:type\" content=\"image\/png\" \/>\n<meta name=\"twitter:card\" content=\"summary_large_image\" \/>\n<meta name=\"twitter:label1\" content=\"Dur\u00e9e de lecture estim\u00e9e\" \/>\n\t<meta name=\"twitter:data1\" content=\"1 minute\" \/>\n<script type=\"application\/ld+json\" class=\"yoast-schema-graph\">{\"@context\":\"https:\/\/schema.org\",\"@graph\":[{\"@type\":\"WebPage\",\"@id\":\"https:\/\/experti.it\/fr\/prodotto\/provital-basic\/\",\"url\":\"https:\/\/experti.it\/fr\/prodotto\/provital-basic\/\",\"name\":\"PROVITAL BASIC - Experti\",\"isPartOf\":{\"@id\":\"https:\/\/experti.it\/fr\/#website\"},\"primaryImageOfPage\":{\"@id\":\"https:\/\/experti.it\/fr\/prodotto\/provital-basic\/#primaryimage\"},\"image\":{\"@id\":\"https:\/\/experti.it\/fr\/prodotto\/provital-basic\/#primaryimage\"},\"thumbnailUrl\":\"https:\/\/experti.it\/wp-content\/uploads\/2025\/01\/PROVITAL-BASIC.png\",\"datePublished\":\"2025-01-27T20:30:54+00:00\",\"dateModified\":\"2025-07-08T13:26:49+00:00\",\"description\":\"Levures inertes, phosphate d'ammonium et thiamine (0,2%). Formulation sans sulfate. Enrichit le mo\u00fbt en acides amin\u00e9s, acides gras \u00e0 longue cha\u00eene, st\u00e9rols.\",\"breadcrumb\":{\"@id\":\"https:\/\/experti.it\/fr\/prodotto\/provital-basic\/#breadcrumb\"},\"inLanguage\":\"fr-FR\",\"potentialAction\":[{\"@type\":\"ReadAction\",\"target\":[\"https:\/\/experti.it\/fr\/prodotto\/provital-basic\/\"]}]},{\"@type\":\"ImageObject\",\"inLanguage\":\"fr-FR\",\"@id\":\"https:\/\/experti.it\/fr\/prodotto\/provital-basic\/#primaryimage\",\"url\":\"https:\/\/experti.it\/wp-content\/uploads\/2025\/01\/PROVITAL-BASIC.png\",\"contentUrl\":\"https:\/\/experti.it\/wp-content\/uploads\/2025\/01\/PROVITAL-BASIC.png\",\"width\":1125,\"height\":1124},{\"@type\":\"BreadcrumbList\",\"@id\":\"https:\/\/experti.it\/fr\/prodotto\/provital-basic\/#breadcrumb\",\"itemListElement\":[{\"@type\":\"ListItem\",\"position\":1,\"name\":\"Home\",\"item\":\"https:\/\/experti.it\/fr\/\"},{\"@type\":\"ListItem\",\"position\":2,\"name\":\"Produits\",\"item\":\"https:\/\/experti.it\/fr\/boutique\/\"},{\"@type\":\"ListItem\",\"position\":3,\"name\":\"Biotechnologie\",\"item\":\"https:\/\/experti.it\/fr\/categories-de-produits\/biotechnologie\/\"},{\"@type\":\"ListItem\",\"position\":4,\"name\":\"Activants\",\"item\":\"https:\/\/experti.it\/fr\/categories-de-produits\/biotechnologie\/activants\/\"},{\"@type\":\"ListItem\",\"position\":5,\"name\":\"PROVITAL BASIC\"}]},{\"@type\":\"WebSite\",\"@id\":\"https:\/\/experti.it\/fr\/#website\",\"url\":\"https:\/\/experti.it\/fr\/\",\"name\":\"Experti\",\"description\":\"Enologia, tecnologia e innovazione\",\"publisher\":{\"@id\":\"https:\/\/experti.it\/fr\/#organization\"},\"potentialAction\":[{\"@type\":\"SearchAction\",\"target\":{\"@type\":\"EntryPoint\",\"urlTemplate\":\"https:\/\/experti.it\/fr\/?s={search_term_string}\"},\"query-input\":{\"@type\":\"PropertyValueSpecification\",\"valueRequired\":true,\"valueName\":\"search_term_string\"}}],\"inLanguage\":\"fr-FR\"},{\"@type\":\"Organization\",\"@id\":\"https:\/\/experti.it\/fr\/#organization\",\"name\":\"Experti\",\"url\":\"https:\/\/experti.it\/fr\/\",\"logo\":{\"@type\":\"ImageObject\",\"inLanguage\":\"fr-FR\",\"@id\":\"https:\/\/experti.it\/fr\/#\/schema\/logo\/image\/\",\"url\":\"https:\/\/experti.it\/wp-content\/uploads\/2025\/01\/EXPERTI-LOGO-web.png\",\"contentUrl\":\"https:\/\/experti.it\/wp-content\/uploads\/2025\/01\/EXPERTI-LOGO-web.png\",\"width\":484,\"height\":210,\"caption\":\"Experti\"},\"image\":{\"@id\":\"https:\/\/experti.it\/fr\/#\/schema\/logo\/image\/\"},\"sameAs\":[\"https:\/\/www.facebook.com\/www.experti.it\/\",\"http:\/\/www.instagram.com\/experti.it\"]}]}<\/script>\n<!-- \/ Yoast SEO plugin. -->","yoast_head_json":{"title":"PROVITAL BASIC - Experti","description":"Levures inertes, phosphate d'ammonium et thiamine (0,2%). Formulation sans sulfate. Enrichit le mo\u00fbt en acides amin\u00e9s, acides gras \u00e0 longue cha\u00eene, st\u00e9rols.","robots":{"index":"index","follow":"follow","max-snippet":"max-snippet:-1","max-image-preview":"max-image-preview:large","max-video-preview":"max-video-preview:-1"},"canonical":"https:\/\/experti.it\/fr\/prodotto\/provital-basic\/","og_locale":"fr_FR","og_type":"article","og_title":"PROVITAL BASIC - Experti","og_description":"Levures inertes, phosphate d'ammonium et thiamine (0,2%). Formulation sans sulfate. Enrichit le mo\u00fbt en acides amin\u00e9s, acides gras \u00e0 longue cha\u00eene, st\u00e9rols.","og_url":"https:\/\/experti.it\/fr\/prodotto\/provital-basic\/","og_site_name":"Experti","article_publisher":"https:\/\/www.facebook.com\/www.experti.it\/","article_modified_time":"2025-07-08T13:26:49+00:00","og_image":[{"width":1125,"height":1124,"url":"https:\/\/experti.it\/wp-content\/uploads\/2025\/01\/PROVITAL-BASIC.png","type":"image\/png"}],"twitter_card":"summary_large_image","twitter_misc":{"Dur\u00e9e de lecture estim\u00e9e":"1 minute"},"schema":{"@context":"https:\/\/schema.org","@graph":[{"@type":"WebPage","@id":"https:\/\/experti.it\/fr\/prodotto\/provital-basic\/","url":"https:\/\/experti.it\/fr\/prodotto\/provital-basic\/","name":"PROVITAL BASIC - Experti","isPartOf":{"@id":"https:\/\/experti.it\/fr\/#website"},"primaryImageOfPage":{"@id":"https:\/\/experti.it\/fr\/prodotto\/provital-basic\/#primaryimage"},"image":{"@id":"https:\/\/experti.it\/fr\/prodotto\/provital-basic\/#primaryimage"},"thumbnailUrl":"https:\/\/experti.it\/wp-content\/uploads\/2025\/01\/PROVITAL-BASIC.png","datePublished":"2025-01-27T20:30:54+00:00","dateModified":"2025-07-08T13:26:49+00:00","description":"Levures inertes, phosphate d'ammonium et thiamine (0,2%). Formulation sans sulfate. Enrichit le mo\u00fbt en acides amin\u00e9s, acides gras \u00e0 longue cha\u00eene, st\u00e9rols.","breadcrumb":{"@id":"https:\/\/experti.it\/fr\/prodotto\/provital-basic\/#breadcrumb"},"inLanguage":"fr-FR","potentialAction":[{"@type":"ReadAction","target":["https:\/\/experti.it\/fr\/prodotto\/provital-basic\/"]}]},{"@type":"ImageObject","inLanguage":"fr-FR","@id":"https:\/\/experti.it\/fr\/prodotto\/provital-basic\/#primaryimage","url":"https:\/\/experti.it\/wp-content\/uploads\/2025\/01\/PROVITAL-BASIC.png","contentUrl":"https:\/\/experti.it\/wp-content\/uploads\/2025\/01\/PROVITAL-BASIC.png","width":1125,"height":1124},{"@type":"BreadcrumbList","@id":"https:\/\/experti.it\/fr\/prodotto\/provital-basic\/#breadcrumb","itemListElement":[{"@type":"ListItem","position":1,"name":"Home","item":"https:\/\/experti.it\/fr\/"},{"@type":"ListItem","position":2,"name":"Produits","item":"https:\/\/experti.it\/fr\/boutique\/"},{"@type":"ListItem","position":3,"name":"Biotechnologie","item":"https:\/\/experti.it\/fr\/categories-de-produits\/biotechnologie\/"},{"@type":"ListItem","position":4,"name":"Activants","item":"https:\/\/experti.it\/fr\/categories-de-produits\/biotechnologie\/activants\/"},{"@type":"ListItem","position":5,"name":"PROVITAL BASIC"}]},{"@type":"WebSite","@id":"https:\/\/experti.it\/fr\/#website","url":"https:\/\/experti.it\/fr\/","name":"Experti","description":"Enologia, tecnologia e innovazione","publisher":{"@id":"https:\/\/experti.it\/fr\/#organization"},"potentialAction":[{"@type":"SearchAction","target":{"@type":"EntryPoint","urlTemplate":"https:\/\/experti.it\/fr\/?s={search_term_string}"},"query-input":{"@type":"PropertyValueSpecification","valueRequired":true,"valueName":"search_term_string"}}],"inLanguage":"fr-FR"},{"@type":"Organization","@id":"https:\/\/experti.it\/fr\/#organization","name":"Experti","url":"https:\/\/experti.it\/fr\/","logo":{"@type":"ImageObject","inLanguage":"fr-FR","@id":"https:\/\/experti.it\/fr\/#\/schema\/logo\/image\/","url":"https:\/\/experti.it\/wp-content\/uploads\/2025\/01\/EXPERTI-LOGO-web.png","contentUrl":"https:\/\/experti.it\/wp-content\/uploads\/2025\/01\/EXPERTI-LOGO-web.png","width":484,"height":210,"caption":"Experti"},"image":{"@id":"https:\/\/experti.it\/fr\/#\/schema\/logo\/image\/"},"sameAs":["https:\/\/www.facebook.com\/www.experti.it\/","http:\/\/www.instagram.com\/experti.it"]}]}},"_links":{"self":[{"href":"https:\/\/experti.it\/fr\/wp-json\/wp\/v2\/product\/10024","targetHints":{"allow":["GET"]}}],"collection":[{"href":"https:\/\/experti.it\/fr\/wp-json\/wp\/v2\/product"}],"about":[{"href":"https:\/\/experti.it\/fr\/wp-json\/wp\/v2\/types\/product"}],"wp:featuredmedia":[{"embeddable":true,"href":"https:\/\/experti.it\/fr\/wp-json\/wp\/v2\/media\/7863"}],"wp:attachment":[{"href":"https:\/\/experti.it\/fr\/wp-json\/wp\/v2\/media?parent=10024"}],"wp:term":[{"taxonomy":"product_brand","embeddable":true,"href":"https:\/\/experti.it\/fr\/wp-json\/wp\/v2\/product_brand?post=10024"},{"taxonomy":"product_cat","embeddable":true,"href":"https:\/\/experti.it\/fr\/wp-json\/wp\/v2\/product_cat?post=10024"},{"taxonomy":"product_tag","embeddable":true,"href":"https:\/\/experti.it\/fr\/wp-json\/wp\/v2\/product_tag?post=10024"}],"curies":[{"name":"wp","href":"https:\/\/api.w.org\/{rel}","templated":true}]}}