{"id":10044,"date":"2025-01-27T21:30:31","date_gmt":"2025-01-27T20:30:31","guid":{"rendered":"https:\/\/stg.experti.it\/prodotto\/caseinate-de-potassium\/"},"modified":"2025-10-22T12:06:03","modified_gmt":"2025-10-22T10:06:03","slug":"caseinate-de-potassium","status":"publish","type":"product","link":"https:\/\/experti.it\/fr\/prodotto\/caseinate-de-potassium\/","title":{"rendered":"CAS\u00c9INATE DE POTASSIUM"},"content":{"rendered":"<p>Clarifiant des mo\u00fbts et des vins blancs. Participe \u00e0 l&rsquo;\u00e9limination des compos\u00e9s ph\u00e9noliques oxyd\u00e9s et \u00e0 l&rsquo;\u00e9limination partielle du fer. Peut provoquer des allergies ou des intol\u00e9rances (Produit \u00e0 d\u00e9clarer sur les \u00e9tiquettes des vins).<\/p>\n<p>Conditionnement : 1 kg &#8211; 25 kg<\/p>\n<div style=\"clear: both;\"><\/div>\n<hr>\n<div id=\"features\">\n<div class=\"box\" style=\"float: left; width: 33%; padding: 20px;\"><\/div>\n<div class=\"box\" style=\"float: left; width: 33%; padding: 20px;\"><\/div>\n<\/div>\n<div style=\"clear: both;\"><\/div>\n","protected":false},"excerpt":{"rendered":"<p>Clarifiant des mo\u00fbts et des vins blancs. Participe \u00e0 l&rsquo;\u00e9limination des compos\u00e9s ph\u00e9noliques oxyd\u00e9s et \u00e0 l&rsquo;\u00e9limination partielle du fer.&hellip;<\/p>\n","protected":false},"featured_media":8663,"template":"","meta":{"_cloudinary_featured_overwrite":false},"product_brand":[],"product_cat":[251],"product_tag":[],"class_list":{"0":"post-10044","1":"product","2":"type-product","3":"status-publish","4":"has-post-thumbnail","6":"product_cat-clarificateurs","8":"first","9":"instock","10":"shipping-taxable","11":"product-type-simple","12":"layout-style-1","13":"col-md-4 col-sm-4 col-xs-6","14":"col-lg-3","15":"product-style-slider"},"yoast_head":"<!-- This site is optimized with the Yoast SEO plugin v25.9 - https:\/\/yoast.com\/wordpress\/plugins\/seo\/ -->\n<title>CAS\u00c9INATE DE POTASSIUM - Experti<\/title>\n<meta name=\"description\" content=\"Clarifiant des mo\u00fbts et des vins blancs. Participe \u00e0 l&#039;\u00e9limination des compos\u00e9s ph\u00e9noliques oxyd\u00e9s et \u00e0 l&#039;\u00e9limination partielle du fer.\" \/>\n<meta name=\"robots\" content=\"index, follow, max-snippet:-1, max-image-preview:large, max-video-preview:-1\" \/>\n<link rel=\"canonical\" href=\"https:\/\/experti.it\/fr\/prodotto\/caseinate-de-potassium\/\" \/>\n<meta property=\"og:locale\" content=\"fr_FR\" \/>\n<meta property=\"og:type\" content=\"article\" \/>\n<meta property=\"og:title\" content=\"CAS\u00c9INATE DE POTASSIUM - Experti\" \/>\n<meta property=\"og:description\" content=\"Clarifiant des mo\u00fbts et des vins blancs. Participe \u00e0 l&#039;\u00e9limination des compos\u00e9s ph\u00e9noliques oxyd\u00e9s et \u00e0 l&#039;\u00e9limination partielle du fer.\" \/>\n<meta property=\"og:url\" content=\"https:\/\/experti.it\/fr\/prodotto\/caseinate-de-potassium\/\" \/>\n<meta property=\"og:site_name\" content=\"Experti\" \/>\n<meta property=\"article:publisher\" content=\"https:\/\/www.facebook.com\/www.experti.it\/\" \/>\n<meta property=\"article:modified_time\" content=\"2025-10-22T10:06:03+00:00\" \/>\n<meta property=\"og:image\" content=\"https:\/\/experti.it\/wp-content\/uploads\/2025\/01\/CASEINATO-DI-POTASSIO.png\" \/>\n\t<meta property=\"og:image:width\" content=\"1125\" \/>\n\t<meta property=\"og:image:height\" content=\"1124\" \/>\n\t<meta property=\"og:image:type\" content=\"image\/png\" \/>\n<meta name=\"twitter:card\" content=\"summary_large_image\" \/>\n<meta name=\"twitter:label1\" content=\"Dur\u00e9e de lecture estim\u00e9e\" \/>\n\t<meta name=\"twitter:data1\" content=\"1 minute\" \/>\n<script type=\"application\/ld+json\" class=\"yoast-schema-graph\">{\"@context\":\"https:\/\/schema.org\",\"@graph\":[{\"@type\":\"WebPage\",\"@id\":\"https:\/\/experti.it\/fr\/prodotto\/caseinate-de-potassium\/\",\"url\":\"https:\/\/experti.it\/fr\/prodotto\/caseinate-de-potassium\/\",\"name\":\"CAS\u00c9INATE DE POTASSIUM - Experti\",\"isPartOf\":{\"@id\":\"https:\/\/experti.it\/fr\/#website\"},\"primaryImageOfPage\":{\"@id\":\"https:\/\/experti.it\/fr\/prodotto\/caseinate-de-potassium\/#primaryimage\"},\"image\":{\"@id\":\"https:\/\/experti.it\/fr\/prodotto\/caseinate-de-potassium\/#primaryimage\"},\"thumbnailUrl\":\"https:\/\/experti.it\/wp-content\/uploads\/2025\/01\/CASEINATO-DI-POTASSIO.png\",\"datePublished\":\"2025-01-27T20:30:31+00:00\",\"dateModified\":\"2025-10-22T10:06:03+00:00\",\"description\":\"Clarifiant des mo\u00fbts et des vins blancs. Participe \u00e0 l'\u00e9limination des compos\u00e9s ph\u00e9noliques oxyd\u00e9s et \u00e0 l'\u00e9limination partielle du fer.\",\"breadcrumb\":{\"@id\":\"https:\/\/experti.it\/fr\/prodotto\/caseinate-de-potassium\/#breadcrumb\"},\"inLanguage\":\"fr-FR\",\"potentialAction\":[{\"@type\":\"ReadAction\",\"target\":[\"https:\/\/experti.it\/fr\/prodotto\/caseinate-de-potassium\/\"]}]},{\"@type\":\"ImageObject\",\"inLanguage\":\"fr-FR\",\"@id\":\"https:\/\/experti.it\/fr\/prodotto\/caseinate-de-potassium\/#primaryimage\",\"url\":\"https:\/\/experti.it\/wp-content\/uploads\/2025\/01\/CASEINATO-DI-POTASSIO.png\",\"contentUrl\":\"https:\/\/experti.it\/wp-content\/uploads\/2025\/01\/CASEINATO-DI-POTASSIO.png\",\"width\":1125,\"height\":1124},{\"@type\":\"BreadcrumbList\",\"@id\":\"https:\/\/experti.it\/fr\/prodotto\/caseinate-de-potassium\/#breadcrumb\",\"itemListElement\":[{\"@type\":\"ListItem\",\"position\":1,\"name\":\"Home\",\"item\":\"https:\/\/experti.it\/fr\/\"},{\"@type\":\"ListItem\",\"position\":2,\"name\":\"Produits\",\"item\":\"https:\/\/experti.it\/fr\/boutique\/\"},{\"@type\":\"ListItem\",\"position\":3,\"name\":\"Biotechnologie\",\"item\":\"https:\/\/experti.it\/fr\/categories-de-produits\/biotechnologie\/\"},{\"@type\":\"ListItem\",\"position\":4,\"name\":\"Clarificateurs\",\"item\":\"https:\/\/experti.it\/fr\/categories-de-produits\/biotechnologie\/clarificateurs\/\"},{\"@type\":\"ListItem\",\"position\":5,\"name\":\"CAS\u00c9INATE DE POTASSIUM\"}]},{\"@type\":\"WebSite\",\"@id\":\"https:\/\/experti.it\/fr\/#website\",\"url\":\"https:\/\/experti.it\/fr\/\",\"name\":\"Experti\",\"description\":\"Enologia, tecnologia e innovazione\",\"publisher\":{\"@id\":\"https:\/\/experti.it\/fr\/#organization\"},\"potentialAction\":[{\"@type\":\"SearchAction\",\"target\":{\"@type\":\"EntryPoint\",\"urlTemplate\":\"https:\/\/experti.it\/fr\/?s={search_term_string}\"},\"query-input\":{\"@type\":\"PropertyValueSpecification\",\"valueRequired\":true,\"valueName\":\"search_term_string\"}}],\"inLanguage\":\"fr-FR\"},{\"@type\":\"Organization\",\"@id\":\"https:\/\/experti.it\/fr\/#organization\",\"name\":\"Experti\",\"url\":\"https:\/\/experti.it\/fr\/\",\"logo\":{\"@type\":\"ImageObject\",\"inLanguage\":\"fr-FR\",\"@id\":\"https:\/\/experti.it\/fr\/#\/schema\/logo\/image\/\",\"url\":\"https:\/\/experti.it\/wp-content\/uploads\/2025\/01\/EXPERTI-LOGO-web.png\",\"contentUrl\":\"https:\/\/experti.it\/wp-content\/uploads\/2025\/01\/EXPERTI-LOGO-web.png\",\"width\":484,\"height\":210,\"caption\":\"Experti\"},\"image\":{\"@id\":\"https:\/\/experti.it\/fr\/#\/schema\/logo\/image\/\"},\"sameAs\":[\"https:\/\/www.facebook.com\/www.experti.it\/\",\"http:\/\/www.instagram.com\/experti.it\"]}]}<\/script>\n<!-- \/ Yoast SEO plugin. -->","yoast_head_json":{"title":"CAS\u00c9INATE DE POTASSIUM - Experti","description":"Clarifiant des mo\u00fbts et des vins blancs. Participe \u00e0 l'\u00e9limination des compos\u00e9s ph\u00e9noliques oxyd\u00e9s et \u00e0 l'\u00e9limination partielle du fer.","robots":{"index":"index","follow":"follow","max-snippet":"max-snippet:-1","max-image-preview":"max-image-preview:large","max-video-preview":"max-video-preview:-1"},"canonical":"https:\/\/experti.it\/fr\/prodotto\/caseinate-de-potassium\/","og_locale":"fr_FR","og_type":"article","og_title":"CAS\u00c9INATE DE POTASSIUM - Experti","og_description":"Clarifiant des mo\u00fbts et des vins blancs. Participe \u00e0 l'\u00e9limination des compos\u00e9s ph\u00e9noliques oxyd\u00e9s et \u00e0 l'\u00e9limination partielle du fer.","og_url":"https:\/\/experti.it\/fr\/prodotto\/caseinate-de-potassium\/","og_site_name":"Experti","article_publisher":"https:\/\/www.facebook.com\/www.experti.it\/","article_modified_time":"2025-10-22T10:06:03+00:00","og_image":[{"width":1125,"height":1124,"url":"https:\/\/experti.it\/wp-content\/uploads\/2025\/01\/CASEINATO-DI-POTASSIO.png","type":"image\/png"}],"twitter_card":"summary_large_image","twitter_misc":{"Dur\u00e9e de lecture estim\u00e9e":"1 minute"},"schema":{"@context":"https:\/\/schema.org","@graph":[{"@type":"WebPage","@id":"https:\/\/experti.it\/fr\/prodotto\/caseinate-de-potassium\/","url":"https:\/\/experti.it\/fr\/prodotto\/caseinate-de-potassium\/","name":"CAS\u00c9INATE DE POTASSIUM - Experti","isPartOf":{"@id":"https:\/\/experti.it\/fr\/#website"},"primaryImageOfPage":{"@id":"https:\/\/experti.it\/fr\/prodotto\/caseinate-de-potassium\/#primaryimage"},"image":{"@id":"https:\/\/experti.it\/fr\/prodotto\/caseinate-de-potassium\/#primaryimage"},"thumbnailUrl":"https:\/\/experti.it\/wp-content\/uploads\/2025\/01\/CASEINATO-DI-POTASSIO.png","datePublished":"2025-01-27T20:30:31+00:00","dateModified":"2025-10-22T10:06:03+00:00","description":"Clarifiant des mo\u00fbts et des vins blancs. Participe \u00e0 l'\u00e9limination des compos\u00e9s ph\u00e9noliques oxyd\u00e9s et \u00e0 l'\u00e9limination partielle du fer.","breadcrumb":{"@id":"https:\/\/experti.it\/fr\/prodotto\/caseinate-de-potassium\/#breadcrumb"},"inLanguage":"fr-FR","potentialAction":[{"@type":"ReadAction","target":["https:\/\/experti.it\/fr\/prodotto\/caseinate-de-potassium\/"]}]},{"@type":"ImageObject","inLanguage":"fr-FR","@id":"https:\/\/experti.it\/fr\/prodotto\/caseinate-de-potassium\/#primaryimage","url":"https:\/\/experti.it\/wp-content\/uploads\/2025\/01\/CASEINATO-DI-POTASSIO.png","contentUrl":"https:\/\/experti.it\/wp-content\/uploads\/2025\/01\/CASEINATO-DI-POTASSIO.png","width":1125,"height":1124},{"@type":"BreadcrumbList","@id":"https:\/\/experti.it\/fr\/prodotto\/caseinate-de-potassium\/#breadcrumb","itemListElement":[{"@type":"ListItem","position":1,"name":"Home","item":"https:\/\/experti.it\/fr\/"},{"@type":"ListItem","position":2,"name":"Produits","item":"https:\/\/experti.it\/fr\/boutique\/"},{"@type":"ListItem","position":3,"name":"Biotechnologie","item":"https:\/\/experti.it\/fr\/categories-de-produits\/biotechnologie\/"},{"@type":"ListItem","position":4,"name":"Clarificateurs","item":"https:\/\/experti.it\/fr\/categories-de-produits\/biotechnologie\/clarificateurs\/"},{"@type":"ListItem","position":5,"name":"CAS\u00c9INATE DE POTASSIUM"}]},{"@type":"WebSite","@id":"https:\/\/experti.it\/fr\/#website","url":"https:\/\/experti.it\/fr\/","name":"Experti","description":"Enologia, tecnologia e innovazione","publisher":{"@id":"https:\/\/experti.it\/fr\/#organization"},"potentialAction":[{"@type":"SearchAction","target":{"@type":"EntryPoint","urlTemplate":"https:\/\/experti.it\/fr\/?s={search_term_string}"},"query-input":{"@type":"PropertyValueSpecification","valueRequired":true,"valueName":"search_term_string"}}],"inLanguage":"fr-FR"},{"@type":"Organization","@id":"https:\/\/experti.it\/fr\/#organization","name":"Experti","url":"https:\/\/experti.it\/fr\/","logo":{"@type":"ImageObject","inLanguage":"fr-FR","@id":"https:\/\/experti.it\/fr\/#\/schema\/logo\/image\/","url":"https:\/\/experti.it\/wp-content\/uploads\/2025\/01\/EXPERTI-LOGO-web.png","contentUrl":"https:\/\/experti.it\/wp-content\/uploads\/2025\/01\/EXPERTI-LOGO-web.png","width":484,"height":210,"caption":"Experti"},"image":{"@id":"https:\/\/experti.it\/fr\/#\/schema\/logo\/image\/"},"sameAs":["https:\/\/www.facebook.com\/www.experti.it\/","http:\/\/www.instagram.com\/experti.it"]}]}},"_links":{"self":[{"href":"https:\/\/experti.it\/fr\/wp-json\/wp\/v2\/product\/10044","targetHints":{"allow":["GET"]}}],"collection":[{"href":"https:\/\/experti.it\/fr\/wp-json\/wp\/v2\/product"}],"about":[{"href":"https:\/\/experti.it\/fr\/wp-json\/wp\/v2\/types\/product"}],"wp:featuredmedia":[{"embeddable":true,"href":"https:\/\/experti.it\/fr\/wp-json\/wp\/v2\/media\/8663"}],"wp:attachment":[{"href":"https:\/\/experti.it\/fr\/wp-json\/wp\/v2\/media?parent=10044"}],"wp:term":[{"taxonomy":"product_brand","embeddable":true,"href":"https:\/\/experti.it\/fr\/wp-json\/wp\/v2\/product_brand?post=10044"},{"taxonomy":"product_cat","embeddable":true,"href":"https:\/\/experti.it\/fr\/wp-json\/wp\/v2\/product_cat?post=10044"},{"taxonomy":"product_tag","embeddable":true,"href":"https:\/\/experti.it\/fr\/wp-json\/wp\/v2\/product_tag?post=10044"}],"curies":[{"name":"wp","href":"https:\/\/api.w.org\/{rel}","templated":true}]}}