{"id":9545,"date":"2025-01-27T21:34:44","date_gmt":"2025-01-27T20:34:44","guid":{"rendered":"https:\/\/stg.experti.it\/prodotto\/awri-paragon-saccharomyces-cerevisiae-x-saccharomyces-paradoxus\/"},"modified":"2025-01-27T21:34:44","modified_gmt":"2025-01-27T20:34:44","slug":"awri-paragon-saccharomyces-cerevisiae-x-saccharomyces-paradoxus","status":"publish","type":"product","link":"https:\/\/experti.it\/fr\/prodotto\/awri-paragon-saccharomyces-cerevisiae-x-saccharomyces-paradoxus\/","title":{"rendered":"AWRI PARAGON | Saccharomyces cerevisiae x Saccharomyces paradoxus"},"content":{"rendered":"<p>AWRI Paragon est une souche hybride (S. Cerevisiae x S. Paradoxus) s\u00e9lectionn\u00e9e en collaboration avec l&rsquo;Australian Wine Research Institute (AWRI) qui renforce l&rsquo;expression florale et tropicale, augmentant la complexit\u00e9 aromatique et la sensation en bouche. Faible production d&rsquo;acidit\u00e9 volatile <\/p>\n<p>Conditionnement : 500 g<\/p>\n<p>Les levures MAURIVIN sont issues de la division AB Biotek (https:\/\/www.abbiotek.com) du groupe AB Mauri d\u00e9di\u00e9 \u00e0 l&rsquo;industrie agroalimentaire et viticole.<\/p>\n<div style=\"clear: both;\"><\/div>\n<hr>\n<div id=\"features\">\n<div class=\"box\" style=\"float: left; width: 33%; padding: 20px;\"><\/div>\n<div class=\"box\" style=\"float: left; width: 33%; padding: 20px;\"><\/div>\n<div class=\"box\" style=\"float: left; width: 33%; padding: 20px;\"><\/div>\n<div class=\"box\" style=\"float: left; width: 33%; padding: 20px;\"><\/div>\n<div class=\"box\" style=\"float: left; width: 33%; padding: 20px;\"><\/div>\n<\/div>\n<div style=\"clear: both;\"><\/div>\n","protected":false},"excerpt":{"rendered":"<p>AWRI Paragon est une souche hybride (S. Cerevisiae x S. Paradoxus) s\u00e9lectionn\u00e9e en collaboration avec l&rsquo;Australian Wine Research Institute (AWRI)&hellip;<\/p>\n","protected":false},"featured_media":6749,"template":"","meta":{"_cloudinary_featured_overwrite":false},"product_brand":[],"product_cat":[246],"product_tag":[],"class_list":{"0":"post-9545","1":"product","2":"type-product","3":"status-publish","4":"has-post-thumbnail","6":"product_cat-levures","8":"first","9":"instock","10":"shipping-taxable","11":"product-type-simple","12":"layout-style-1","13":"col-md-4 col-sm-4 col-xs-6","14":"col-lg-3","15":"product-style-slider"},"yoast_head":"<!-- This site is optimized with the Yoast SEO plugin v25.9 - https:\/\/yoast.com\/wordpress\/plugins\/seo\/ -->\n<title>AWRI PARAGON | Saccharomyces cerevisiae x Saccharomyces paradoxus - Experti<\/title>\n<meta name=\"description\" content=\"AWRI Paragon est une souche hybride (S. Cerevisiae x S. Paradoxus) s\u00e9lectionn\u00e9e en collaboration avec l&#039;Australian Wine Research Institute (AWRI) qui renforce l&#039;expression florale et tropicale, augmentant la complexit\u00e9 aromatique et le volume en bouche.\" \/>\n<meta name=\"robots\" content=\"index, follow, max-snippet:-1, max-image-preview:large, max-video-preview:-1\" \/>\n<link rel=\"canonical\" href=\"https:\/\/experti.it\/fr\/prodotto\/awri-paragon-saccharomyces-cerevisiae-x-saccharomyces-paradoxus\/\" \/>\n<meta property=\"og:locale\" content=\"fr_FR\" \/>\n<meta property=\"og:type\" content=\"article\" \/>\n<meta property=\"og:title\" content=\"AWRI PARAGON | Saccharomyces cerevisiae x Saccharomyces paradoxus - Experti\" \/>\n<meta property=\"og:description\" content=\"AWRI Paragon est une souche hybride (S. Cerevisiae x S. Paradoxus) s\u00e9lectionn\u00e9e en collaboration avec l&#039;Australian Wine Research Institute (AWRI) qui renforce l&#039;expression florale et tropicale, augmentant la complexit\u00e9 aromatique et le volume en bouche.\" \/>\n<meta property=\"og:url\" content=\"https:\/\/experti.it\/fr\/prodotto\/awri-paragon-saccharomyces-cerevisiae-x-saccharomyces-paradoxus\/\" \/>\n<meta property=\"og:site_name\" content=\"Experti\" \/>\n<meta property=\"article:publisher\" content=\"https:\/\/www.facebook.com\/www.experti.it\/\" \/>\n<meta property=\"og:image\" content=\"https:\/\/experti.it\/wp-content\/uploads\/2025\/01\/AWRI-PARAGON.png\" \/>\n\t<meta property=\"og:image:width\" content=\"1125\" \/>\n\t<meta property=\"og:image:height\" content=\"1124\" \/>\n\t<meta property=\"og:image:type\" content=\"image\/png\" \/>\n<meta name=\"twitter:card\" content=\"summary_large_image\" \/>\n<script type=\"application\/ld+json\" class=\"yoast-schema-graph\">{\"@context\":\"https:\/\/schema.org\",\"@graph\":[{\"@type\":\"WebPage\",\"@id\":\"https:\/\/experti.it\/fr\/prodotto\/awri-paragon-saccharomyces-cerevisiae-x-saccharomyces-paradoxus\/\",\"url\":\"https:\/\/experti.it\/fr\/prodotto\/awri-paragon-saccharomyces-cerevisiae-x-saccharomyces-paradoxus\/\",\"name\":\"AWRI PARAGON | Saccharomyces cerevisiae x Saccharomyces paradoxus - Experti\",\"isPartOf\":{\"@id\":\"https:\/\/experti.it\/fr\/#website\"},\"primaryImageOfPage\":{\"@id\":\"https:\/\/experti.it\/fr\/prodotto\/awri-paragon-saccharomyces-cerevisiae-x-saccharomyces-paradoxus\/#primaryimage\"},\"image\":{\"@id\":\"https:\/\/experti.it\/fr\/prodotto\/awri-paragon-saccharomyces-cerevisiae-x-saccharomyces-paradoxus\/#primaryimage\"},\"thumbnailUrl\":\"https:\/\/experti.it\/wp-content\/uploads\/2025\/01\/AWRI-PARAGON.png\",\"datePublished\":\"2025-01-27T20:34:44+00:00\",\"description\":\"AWRI Paragon est une souche hybride (S. Cerevisiae x S. Paradoxus) s\u00e9lectionn\u00e9e en collaboration avec l'Australian Wine Research Institute (AWRI) qui renforce l'expression florale et tropicale, augmentant la complexit\u00e9 aromatique et le volume en bouche.\",\"breadcrumb\":{\"@id\":\"https:\/\/experti.it\/fr\/prodotto\/awri-paragon-saccharomyces-cerevisiae-x-saccharomyces-paradoxus\/#breadcrumb\"},\"inLanguage\":\"fr-FR\",\"potentialAction\":[{\"@type\":\"ReadAction\",\"target\":[\"https:\/\/experti.it\/fr\/prodotto\/awri-paragon-saccharomyces-cerevisiae-x-saccharomyces-paradoxus\/\"]}]},{\"@type\":\"ImageObject\",\"inLanguage\":\"fr-FR\",\"@id\":\"https:\/\/experti.it\/fr\/prodotto\/awri-paragon-saccharomyces-cerevisiae-x-saccharomyces-paradoxus\/#primaryimage\",\"url\":\"https:\/\/experti.it\/wp-content\/uploads\/2025\/01\/AWRI-PARAGON.png\",\"contentUrl\":\"https:\/\/experti.it\/wp-content\/uploads\/2025\/01\/AWRI-PARAGON.png\",\"width\":1125,\"height\":1124},{\"@type\":\"BreadcrumbList\",\"@id\":\"https:\/\/experti.it\/fr\/prodotto\/awri-paragon-saccharomyces-cerevisiae-x-saccharomyces-paradoxus\/#breadcrumb\",\"itemListElement\":[{\"@type\":\"ListItem\",\"position\":1,\"name\":\"Home\",\"item\":\"https:\/\/experti.it\/fr\/\"},{\"@type\":\"ListItem\",\"position\":2,\"name\":\"Produits\",\"item\":\"https:\/\/experti.it\/fr\/boutique\/\"},{\"@type\":\"ListItem\",\"position\":3,\"name\":\"AWRI PARAGON\"}]},{\"@type\":\"WebSite\",\"@id\":\"https:\/\/experti.it\/fr\/#website\",\"url\":\"https:\/\/experti.it\/fr\/\",\"name\":\"Experti\",\"description\":\"Enologia, tecnologia e innovazione\",\"publisher\":{\"@id\":\"https:\/\/experti.it\/fr\/#organization\"},\"potentialAction\":[{\"@type\":\"SearchAction\",\"target\":{\"@type\":\"EntryPoint\",\"urlTemplate\":\"https:\/\/experti.it\/fr\/?s={search_term_string}\"},\"query-input\":{\"@type\":\"PropertyValueSpecification\",\"valueRequired\":true,\"valueName\":\"search_term_string\"}}],\"inLanguage\":\"fr-FR\"},{\"@type\":\"Organization\",\"@id\":\"https:\/\/experti.it\/fr\/#organization\",\"name\":\"Experti\",\"url\":\"https:\/\/experti.it\/fr\/\",\"logo\":{\"@type\":\"ImageObject\",\"inLanguage\":\"fr-FR\",\"@id\":\"https:\/\/experti.it\/fr\/#\/schema\/logo\/image\/\",\"url\":\"https:\/\/experti.it\/wp-content\/uploads\/2025\/01\/EXPERTI-LOGO-web.png\",\"contentUrl\":\"https:\/\/experti.it\/wp-content\/uploads\/2025\/01\/EXPERTI-LOGO-web.png\",\"width\":484,\"height\":210,\"caption\":\"Experti\"},\"image\":{\"@id\":\"https:\/\/experti.it\/fr\/#\/schema\/logo\/image\/\"},\"sameAs\":[\"https:\/\/www.facebook.com\/www.experti.it\/\",\"http:\/\/www.instagram.com\/experti.it\"]}]}<\/script>\n<!-- \/ Yoast SEO plugin. -->","yoast_head_json":{"title":"AWRI PARAGON | Saccharomyces cerevisiae x Saccharomyces paradoxus - Experti","description":"AWRI Paragon est une souche hybride (S. Cerevisiae x S. Paradoxus) s\u00e9lectionn\u00e9e en collaboration avec l'Australian Wine Research Institute (AWRI) qui renforce l'expression florale et tropicale, augmentant la complexit\u00e9 aromatique et le volume en bouche.","robots":{"index":"index","follow":"follow","max-snippet":"max-snippet:-1","max-image-preview":"max-image-preview:large","max-video-preview":"max-video-preview:-1"},"canonical":"https:\/\/experti.it\/fr\/prodotto\/awri-paragon-saccharomyces-cerevisiae-x-saccharomyces-paradoxus\/","og_locale":"fr_FR","og_type":"article","og_title":"AWRI PARAGON | Saccharomyces cerevisiae x Saccharomyces paradoxus - Experti","og_description":"AWRI Paragon est une souche hybride (S. Cerevisiae x S. Paradoxus) s\u00e9lectionn\u00e9e en collaboration avec l'Australian Wine Research Institute (AWRI) qui renforce l'expression florale et tropicale, augmentant la complexit\u00e9 aromatique et le volume en bouche.","og_url":"https:\/\/experti.it\/fr\/prodotto\/awri-paragon-saccharomyces-cerevisiae-x-saccharomyces-paradoxus\/","og_site_name":"Experti","article_publisher":"https:\/\/www.facebook.com\/www.experti.it\/","og_image":[{"width":1125,"height":1124,"url":"https:\/\/experti.it\/wp-content\/uploads\/2025\/01\/AWRI-PARAGON.png","type":"image\/png"}],"twitter_card":"summary_large_image","schema":{"@context":"https:\/\/schema.org","@graph":[{"@type":"WebPage","@id":"https:\/\/experti.it\/fr\/prodotto\/awri-paragon-saccharomyces-cerevisiae-x-saccharomyces-paradoxus\/","url":"https:\/\/experti.it\/fr\/prodotto\/awri-paragon-saccharomyces-cerevisiae-x-saccharomyces-paradoxus\/","name":"AWRI PARAGON | Saccharomyces cerevisiae x Saccharomyces paradoxus - Experti","isPartOf":{"@id":"https:\/\/experti.it\/fr\/#website"},"primaryImageOfPage":{"@id":"https:\/\/experti.it\/fr\/prodotto\/awri-paragon-saccharomyces-cerevisiae-x-saccharomyces-paradoxus\/#primaryimage"},"image":{"@id":"https:\/\/experti.it\/fr\/prodotto\/awri-paragon-saccharomyces-cerevisiae-x-saccharomyces-paradoxus\/#primaryimage"},"thumbnailUrl":"https:\/\/experti.it\/wp-content\/uploads\/2025\/01\/AWRI-PARAGON.png","datePublished":"2025-01-27T20:34:44+00:00","description":"AWRI Paragon est une souche hybride (S. Cerevisiae x S. Paradoxus) s\u00e9lectionn\u00e9e en collaboration avec l'Australian Wine Research Institute (AWRI) qui renforce l'expression florale et tropicale, augmentant la complexit\u00e9 aromatique et le volume en bouche.","breadcrumb":{"@id":"https:\/\/experti.it\/fr\/prodotto\/awri-paragon-saccharomyces-cerevisiae-x-saccharomyces-paradoxus\/#breadcrumb"},"inLanguage":"fr-FR","potentialAction":[{"@type":"ReadAction","target":["https:\/\/experti.it\/fr\/prodotto\/awri-paragon-saccharomyces-cerevisiae-x-saccharomyces-paradoxus\/"]}]},{"@type":"ImageObject","inLanguage":"fr-FR","@id":"https:\/\/experti.it\/fr\/prodotto\/awri-paragon-saccharomyces-cerevisiae-x-saccharomyces-paradoxus\/#primaryimage","url":"https:\/\/experti.it\/wp-content\/uploads\/2025\/01\/AWRI-PARAGON.png","contentUrl":"https:\/\/experti.it\/wp-content\/uploads\/2025\/01\/AWRI-PARAGON.png","width":1125,"height":1124},{"@type":"BreadcrumbList","@id":"https:\/\/experti.it\/fr\/prodotto\/awri-paragon-saccharomyces-cerevisiae-x-saccharomyces-paradoxus\/#breadcrumb","itemListElement":[{"@type":"ListItem","position":1,"name":"Home","item":"https:\/\/experti.it\/fr\/"},{"@type":"ListItem","position":2,"name":"Produits","item":"https:\/\/experti.it\/fr\/boutique\/"},{"@type":"ListItem","position":3,"name":"AWRI PARAGON"}]},{"@type":"WebSite","@id":"https:\/\/experti.it\/fr\/#website","url":"https:\/\/experti.it\/fr\/","name":"Experti","description":"Enologia, tecnologia e innovazione","publisher":{"@id":"https:\/\/experti.it\/fr\/#organization"},"potentialAction":[{"@type":"SearchAction","target":{"@type":"EntryPoint","urlTemplate":"https:\/\/experti.it\/fr\/?s={search_term_string}"},"query-input":{"@type":"PropertyValueSpecification","valueRequired":true,"valueName":"search_term_string"}}],"inLanguage":"fr-FR"},{"@type":"Organization","@id":"https:\/\/experti.it\/fr\/#organization","name":"Experti","url":"https:\/\/experti.it\/fr\/","logo":{"@type":"ImageObject","inLanguage":"fr-FR","@id":"https:\/\/experti.it\/fr\/#\/schema\/logo\/image\/","url":"https:\/\/experti.it\/wp-content\/uploads\/2025\/01\/EXPERTI-LOGO-web.png","contentUrl":"https:\/\/experti.it\/wp-content\/uploads\/2025\/01\/EXPERTI-LOGO-web.png","width":484,"height":210,"caption":"Experti"},"image":{"@id":"https:\/\/experti.it\/fr\/#\/schema\/logo\/image\/"},"sameAs":["https:\/\/www.facebook.com\/www.experti.it\/","http:\/\/www.instagram.com\/experti.it"]}]}},"_links":{"self":[{"href":"https:\/\/experti.it\/fr\/wp-json\/wp\/v2\/product\/9545","targetHints":{"allow":["GET"]}}],"collection":[{"href":"https:\/\/experti.it\/fr\/wp-json\/wp\/v2\/product"}],"about":[{"href":"https:\/\/experti.it\/fr\/wp-json\/wp\/v2\/types\/product"}],"wp:featuredmedia":[{"embeddable":true,"href":"https:\/\/experti.it\/fr\/wp-json\/wp\/v2\/media\/6749"}],"wp:attachment":[{"href":"https:\/\/experti.it\/fr\/wp-json\/wp\/v2\/media?parent=9545"}],"wp:term":[{"taxonomy":"product_brand","embeddable":true,"href":"https:\/\/experti.it\/fr\/wp-json\/wp\/v2\/product_brand?post=9545"},{"taxonomy":"product_cat","embeddable":true,"href":"https:\/\/experti.it\/fr\/wp-json\/wp\/v2\/product_cat?post=9545"},{"taxonomy":"product_tag","embeddable":true,"href":"https:\/\/experti.it\/fr\/wp-json\/wp\/v2\/product_tag?post=9545"}],"curies":[{"name":"wp","href":"https:\/\/api.w.org\/{rel}","templated":true}]}}