{"id":9597,"date":"2025-01-27T21:33:31","date_gmt":"2025-01-27T20:33:31","guid":{"rendered":"https:\/\/stg.experti.it\/prodotto\/awri-rosa-saccharomyces-cerevisiae\/"},"modified":"2025-01-27T21:33:31","modified_gmt":"2025-01-27T20:33:31","slug":"awri-rosa-saccharomyces-cerevisiae","status":"publish","type":"product","link":"https:\/\/experti.it\/fr\/prodotto\/awri-rosa-saccharomyces-cerevisiae\/","title":{"rendered":"AWRI ROSA | Saccharomyces cerevisiae"},"content":{"rendered":"<p>AWRI Rosa est une souche s\u00e9lectionn\u00e9e en collaboration avec l&rsquo;Australian Wine Research Institute (AWRI).<\/p>\n<p>Souche de S. Cerevisiae produisant des ar\u00f4mes floraux tels que le p\u00e9tale de rose (2-ph\u00e9nyl\u00e9thanol et ac\u00e9tate de 2-ph\u00e9nyl\u00e9thyle).<\/p>\n<p>Sur les vins blancs, il met en valeur ces notes de rose particuli\u00e8res et sur les vins rouges et ros\u00e9s, il cr\u00e9e plus de complexit\u00e9 en faisant ressortir les fruits rouges frais.<\/p>\n<p>Conditionnement : 500 g<\/p>\n<p>Les levures MAURIVIN proviennent de la nouvelle division AB Biotek (https:\/\/www.abbiotek.com) du groupe AB Mauri d\u00e9di\u00e9e \u00e0 l&rsquo;industrie alimentaire et vinicole.<\/p>\n<div style=\"clear: both;\"><\/div>\n<hr>\n<div id=\"features\">\n<div class=\"box\" style=\"float: left; width: 33%; padding: 20px;\"><\/div>\n<div class=\"box\" style=\"float: left; width: 33%; padding: 20px;\"><\/div>\n<div class=\"box\" style=\"float: left; width: 33%; padding: 20px;\"><\/div>\n<div class=\"box\" style=\"float: left; width: 33%; padding: 20px;\"><\/div>\n<\/div>\n<div style=\"clear: both;\"><\/div>\n","protected":false},"excerpt":{"rendered":"<p>AWRI Rosa est une souche s\u00e9lectionn\u00e9e en collaboration avec l&rsquo;Australian Wine Research Institute (AWRI). Souche de S. Cerevisiae produisant des&hellip;<\/p>\n","protected":false},"featured_media":7955,"template":"","meta":{"_cloudinary_featured_overwrite":false},"product_brand":[],"product_cat":[246],"product_tag":[],"class_list":{"0":"post-9597","1":"product","2":"type-product","3":"status-publish","4":"has-post-thumbnail","6":"product_cat-levures","8":"first","9":"instock","10":"shipping-taxable","11":"product-type-simple","12":"layout-style-1","13":"col-md-4 col-sm-4 col-xs-6","14":"col-lg-3","15":"product-style-slider"},"yoast_head":"<!-- This site is optimized with the Yoast SEO plugin v25.9 - https:\/\/yoast.com\/wordpress\/plugins\/seo\/ -->\n<title>AWRI ROSA | Saccharomyces cerevisiae - Experti<\/title>\n<meta name=\"description\" content=\"AWRI Rosa est une souche s\u00e9lectionn\u00e9e en collaboration avec l&#039;Australian Wine Research Institute (AWRI), une souche de S. Cerevisiae produisant des ar\u00f4mes floraux tels que le p\u00e9tale de rose (2-ph\u00e9nyl\u00e9thanol et ac\u00e9tate de 2-ph\u00e9nyl\u00e9thyle).\" \/>\n<meta name=\"robots\" content=\"index, follow, max-snippet:-1, max-image-preview:large, max-video-preview:-1\" \/>\n<link rel=\"canonical\" href=\"https:\/\/experti.it\/fr\/prodotto\/awri-rosa-saccharomyces-cerevisiae\/\" \/>\n<meta property=\"og:locale\" content=\"fr_FR\" \/>\n<meta property=\"og:type\" content=\"article\" \/>\n<meta property=\"og:title\" content=\"AWRI ROSA | Saccharomyces cerevisiae - Experti\" \/>\n<meta property=\"og:description\" content=\"AWRI Rosa est une souche s\u00e9lectionn\u00e9e en collaboration avec l&#039;Australian Wine Research Institute (AWRI), une souche de S. Cerevisiae produisant des ar\u00f4mes floraux tels que le p\u00e9tale de rose (2-ph\u00e9nyl\u00e9thanol et ac\u00e9tate de 2-ph\u00e9nyl\u00e9thyle).\" \/>\n<meta property=\"og:url\" content=\"https:\/\/experti.it\/fr\/prodotto\/awri-rosa-saccharomyces-cerevisiae\/\" \/>\n<meta property=\"og:site_name\" content=\"Experti\" \/>\n<meta property=\"article:publisher\" content=\"https:\/\/www.facebook.com\/www.experti.it\/\" \/>\n<meta property=\"og:image\" content=\"https:\/\/experti.it\/wp-content\/uploads\/2025\/01\/AWRI-ROSA.png\" \/>\n\t<meta property=\"og:image:width\" content=\"1125\" \/>\n\t<meta property=\"og:image:height\" content=\"1124\" \/>\n\t<meta property=\"og:image:type\" content=\"image\/png\" \/>\n<meta name=\"twitter:card\" content=\"summary_large_image\" \/>\n<meta name=\"twitter:label1\" content=\"Dur\u00e9e de lecture estim\u00e9e\" \/>\n\t<meta name=\"twitter:data1\" content=\"1 minute\" \/>\n<script type=\"application\/ld+json\" class=\"yoast-schema-graph\">{\"@context\":\"https:\/\/schema.org\",\"@graph\":[{\"@type\":\"WebPage\",\"@id\":\"https:\/\/experti.it\/fr\/prodotto\/awri-rosa-saccharomyces-cerevisiae\/\",\"url\":\"https:\/\/experti.it\/fr\/prodotto\/awri-rosa-saccharomyces-cerevisiae\/\",\"name\":\"AWRI ROSA | Saccharomyces cerevisiae - Experti\",\"isPartOf\":{\"@id\":\"https:\/\/experti.it\/fr\/#website\"},\"primaryImageOfPage\":{\"@id\":\"https:\/\/experti.it\/fr\/prodotto\/awri-rosa-saccharomyces-cerevisiae\/#primaryimage\"},\"image\":{\"@id\":\"https:\/\/experti.it\/fr\/prodotto\/awri-rosa-saccharomyces-cerevisiae\/#primaryimage\"},\"thumbnailUrl\":\"https:\/\/experti.it\/wp-content\/uploads\/2025\/01\/AWRI-ROSA.png\",\"datePublished\":\"2025-01-27T20:33:31+00:00\",\"description\":\"AWRI Rosa est une souche s\u00e9lectionn\u00e9e en collaboration avec l'Australian Wine Research Institute (AWRI), une souche de S. Cerevisiae produisant des ar\u00f4mes floraux tels que le p\u00e9tale de rose (2-ph\u00e9nyl\u00e9thanol et ac\u00e9tate de 2-ph\u00e9nyl\u00e9thyle).\",\"breadcrumb\":{\"@id\":\"https:\/\/experti.it\/fr\/prodotto\/awri-rosa-saccharomyces-cerevisiae\/#breadcrumb\"},\"inLanguage\":\"fr-FR\",\"potentialAction\":[{\"@type\":\"ReadAction\",\"target\":[\"https:\/\/experti.it\/fr\/prodotto\/awri-rosa-saccharomyces-cerevisiae\/\"]}]},{\"@type\":\"ImageObject\",\"inLanguage\":\"fr-FR\",\"@id\":\"https:\/\/experti.it\/fr\/prodotto\/awri-rosa-saccharomyces-cerevisiae\/#primaryimage\",\"url\":\"https:\/\/experti.it\/wp-content\/uploads\/2025\/01\/AWRI-ROSA.png\",\"contentUrl\":\"https:\/\/experti.it\/wp-content\/uploads\/2025\/01\/AWRI-ROSA.png\",\"width\":1125,\"height\":1124},{\"@type\":\"BreadcrumbList\",\"@id\":\"https:\/\/experti.it\/fr\/prodotto\/awri-rosa-saccharomyces-cerevisiae\/#breadcrumb\",\"itemListElement\":[{\"@type\":\"ListItem\",\"position\":1,\"name\":\"Home\",\"item\":\"https:\/\/experti.it\/fr\/\"},{\"@type\":\"ListItem\",\"position\":2,\"name\":\"Produits\",\"item\":\"https:\/\/experti.it\/fr\/boutique\/\"},{\"@type\":\"ListItem\",\"position\":3,\"name\":\"AWRI ROSA | Saccharomyces cerevisiae\"}]},{\"@type\":\"WebSite\",\"@id\":\"https:\/\/experti.it\/fr\/#website\",\"url\":\"https:\/\/experti.it\/fr\/\",\"name\":\"Experti\",\"description\":\"Enologia, tecnologia e innovazione\",\"publisher\":{\"@id\":\"https:\/\/experti.it\/fr\/#organization\"},\"potentialAction\":[{\"@type\":\"SearchAction\",\"target\":{\"@type\":\"EntryPoint\",\"urlTemplate\":\"https:\/\/experti.it\/fr\/?s={search_term_string}\"},\"query-input\":{\"@type\":\"PropertyValueSpecification\",\"valueRequired\":true,\"valueName\":\"search_term_string\"}}],\"inLanguage\":\"fr-FR\"},{\"@type\":\"Organization\",\"@id\":\"https:\/\/experti.it\/fr\/#organization\",\"name\":\"Experti\",\"url\":\"https:\/\/experti.it\/fr\/\",\"logo\":{\"@type\":\"ImageObject\",\"inLanguage\":\"fr-FR\",\"@id\":\"https:\/\/experti.it\/fr\/#\/schema\/logo\/image\/\",\"url\":\"https:\/\/experti.it\/wp-content\/uploads\/2025\/01\/EXPERTI-LOGO-web.png\",\"contentUrl\":\"https:\/\/experti.it\/wp-content\/uploads\/2025\/01\/EXPERTI-LOGO-web.png\",\"width\":484,\"height\":210,\"caption\":\"Experti\"},\"image\":{\"@id\":\"https:\/\/experti.it\/fr\/#\/schema\/logo\/image\/\"},\"sameAs\":[\"https:\/\/www.facebook.com\/www.experti.it\/\",\"http:\/\/www.instagram.com\/experti.it\"]}]}<\/script>\n<!-- \/ Yoast SEO plugin. -->","yoast_head_json":{"title":"AWRI ROSA | Saccharomyces cerevisiae - Experti","description":"AWRI Rosa est une souche s\u00e9lectionn\u00e9e en collaboration avec l'Australian Wine Research Institute (AWRI), une souche de S. Cerevisiae produisant des ar\u00f4mes floraux tels que le p\u00e9tale de rose (2-ph\u00e9nyl\u00e9thanol et ac\u00e9tate de 2-ph\u00e9nyl\u00e9thyle).","robots":{"index":"index","follow":"follow","max-snippet":"max-snippet:-1","max-image-preview":"max-image-preview:large","max-video-preview":"max-video-preview:-1"},"canonical":"https:\/\/experti.it\/fr\/prodotto\/awri-rosa-saccharomyces-cerevisiae\/","og_locale":"fr_FR","og_type":"article","og_title":"AWRI ROSA | Saccharomyces cerevisiae - Experti","og_description":"AWRI Rosa est une souche s\u00e9lectionn\u00e9e en collaboration avec l'Australian Wine Research Institute (AWRI), une souche de S. Cerevisiae produisant des ar\u00f4mes floraux tels que le p\u00e9tale de rose (2-ph\u00e9nyl\u00e9thanol et ac\u00e9tate de 2-ph\u00e9nyl\u00e9thyle).","og_url":"https:\/\/experti.it\/fr\/prodotto\/awri-rosa-saccharomyces-cerevisiae\/","og_site_name":"Experti","article_publisher":"https:\/\/www.facebook.com\/www.experti.it\/","og_image":[{"width":1125,"height":1124,"url":"https:\/\/experti.it\/wp-content\/uploads\/2025\/01\/AWRI-ROSA.png","type":"image\/png"}],"twitter_card":"summary_large_image","twitter_misc":{"Dur\u00e9e de lecture estim\u00e9e":"1 minute"},"schema":{"@context":"https:\/\/schema.org","@graph":[{"@type":"WebPage","@id":"https:\/\/experti.it\/fr\/prodotto\/awri-rosa-saccharomyces-cerevisiae\/","url":"https:\/\/experti.it\/fr\/prodotto\/awri-rosa-saccharomyces-cerevisiae\/","name":"AWRI ROSA | Saccharomyces cerevisiae - Experti","isPartOf":{"@id":"https:\/\/experti.it\/fr\/#website"},"primaryImageOfPage":{"@id":"https:\/\/experti.it\/fr\/prodotto\/awri-rosa-saccharomyces-cerevisiae\/#primaryimage"},"image":{"@id":"https:\/\/experti.it\/fr\/prodotto\/awri-rosa-saccharomyces-cerevisiae\/#primaryimage"},"thumbnailUrl":"https:\/\/experti.it\/wp-content\/uploads\/2025\/01\/AWRI-ROSA.png","datePublished":"2025-01-27T20:33:31+00:00","description":"AWRI Rosa est une souche s\u00e9lectionn\u00e9e en collaboration avec l'Australian Wine Research Institute (AWRI), une souche de S. Cerevisiae produisant des ar\u00f4mes floraux tels que le p\u00e9tale de rose (2-ph\u00e9nyl\u00e9thanol et ac\u00e9tate de 2-ph\u00e9nyl\u00e9thyle).","breadcrumb":{"@id":"https:\/\/experti.it\/fr\/prodotto\/awri-rosa-saccharomyces-cerevisiae\/#breadcrumb"},"inLanguage":"fr-FR","potentialAction":[{"@type":"ReadAction","target":["https:\/\/experti.it\/fr\/prodotto\/awri-rosa-saccharomyces-cerevisiae\/"]}]},{"@type":"ImageObject","inLanguage":"fr-FR","@id":"https:\/\/experti.it\/fr\/prodotto\/awri-rosa-saccharomyces-cerevisiae\/#primaryimage","url":"https:\/\/experti.it\/wp-content\/uploads\/2025\/01\/AWRI-ROSA.png","contentUrl":"https:\/\/experti.it\/wp-content\/uploads\/2025\/01\/AWRI-ROSA.png","width":1125,"height":1124},{"@type":"BreadcrumbList","@id":"https:\/\/experti.it\/fr\/prodotto\/awri-rosa-saccharomyces-cerevisiae\/#breadcrumb","itemListElement":[{"@type":"ListItem","position":1,"name":"Home","item":"https:\/\/experti.it\/fr\/"},{"@type":"ListItem","position":2,"name":"Produits","item":"https:\/\/experti.it\/fr\/boutique\/"},{"@type":"ListItem","position":3,"name":"AWRI ROSA | Saccharomyces cerevisiae"}]},{"@type":"WebSite","@id":"https:\/\/experti.it\/fr\/#website","url":"https:\/\/experti.it\/fr\/","name":"Experti","description":"Enologia, tecnologia e innovazione","publisher":{"@id":"https:\/\/experti.it\/fr\/#organization"},"potentialAction":[{"@type":"SearchAction","target":{"@type":"EntryPoint","urlTemplate":"https:\/\/experti.it\/fr\/?s={search_term_string}"},"query-input":{"@type":"PropertyValueSpecification","valueRequired":true,"valueName":"search_term_string"}}],"inLanguage":"fr-FR"},{"@type":"Organization","@id":"https:\/\/experti.it\/fr\/#organization","name":"Experti","url":"https:\/\/experti.it\/fr\/","logo":{"@type":"ImageObject","inLanguage":"fr-FR","@id":"https:\/\/experti.it\/fr\/#\/schema\/logo\/image\/","url":"https:\/\/experti.it\/wp-content\/uploads\/2025\/01\/EXPERTI-LOGO-web.png","contentUrl":"https:\/\/experti.it\/wp-content\/uploads\/2025\/01\/EXPERTI-LOGO-web.png","width":484,"height":210,"caption":"Experti"},"image":{"@id":"https:\/\/experti.it\/fr\/#\/schema\/logo\/image\/"},"sameAs":["https:\/\/www.facebook.com\/www.experti.it\/","http:\/\/www.instagram.com\/experti.it"]}]}},"_links":{"self":[{"href":"https:\/\/experti.it\/fr\/wp-json\/wp\/v2\/product\/9597","targetHints":{"allow":["GET"]}}],"collection":[{"href":"https:\/\/experti.it\/fr\/wp-json\/wp\/v2\/product"}],"about":[{"href":"https:\/\/experti.it\/fr\/wp-json\/wp\/v2\/types\/product"}],"wp:featuredmedia":[{"embeddable":true,"href":"https:\/\/experti.it\/fr\/wp-json\/wp\/v2\/media\/7955"}],"wp:attachment":[{"href":"https:\/\/experti.it\/fr\/wp-json\/wp\/v2\/media?parent=9597"}],"wp:term":[{"taxonomy":"product_brand","embeddable":true,"href":"https:\/\/experti.it\/fr\/wp-json\/wp\/v2\/product_brand?post=9597"},{"taxonomy":"product_cat","embeddable":true,"href":"https:\/\/experti.it\/fr\/wp-json\/wp\/v2\/product_cat?post=9597"},{"taxonomy":"product_tag","embeddable":true,"href":"https:\/\/experti.it\/fr\/wp-json\/wp\/v2\/product_tag?post=9597"}],"curies":[{"name":"wp","href":"https:\/\/api.w.org\/{rel}","templated":true}]}}