{"id":9602,"date":"2025-01-27T21:33:31","date_gmt":"2025-01-27T20:33:31","guid":{"rendered":"https:\/\/stg.experti.it\/prodotto\/caribe-saccharomyces-cerevisiae-hybride\/"},"modified":"2025-10-17T12:31:04","modified_gmt":"2025-10-17T10:31:04","slug":"caribe-saccharomyces-cerevisiae-hybride","status":"publish","type":"product","link":"https:\/\/experti.it\/fr\/prodotto\/caribe-saccharomyces-cerevisiae-hybride\/","title":{"rendered":"CARIBE | Saccharomyces cerevisiae hybride"},"content":{"rendered":"<p>ExperTi CARIBE est une souche de levure hybride particuli\u00e8rement adapt\u00e9e \u00e0 la production de vins blancs et ros\u00e9s frais et fruit\u00e9s.<\/p>\n<p>Cette levure exalte les ar\u00f4mes de thiols (fruits de la passion, pamplemousse, goyave et groseille \u00e0 maquereau) et produit \u00e9galement des esters (ar\u00f4mes floraux et de fruits tropicaux).<\/p>\n<p>Il convient aux fermentations \u00e0 basse temp\u00e9rature avec des vari\u00e9t\u00e9s blanches telles que le Chardonnay, le Sauvignon, le Malvasia, le Muscat, le Muller Thurgau, le Verdicchio, le Glera, le Gewurztraminer et le Riesling.<\/p>\n<p>Parfaitement compatible avec l&rsquo;\u00e9laboration de vins blancs destin\u00e9s \u00e0 l&rsquo;\u00e9levage en barrique.<\/p>\n<p>\u00c9galement recommand\u00e9 pour la production de vins ros\u00e9s aromatiques, ainsi que de vins mousseux et p\u00e9tillants.<\/p>\n<p>Conditionnement : 500 g &#8211; 10 kg<\/p>\n<div style=\"clear: both;\"><\/div>\n<hr \/>\n<div id=\"features\">\n<div class=\"box\" style=\"float: left; width: 33%; padding: 20px;\"><\/div>\n<div class=\"box\" style=\"float: left; width: 33%; padding: 20px;\"><\/div>\n<div class=\"box\" style=\"float: left; width: 33%; padding: 20px;\"><\/div>\n<\/div>\n<div style=\"clear: both;\"><\/div>\n","protected":false},"excerpt":{"rendered":"<p>ExperTi CARIBE est une souche de levure hybride particuli\u00e8rement adapt\u00e9e \u00e0 la production de vins blancs et ros\u00e9s frais et&hellip;<\/p>\n","protected":false},"featured_media":18765,"template":"","meta":{"_cloudinary_featured_overwrite":false},"product_brand":[],"product_cat":[246],"product_tag":[],"class_list":{"0":"post-9602","1":"product","2":"type-product","3":"status-publish","4":"has-post-thumbnail","6":"product_cat-levures","8":"first","9":"instock","10":"shipping-taxable","11":"product-type-simple","12":"layout-style-1","13":"col-md-4 col-sm-4 col-xs-6","14":"col-lg-3","15":"product-style-slider"},"yoast_head":"<!-- This site is optimized with the Yoast SEO plugin v25.9 - https:\/\/yoast.com\/wordpress\/plugins\/seo\/ -->\n<title>CARIBE | Saccharomyces cerevisiae hybride - Experti<\/title>\n<meta name=\"robots\" content=\"index, follow, max-snippet:-1, max-image-preview:large, max-video-preview:-1\" \/>\n<link rel=\"canonical\" href=\"https:\/\/experti.it\/fr\/prodotto\/caribe-saccharomyces-cerevisiae-hybride\/\" \/>\n<meta property=\"og:locale\" content=\"fr_FR\" \/>\n<meta property=\"og:type\" content=\"article\" \/>\n<meta property=\"og:title\" content=\"CARIBE | Saccharomyces cerevisiae hybride - Experti\" \/>\n<meta property=\"og:description\" content=\"ExperTi CARIBE est une souche de levure hybride particuli\u00e8rement adapt\u00e9e \u00e0 la production de vins blancs et ros\u00e9s frais et&hellip;\" \/>\n<meta property=\"og:url\" content=\"https:\/\/experti.it\/fr\/prodotto\/caribe-saccharomyces-cerevisiae-hybride\/\" \/>\n<meta property=\"og:site_name\" content=\"Experti\" \/>\n<meta property=\"article:publisher\" content=\"https:\/\/www.facebook.com\/www.experti.it\/\" \/>\n<meta property=\"article:modified_time\" content=\"2025-10-17T10:31:04+00:00\" \/>\n<meta property=\"og:image\" content=\"https:\/\/experti.it\/wp-content\/uploads\/2025\/01\/CARIBE.png\" \/>\n\t<meta property=\"og:image:width\" content=\"1125\" \/>\n\t<meta property=\"og:image:height\" content=\"1124\" \/>\n\t<meta property=\"og:image:type\" content=\"image\/png\" \/>\n<meta name=\"twitter:card\" content=\"summary_large_image\" \/>\n<meta name=\"twitter:label1\" content=\"Dur\u00e9e de lecture estim\u00e9e\" \/>\n\t<meta name=\"twitter:data1\" content=\"1 minute\" \/>\n<script type=\"application\/ld+json\" class=\"yoast-schema-graph\">{\"@context\":\"https:\/\/schema.org\",\"@graph\":[{\"@type\":\"WebPage\",\"@id\":\"https:\/\/experti.it\/fr\/prodotto\/caribe-saccharomyces-cerevisiae-hybride\/\",\"url\":\"https:\/\/experti.it\/fr\/prodotto\/caribe-saccharomyces-cerevisiae-hybride\/\",\"name\":\"CARIBE | Saccharomyces cerevisiae hybride - Experti\",\"isPartOf\":{\"@id\":\"https:\/\/experti.it\/fr\/#website\"},\"primaryImageOfPage\":{\"@id\":\"https:\/\/experti.it\/fr\/prodotto\/caribe-saccharomyces-cerevisiae-hybride\/#primaryimage\"},\"image\":{\"@id\":\"https:\/\/experti.it\/fr\/prodotto\/caribe-saccharomyces-cerevisiae-hybride\/#primaryimage\"},\"thumbnailUrl\":\"https:\/\/res.cloudinary.com\/dso9cfgr2\/images\/f_auto,q_auto\/v1774645133\/EXPERTI-CARIBE_1876507c70\/EXPERTI-CARIBE_1876507c70.png?_i=AA\",\"datePublished\":\"2025-01-27T20:33:31+00:00\",\"dateModified\":\"2025-10-17T10:31:04+00:00\",\"breadcrumb\":{\"@id\":\"https:\/\/experti.it\/fr\/prodotto\/caribe-saccharomyces-cerevisiae-hybride\/#breadcrumb\"},\"inLanguage\":\"fr-FR\",\"potentialAction\":[{\"@type\":\"ReadAction\",\"target\":[\"https:\/\/experti.it\/fr\/prodotto\/caribe-saccharomyces-cerevisiae-hybride\/\"]}]},{\"@type\":\"ImageObject\",\"inLanguage\":\"fr-FR\",\"@id\":\"https:\/\/experti.it\/fr\/prodotto\/caribe-saccharomyces-cerevisiae-hybride\/#primaryimage\",\"url\":\"https:\/\/res.cloudinary.com\/dso9cfgr2\/images\/f_auto,q_auto\/v1774645133\/EXPERTI-CARIBE_1876507c70\/EXPERTI-CARIBE_1876507c70.png?_i=AA\",\"contentUrl\":\"https:\/\/res.cloudinary.com\/dso9cfgr2\/images\/f_auto,q_auto\/v1774645133\/EXPERTI-CARIBE_1876507c70\/EXPERTI-CARIBE_1876507c70.png?_i=AA\",\"width\":2342,\"height\":2342},{\"@type\":\"BreadcrumbList\",\"@id\":\"https:\/\/experti.it\/fr\/prodotto\/caribe-saccharomyces-cerevisiae-hybride\/#breadcrumb\",\"itemListElement\":[{\"@type\":\"ListItem\",\"position\":1,\"name\":\"Home\",\"item\":\"https:\/\/experti.it\/fr\/\"},{\"@type\":\"ListItem\",\"position\":2,\"name\":\"Produits\",\"item\":\"https:\/\/experti.it\/fr\/boutique\/\"},{\"@type\":\"ListItem\",\"position\":3,\"name\":\"Biotechnologie\",\"item\":\"https:\/\/experti.it\/fr\/categories-de-produits\/biotechnologie\/\"},{\"@type\":\"ListItem\",\"position\":4,\"name\":\"Levures\",\"item\":\"https:\/\/experti.it\/fr\/categories-de-produits\/biotechnologie\/levures\/\"},{\"@type\":\"ListItem\",\"position\":5,\"name\":\"CARIBE | Saccharomyces cerevisiae hybride\"}]},{\"@type\":\"WebSite\",\"@id\":\"https:\/\/experti.it\/fr\/#website\",\"url\":\"https:\/\/experti.it\/fr\/\",\"name\":\"Experti\",\"description\":\"Enologia, tecnologia e innovazione\",\"publisher\":{\"@id\":\"https:\/\/experti.it\/fr\/#organization\"},\"potentialAction\":[{\"@type\":\"SearchAction\",\"target\":{\"@type\":\"EntryPoint\",\"urlTemplate\":\"https:\/\/experti.it\/fr\/?s={search_term_string}\"},\"query-input\":{\"@type\":\"PropertyValueSpecification\",\"valueRequired\":true,\"valueName\":\"search_term_string\"}}],\"inLanguage\":\"fr-FR\"},{\"@type\":\"Organization\",\"@id\":\"https:\/\/experti.it\/fr\/#organization\",\"name\":\"Experti\",\"url\":\"https:\/\/experti.it\/fr\/\",\"logo\":{\"@type\":\"ImageObject\",\"inLanguage\":\"fr-FR\",\"@id\":\"https:\/\/experti.it\/fr\/#\/schema\/logo\/image\/\",\"url\":\"https:\/\/experti.it\/wp-content\/uploads\/2025\/01\/EXPERTI-LOGO-web.png\",\"contentUrl\":\"https:\/\/experti.it\/wp-content\/uploads\/2025\/01\/EXPERTI-LOGO-web.png\",\"width\":484,\"height\":210,\"caption\":\"Experti\"},\"image\":{\"@id\":\"https:\/\/experti.it\/fr\/#\/schema\/logo\/image\/\"},\"sameAs\":[\"https:\/\/www.facebook.com\/www.experti.it\/\",\"http:\/\/www.instagram.com\/experti.it\"]}]}<\/script>\n<!-- \/ Yoast SEO plugin. -->","yoast_head_json":{"title":"CARIBE | Saccharomyces cerevisiae hybride - Experti","robots":{"index":"index","follow":"follow","max-snippet":"max-snippet:-1","max-image-preview":"max-image-preview:large","max-video-preview":"max-video-preview:-1"},"canonical":"https:\/\/experti.it\/fr\/prodotto\/caribe-saccharomyces-cerevisiae-hybride\/","og_locale":"fr_FR","og_type":"article","og_title":"CARIBE | Saccharomyces cerevisiae hybride - Experti","og_description":"ExperTi CARIBE est une souche de levure hybride particuli\u00e8rement adapt\u00e9e \u00e0 la production de vins blancs et ros\u00e9s frais et&hellip;","og_url":"https:\/\/experti.it\/fr\/prodotto\/caribe-saccharomyces-cerevisiae-hybride\/","og_site_name":"Experti","article_publisher":"https:\/\/www.facebook.com\/www.experti.it\/","article_modified_time":"2025-10-17T10:31:04+00:00","og_image":[{"width":1125,"height":1124,"url":"https:\/\/experti.it\/wp-content\/uploads\/2025\/01\/CARIBE.png","type":"image\/png"}],"twitter_card":"summary_large_image","twitter_misc":{"Dur\u00e9e de lecture estim\u00e9e":"1 minute"},"schema":{"@context":"https:\/\/schema.org","@graph":[{"@type":"WebPage","@id":"https:\/\/experti.it\/fr\/prodotto\/caribe-saccharomyces-cerevisiae-hybride\/","url":"https:\/\/experti.it\/fr\/prodotto\/caribe-saccharomyces-cerevisiae-hybride\/","name":"CARIBE | Saccharomyces cerevisiae hybride - Experti","isPartOf":{"@id":"https:\/\/experti.it\/fr\/#website"},"primaryImageOfPage":{"@id":"https:\/\/experti.it\/fr\/prodotto\/caribe-saccharomyces-cerevisiae-hybride\/#primaryimage"},"image":{"@id":"https:\/\/experti.it\/fr\/prodotto\/caribe-saccharomyces-cerevisiae-hybride\/#primaryimage"},"thumbnailUrl":"https:\/\/res.cloudinary.com\/dso9cfgr2\/images\/f_auto,q_auto\/v1774645133\/EXPERTI-CARIBE_1876507c70\/EXPERTI-CARIBE_1876507c70.png?_i=AA","datePublished":"2025-01-27T20:33:31+00:00","dateModified":"2025-10-17T10:31:04+00:00","breadcrumb":{"@id":"https:\/\/experti.it\/fr\/prodotto\/caribe-saccharomyces-cerevisiae-hybride\/#breadcrumb"},"inLanguage":"fr-FR","potentialAction":[{"@type":"ReadAction","target":["https:\/\/experti.it\/fr\/prodotto\/caribe-saccharomyces-cerevisiae-hybride\/"]}]},{"@type":"ImageObject","inLanguage":"fr-FR","@id":"https:\/\/experti.it\/fr\/prodotto\/caribe-saccharomyces-cerevisiae-hybride\/#primaryimage","url":"https:\/\/res.cloudinary.com\/dso9cfgr2\/images\/f_auto,q_auto\/v1774645133\/EXPERTI-CARIBE_1876507c70\/EXPERTI-CARIBE_1876507c70.png?_i=AA","contentUrl":"https:\/\/res.cloudinary.com\/dso9cfgr2\/images\/f_auto,q_auto\/v1774645133\/EXPERTI-CARIBE_1876507c70\/EXPERTI-CARIBE_1876507c70.png?_i=AA","width":2342,"height":2342},{"@type":"BreadcrumbList","@id":"https:\/\/experti.it\/fr\/prodotto\/caribe-saccharomyces-cerevisiae-hybride\/#breadcrumb","itemListElement":[{"@type":"ListItem","position":1,"name":"Home","item":"https:\/\/experti.it\/fr\/"},{"@type":"ListItem","position":2,"name":"Produits","item":"https:\/\/experti.it\/fr\/boutique\/"},{"@type":"ListItem","position":3,"name":"Biotechnologie","item":"https:\/\/experti.it\/fr\/categories-de-produits\/biotechnologie\/"},{"@type":"ListItem","position":4,"name":"Levures","item":"https:\/\/experti.it\/fr\/categories-de-produits\/biotechnologie\/levures\/"},{"@type":"ListItem","position":5,"name":"CARIBE | Saccharomyces cerevisiae hybride"}]},{"@type":"WebSite","@id":"https:\/\/experti.it\/fr\/#website","url":"https:\/\/experti.it\/fr\/","name":"Experti","description":"Enologia, tecnologia e innovazione","publisher":{"@id":"https:\/\/experti.it\/fr\/#organization"},"potentialAction":[{"@type":"SearchAction","target":{"@type":"EntryPoint","urlTemplate":"https:\/\/experti.it\/fr\/?s={search_term_string}"},"query-input":{"@type":"PropertyValueSpecification","valueRequired":true,"valueName":"search_term_string"}}],"inLanguage":"fr-FR"},{"@type":"Organization","@id":"https:\/\/experti.it\/fr\/#organization","name":"Experti","url":"https:\/\/experti.it\/fr\/","logo":{"@type":"ImageObject","inLanguage":"fr-FR","@id":"https:\/\/experti.it\/fr\/#\/schema\/logo\/image\/","url":"https:\/\/experti.it\/wp-content\/uploads\/2025\/01\/EXPERTI-LOGO-web.png","contentUrl":"https:\/\/experti.it\/wp-content\/uploads\/2025\/01\/EXPERTI-LOGO-web.png","width":484,"height":210,"caption":"Experti"},"image":{"@id":"https:\/\/experti.it\/fr\/#\/schema\/logo\/image\/"},"sameAs":["https:\/\/www.facebook.com\/www.experti.it\/","http:\/\/www.instagram.com\/experti.it"]}]}},"_links":{"self":[{"href":"https:\/\/experti.it\/fr\/wp-json\/wp\/v2\/product\/9602","targetHints":{"allow":["GET"]}}],"collection":[{"href":"https:\/\/experti.it\/fr\/wp-json\/wp\/v2\/product"}],"about":[{"href":"https:\/\/experti.it\/fr\/wp-json\/wp\/v2\/types\/product"}],"wp:featuredmedia":[{"embeddable":true,"href":"https:\/\/experti.it\/fr\/wp-json\/wp\/v2\/media\/18765"}],"wp:attachment":[{"href":"https:\/\/experti.it\/fr\/wp-json\/wp\/v2\/media?parent=9602"}],"wp:term":[{"taxonomy":"product_brand","embeddable":true,"href":"https:\/\/experti.it\/fr\/wp-json\/wp\/v2\/product_brand?post=9602"},{"taxonomy":"product_cat","embeddable":true,"href":"https:\/\/experti.it\/fr\/wp-json\/wp\/v2\/product_cat?post=9602"},{"taxonomy":"product_tag","embeddable":true,"href":"https:\/\/experti.it\/fr\/wp-json\/wp\/v2\/product_tag?post=9602"}],"curies":[{"name":"wp","href":"https:\/\/api.w.org\/{rel}","templated":true}]}}