{"id":9741,"date":"2025-01-27T21:32:12","date_gmt":"2025-01-27T20:32:12","guid":{"rendered":"https:\/\/stg.experti.it\/prodotto\/clarifier-fitopure\/"},"modified":"2025-10-22T12:24:02","modified_gmt":"2025-10-22T10:24:02","slug":"clarifier-fitopure","status":"publish","type":"product","link":"https:\/\/experti.it\/fr\/prodotto\/clarifier-fitopure\/","title":{"rendered":"CLARIFIER FITOPURE"},"content":{"rendered":"<p>Agent clarifiant complexe \u00e0 base de prot\u00e9ines v\u00e9g\u00e9tales, \u00e0 forte action clarifiante et \u00e9claircissante sur les vins blancs, rouges et ros\u00e9s. Stabilise la couleur en \u00e9liminant les compos\u00e9s ph\u00e9noliques oxyd\u00e9s et oxydables, en am\u00e9liorant la filtrabilit\u00e9 gr\u00e2ce \u00e0 une action d\u00e9m\u00ealante. Convient aux clarifications les plus exigeantes o\u00f9 un dosage \u00e9lev\u00e9 est n\u00e9cessaire pour permettre une s\u00e9dimentation rapide et compacte.<\/p>\n<p>Conditionnement : 1 kg<\/p>\n<p>Les clarifiants naturels de la gamme CLARIFY sont des produits innovants \u00e0 base de prot\u00e9ines de pois et de pomme de terre, totalement naturels et sans allerg\u00e8nes, qui viennent \u00e9galement compl\u00e9ter la gamme de produits Freewine\u00ae pour l&rsquo;\u00e9laboration de vins \u00e0 faible teneur en sulfites et en allerg\u00e8nes. La gamme CLARIFY est une excellente alternative aux clarifiants allerg\u00e8nes pour mo\u00fbts et vins utilis\u00e9s jusqu&rsquo;\u00e0 pr\u00e9sent : cas\u00e9ine et albumine in primis.<\/p>\n<p>Les produits \u00e9tiquet\u00e9s en noir font partie de Freewine\u00ae, une sp\u00e9cification qui permet de r\u00e9duire consid\u00e9rablement la quantit\u00e9 de sulfites ajout\u00e9s dans les vins. Les objectifs ultimes sont les suivants : une salubrit\u00e9 maximale du vin, l&rsquo;expression de la combinaison pure du c\u00e9page et du terroir, et l&rsquo;utilisation responsable et durable de la technologie comme outil permettant d&rsquo;atteindre les r\u00e9sultats.<\/p>\n<div style=\"clear: both;\"><\/div>\n<hr \/>\n<div id=\"features\">\n<div class=\"box\" style=\"float: left; width: 33%; padding: 20px;\"><\/div>\n<div class=\"box\" style=\"float: left; width: 33%; padding: 20px;\"><\/div>\n<\/div>\n<div style=\"clear: both;\"><\/div>\n","protected":false},"excerpt":{"rendered":"<p>Agent clarifiant complexe \u00e0 base de prot\u00e9ines v\u00e9g\u00e9tales, \u00e0 forte action clarifiante et \u00e9claircissante sur les vins blancs, rouges et&hellip;<\/p>\n","protected":false},"featured_media":8241,"template":"","meta":{"_cloudinary_featured_overwrite":false},"product_brand":[],"product_cat":[251],"product_tag":[],"class_list":{"0":"post-9741","1":"product","2":"type-product","3":"status-publish","4":"has-post-thumbnail","6":"product_cat-clarificateurs","8":"first","9":"instock","10":"shipping-taxable","11":"product-type-simple","12":"layout-style-1","13":"col-md-4 col-sm-4 col-xs-6","14":"col-lg-3","15":"product-style-slider"},"yoast_head":"<!-- This site is optimized with the Yoast SEO plugin v25.9 - https:\/\/yoast.com\/wordpress\/plugins\/seo\/ -->\n<title>CLARIFIER FITOPURE - Experti<\/title>\n<meta name=\"description\" content=\"Agent clarifiant complexe \u00e0 base de prot\u00e9ines v\u00e9g\u00e9tales. Forte action clarifiante et \u00e9claircissante sur les vins blancs, rouges et ros\u00e9s.\" \/>\n<meta name=\"robots\" content=\"index, follow, max-snippet:-1, max-image-preview:large, max-video-preview:-1\" \/>\n<link rel=\"canonical\" href=\"https:\/\/experti.it\/fr\/prodotto\/clarifier-fitopure\/\" \/>\n<meta property=\"og:locale\" content=\"fr_FR\" \/>\n<meta property=\"og:type\" content=\"article\" \/>\n<meta property=\"og:title\" content=\"CLARIFIER FITOPURE - Experti\" \/>\n<meta property=\"og:description\" content=\"Agent clarifiant complexe \u00e0 base de prot\u00e9ines v\u00e9g\u00e9tales. Forte action clarifiante et \u00e9claircissante sur les vins blancs, rouges et ros\u00e9s.\" \/>\n<meta property=\"og:url\" content=\"https:\/\/experti.it\/fr\/prodotto\/clarifier-fitopure\/\" \/>\n<meta property=\"og:site_name\" content=\"Experti\" \/>\n<meta property=\"article:publisher\" content=\"https:\/\/www.facebook.com\/www.experti.it\/\" \/>\n<meta property=\"article:modified_time\" content=\"2025-10-22T10:24:02+00:00\" \/>\n<meta property=\"og:image\" content=\"https:\/\/experti.it\/wp-content\/uploads\/2025\/01\/CLARIFY-FITOPURE-1.png\" \/>\n\t<meta property=\"og:image:width\" content=\"1125\" \/>\n\t<meta property=\"og:image:height\" content=\"1124\" \/>\n\t<meta property=\"og:image:type\" content=\"image\/png\" \/>\n<meta name=\"twitter:card\" content=\"summary_large_image\" \/>\n<meta name=\"twitter:label1\" content=\"Dur\u00e9e de lecture estim\u00e9e\" \/>\n\t<meta name=\"twitter:data1\" content=\"2 minutes\" \/>\n<script type=\"application\/ld+json\" class=\"yoast-schema-graph\">{\"@context\":\"https:\/\/schema.org\",\"@graph\":[{\"@type\":\"WebPage\",\"@id\":\"https:\/\/experti.it\/fr\/prodotto\/clarifier-fitopure\/\",\"url\":\"https:\/\/experti.it\/fr\/prodotto\/clarifier-fitopure\/\",\"name\":\"CLARIFIER FITOPURE - Experti\",\"isPartOf\":{\"@id\":\"https:\/\/experti.it\/fr\/#website\"},\"primaryImageOfPage\":{\"@id\":\"https:\/\/experti.it\/fr\/prodotto\/clarifier-fitopure\/#primaryimage\"},\"image\":{\"@id\":\"https:\/\/experti.it\/fr\/prodotto\/clarifier-fitopure\/#primaryimage\"},\"thumbnailUrl\":\"https:\/\/experti.it\/wp-content\/uploads\/2025\/01\/CLARIFY-FITOPURE-1.png\",\"datePublished\":\"2025-01-27T20:32:12+00:00\",\"dateModified\":\"2025-10-22T10:24:02+00:00\",\"description\":\"Agent clarifiant complexe \u00e0 base de prot\u00e9ines v\u00e9g\u00e9tales. Forte action clarifiante et \u00e9claircissante sur les vins blancs, rouges et ros\u00e9s.\",\"breadcrumb\":{\"@id\":\"https:\/\/experti.it\/fr\/prodotto\/clarifier-fitopure\/#breadcrumb\"},\"inLanguage\":\"fr-FR\",\"potentialAction\":[{\"@type\":\"ReadAction\",\"target\":[\"https:\/\/experti.it\/fr\/prodotto\/clarifier-fitopure\/\"]}]},{\"@type\":\"ImageObject\",\"inLanguage\":\"fr-FR\",\"@id\":\"https:\/\/experti.it\/fr\/prodotto\/clarifier-fitopure\/#primaryimage\",\"url\":\"https:\/\/experti.it\/wp-content\/uploads\/2025\/01\/CLARIFY-FITOPURE-1.png\",\"contentUrl\":\"https:\/\/experti.it\/wp-content\/uploads\/2025\/01\/CLARIFY-FITOPURE-1.png\",\"width\":1125,\"height\":1124},{\"@type\":\"BreadcrumbList\",\"@id\":\"https:\/\/experti.it\/fr\/prodotto\/clarifier-fitopure\/#breadcrumb\",\"itemListElement\":[{\"@type\":\"ListItem\",\"position\":1,\"name\":\"Home\",\"item\":\"https:\/\/experti.it\/fr\/\"},{\"@type\":\"ListItem\",\"position\":2,\"name\":\"Produits\",\"item\":\"https:\/\/experti.it\/fr\/boutique\/\"},{\"@type\":\"ListItem\",\"position\":3,\"name\":\"Biotechnologie\",\"item\":\"https:\/\/experti.it\/fr\/categories-de-produits\/biotechnologie\/\"},{\"@type\":\"ListItem\",\"position\":4,\"name\":\"Clarificateurs\",\"item\":\"https:\/\/experti.it\/fr\/categories-de-produits\/biotechnologie\/clarificateurs\/\"},{\"@type\":\"ListItem\",\"position\":5,\"name\":\"CLARIFIER FITOPURE\"}]},{\"@type\":\"WebSite\",\"@id\":\"https:\/\/experti.it\/fr\/#website\",\"url\":\"https:\/\/experti.it\/fr\/\",\"name\":\"Experti\",\"description\":\"Enologia, tecnologia e innovazione\",\"publisher\":{\"@id\":\"https:\/\/experti.it\/fr\/#organization\"},\"potentialAction\":[{\"@type\":\"SearchAction\",\"target\":{\"@type\":\"EntryPoint\",\"urlTemplate\":\"https:\/\/experti.it\/fr\/?s={search_term_string}\"},\"query-input\":{\"@type\":\"PropertyValueSpecification\",\"valueRequired\":true,\"valueName\":\"search_term_string\"}}],\"inLanguage\":\"fr-FR\"},{\"@type\":\"Organization\",\"@id\":\"https:\/\/experti.it\/fr\/#organization\",\"name\":\"Experti\",\"url\":\"https:\/\/experti.it\/fr\/\",\"logo\":{\"@type\":\"ImageObject\",\"inLanguage\":\"fr-FR\",\"@id\":\"https:\/\/experti.it\/fr\/#\/schema\/logo\/image\/\",\"url\":\"https:\/\/experti.it\/wp-content\/uploads\/2025\/01\/EXPERTI-LOGO-web.png\",\"contentUrl\":\"https:\/\/experti.it\/wp-content\/uploads\/2025\/01\/EXPERTI-LOGO-web.png\",\"width\":484,\"height\":210,\"caption\":\"Experti\"},\"image\":{\"@id\":\"https:\/\/experti.it\/fr\/#\/schema\/logo\/image\/\"},\"sameAs\":[\"https:\/\/www.facebook.com\/www.experti.it\/\",\"http:\/\/www.instagram.com\/experti.it\"]}]}<\/script>\n<!-- \/ Yoast SEO plugin. -->","yoast_head_json":{"title":"CLARIFIER FITOPURE - Experti","description":"Agent clarifiant complexe \u00e0 base de prot\u00e9ines v\u00e9g\u00e9tales. Forte action clarifiante et \u00e9claircissante sur les vins blancs, rouges et ros\u00e9s.","robots":{"index":"index","follow":"follow","max-snippet":"max-snippet:-1","max-image-preview":"max-image-preview:large","max-video-preview":"max-video-preview:-1"},"canonical":"https:\/\/experti.it\/fr\/prodotto\/clarifier-fitopure\/","og_locale":"fr_FR","og_type":"article","og_title":"CLARIFIER FITOPURE - Experti","og_description":"Agent clarifiant complexe \u00e0 base de prot\u00e9ines v\u00e9g\u00e9tales. Forte action clarifiante et \u00e9claircissante sur les vins blancs, rouges et ros\u00e9s.","og_url":"https:\/\/experti.it\/fr\/prodotto\/clarifier-fitopure\/","og_site_name":"Experti","article_publisher":"https:\/\/www.facebook.com\/www.experti.it\/","article_modified_time":"2025-10-22T10:24:02+00:00","og_image":[{"width":1125,"height":1124,"url":"https:\/\/experti.it\/wp-content\/uploads\/2025\/01\/CLARIFY-FITOPURE-1.png","type":"image\/png"}],"twitter_card":"summary_large_image","twitter_misc":{"Dur\u00e9e de lecture estim\u00e9e":"2 minutes"},"schema":{"@context":"https:\/\/schema.org","@graph":[{"@type":"WebPage","@id":"https:\/\/experti.it\/fr\/prodotto\/clarifier-fitopure\/","url":"https:\/\/experti.it\/fr\/prodotto\/clarifier-fitopure\/","name":"CLARIFIER FITOPURE - Experti","isPartOf":{"@id":"https:\/\/experti.it\/fr\/#website"},"primaryImageOfPage":{"@id":"https:\/\/experti.it\/fr\/prodotto\/clarifier-fitopure\/#primaryimage"},"image":{"@id":"https:\/\/experti.it\/fr\/prodotto\/clarifier-fitopure\/#primaryimage"},"thumbnailUrl":"https:\/\/experti.it\/wp-content\/uploads\/2025\/01\/CLARIFY-FITOPURE-1.png","datePublished":"2025-01-27T20:32:12+00:00","dateModified":"2025-10-22T10:24:02+00:00","description":"Agent clarifiant complexe \u00e0 base de prot\u00e9ines v\u00e9g\u00e9tales. Forte action clarifiante et \u00e9claircissante sur les vins blancs, rouges et ros\u00e9s.","breadcrumb":{"@id":"https:\/\/experti.it\/fr\/prodotto\/clarifier-fitopure\/#breadcrumb"},"inLanguage":"fr-FR","potentialAction":[{"@type":"ReadAction","target":["https:\/\/experti.it\/fr\/prodotto\/clarifier-fitopure\/"]}]},{"@type":"ImageObject","inLanguage":"fr-FR","@id":"https:\/\/experti.it\/fr\/prodotto\/clarifier-fitopure\/#primaryimage","url":"https:\/\/experti.it\/wp-content\/uploads\/2025\/01\/CLARIFY-FITOPURE-1.png","contentUrl":"https:\/\/experti.it\/wp-content\/uploads\/2025\/01\/CLARIFY-FITOPURE-1.png","width":1125,"height":1124},{"@type":"BreadcrumbList","@id":"https:\/\/experti.it\/fr\/prodotto\/clarifier-fitopure\/#breadcrumb","itemListElement":[{"@type":"ListItem","position":1,"name":"Home","item":"https:\/\/experti.it\/fr\/"},{"@type":"ListItem","position":2,"name":"Produits","item":"https:\/\/experti.it\/fr\/boutique\/"},{"@type":"ListItem","position":3,"name":"Biotechnologie","item":"https:\/\/experti.it\/fr\/categories-de-produits\/biotechnologie\/"},{"@type":"ListItem","position":4,"name":"Clarificateurs","item":"https:\/\/experti.it\/fr\/categories-de-produits\/biotechnologie\/clarificateurs\/"},{"@type":"ListItem","position":5,"name":"CLARIFIER FITOPURE"}]},{"@type":"WebSite","@id":"https:\/\/experti.it\/fr\/#website","url":"https:\/\/experti.it\/fr\/","name":"Experti","description":"Enologia, tecnologia e innovazione","publisher":{"@id":"https:\/\/experti.it\/fr\/#organization"},"potentialAction":[{"@type":"SearchAction","target":{"@type":"EntryPoint","urlTemplate":"https:\/\/experti.it\/fr\/?s={search_term_string}"},"query-input":{"@type":"PropertyValueSpecification","valueRequired":true,"valueName":"search_term_string"}}],"inLanguage":"fr-FR"},{"@type":"Organization","@id":"https:\/\/experti.it\/fr\/#organization","name":"Experti","url":"https:\/\/experti.it\/fr\/","logo":{"@type":"ImageObject","inLanguage":"fr-FR","@id":"https:\/\/experti.it\/fr\/#\/schema\/logo\/image\/","url":"https:\/\/experti.it\/wp-content\/uploads\/2025\/01\/EXPERTI-LOGO-web.png","contentUrl":"https:\/\/experti.it\/wp-content\/uploads\/2025\/01\/EXPERTI-LOGO-web.png","width":484,"height":210,"caption":"Experti"},"image":{"@id":"https:\/\/experti.it\/fr\/#\/schema\/logo\/image\/"},"sameAs":["https:\/\/www.facebook.com\/www.experti.it\/","http:\/\/www.instagram.com\/experti.it"]}]}},"_links":{"self":[{"href":"https:\/\/experti.it\/fr\/wp-json\/wp\/v2\/product\/9741","targetHints":{"allow":["GET"]}}],"collection":[{"href":"https:\/\/experti.it\/fr\/wp-json\/wp\/v2\/product"}],"about":[{"href":"https:\/\/experti.it\/fr\/wp-json\/wp\/v2\/types\/product"}],"wp:featuredmedia":[{"embeddable":true,"href":"https:\/\/experti.it\/fr\/wp-json\/wp\/v2\/media\/8241"}],"wp:attachment":[{"href":"https:\/\/experti.it\/fr\/wp-json\/wp\/v2\/media?parent=9741"}],"wp:term":[{"taxonomy":"product_brand","embeddable":true,"href":"https:\/\/experti.it\/fr\/wp-json\/wp\/v2\/product_brand?post=9741"},{"taxonomy":"product_cat","embeddable":true,"href":"https:\/\/experti.it\/fr\/wp-json\/wp\/v2\/product_cat?post=9741"},{"taxonomy":"product_tag","embeddable":true,"href":"https:\/\/experti.it\/fr\/wp-json\/wp\/v2\/product_tag?post=9741"}],"curies":[{"name":"wp","href":"https:\/\/api.w.org\/{rel}","templated":true}]}}