{"id":9822,"date":"2025-01-27T21:32:10","date_gmt":"2025-01-27T20:32:10","guid":{"rendered":"https:\/\/stg.experti.it\/prodotto\/record-saccharomyces-cerevisiae\/"},"modified":"2025-07-16T17:56:54","modified_gmt":"2025-07-16T15:56:54","slug":"record-saccharomyces-cerevisiae","status":"publish","type":"product","link":"https:\/\/experti.it\/fr\/prodotto\/record-saccharomyces-cerevisiae\/","title":{"rendered":"RECORD | Saccharomyces cerevisiae"},"content":{"rendered":"<p>Saccharomyces cerevisiae , est particuli\u00e8rement adapt\u00e9e \u00e0 la vinification de vins rouges cors\u00e9s et structur\u00e9s, car il s&rsquo;agit d&rsquo;une souche r\u00e9sistante aux fortes teneurs en alcool.<br \/>\nElle permet une fermentation propre et r\u00e9guli\u00e8re, m\u00eame \u00e0 des temp\u00e9ratures \u00e9lev\u00e9es, ce qui garantit de bons r\u00e9sultats dans les mo\u00fbts vinifi\u00e9s sans contr\u00f4le de la temp\u00e9rature, renforce le caract\u00e8re intense et fruit\u00e9 et est particuli\u00e8rement adapt\u00e9e \u00e0 la fermentation des mo\u00fbts de raisins passerill\u00e9s et au red\u00e9marrage des arr\u00eats de fermentation. Conditionnement : 500 g<\/p>\n<div style=\"clear: both;\"><\/div>\n<hr \/>\n<div id=\"features\">\n<div class=\"box\" style=\"float: left; width: 33%; padding: 20px;\">[radar v=\u00a0\u00bbVINI ROSSI Fruttato=4,8;Complessit\u00e0=4;Colore=4,5;Glicerolo=4;Aromi varietali=5&Prime;]<\/div>\n<div class=\"box\" style=\"float: left; width: 33%; padding: 20px;\"><\/div>\n<div class=\"box\" style=\"float: left; width: 33%; padding: 20px;\"><\/div>\n<div class=\"box\" style=\"float: left; width: 33%; padding: 20px;\"><\/div>\n<\/div>\n<div style=\"clear: both;\"><\/div>\n","protected":false},"excerpt":{"rendered":"<p>Saccharomyces cerevisiae , est particuli\u00e8rement adapt\u00e9e \u00e0 la vinification de vins rouges cors\u00e9s et structur\u00e9s, car il s&rsquo;agit d&rsquo;une souche&hellip;<\/p>\n","protected":false},"featured_media":8282,"template":"","meta":{"_cloudinary_featured_overwrite":false},"product_brand":[],"product_cat":[246],"product_tag":[],"class_list":{"0":"post-9822","1":"product","2":"type-product","3":"status-publish","4":"has-post-thumbnail","6":"product_cat-levures","8":"first","9":"instock","10":"shipping-taxable","11":"product-type-simple","12":"layout-style-1","13":"col-md-4 col-sm-4 col-xs-6","14":"col-lg-3","15":"product-style-slider"},"yoast_head":"<!-- This site is optimized with the Yoast SEO plugin v25.9 - https:\/\/yoast.com\/wordpress\/plugins\/seo\/ -->\n<title>RECORD | Saccharomyces cerevisiae - Experti<\/title>\n<meta name=\"description\" content=\"Saccharomyces cerevisiae , est particuli\u00e8rement adapt\u00e9e \u00e0 la vinification de vins rouges cors\u00e9s et structur\u00e9s, car il s&#039;agit d&#039;une souche r\u00e9sistante aux fortes teneurs en alcool.\" \/>\n<meta name=\"robots\" content=\"index, follow, max-snippet:-1, max-image-preview:large, max-video-preview:-1\" \/>\n<link rel=\"canonical\" href=\"https:\/\/experti.it\/fr\/prodotto\/record-saccharomyces-cerevisiae\/\" \/>\n<meta property=\"og:locale\" content=\"fr_FR\" \/>\n<meta property=\"og:type\" content=\"article\" \/>\n<meta property=\"og:title\" content=\"RECORD | Saccharomyces cerevisiae - Experti\" \/>\n<meta property=\"og:description\" content=\"Saccharomyces cerevisiae , est particuli\u00e8rement adapt\u00e9e \u00e0 la vinification de vins rouges cors\u00e9s et structur\u00e9s, car il s&#039;agit d&#039;une souche r\u00e9sistante aux fortes teneurs en alcool.\" \/>\n<meta property=\"og:url\" content=\"https:\/\/experti.it\/fr\/prodotto\/record-saccharomyces-cerevisiae\/\" \/>\n<meta property=\"og:site_name\" content=\"Experti\" \/>\n<meta property=\"article:publisher\" content=\"https:\/\/www.facebook.com\/www.experti.it\/\" \/>\n<meta property=\"article:modified_time\" content=\"2025-07-16T15:56:54+00:00\" \/>\n<meta property=\"og:image\" content=\"https:\/\/experti.it\/wp-content\/uploads\/2025\/01\/EXPERTI-RECORD.png\" \/>\n\t<meta property=\"og:image:width\" content=\"1687\" \/>\n\t<meta property=\"og:image:height\" content=\"1686\" \/>\n\t<meta property=\"og:image:type\" content=\"image\/png\" \/>\n<meta name=\"twitter:card\" content=\"summary_large_image\" \/>\n<meta name=\"twitter:label1\" content=\"Dur\u00e9e de lecture estim\u00e9e\" \/>\n\t<meta name=\"twitter:data1\" content=\"1 minute\" \/>\n<script type=\"application\/ld+json\" class=\"yoast-schema-graph\">{\"@context\":\"https:\/\/schema.org\",\"@graph\":[{\"@type\":\"WebPage\",\"@id\":\"https:\/\/experti.it\/fr\/prodotto\/record-saccharomyces-cerevisiae\/\",\"url\":\"https:\/\/experti.it\/fr\/prodotto\/record-saccharomyces-cerevisiae\/\",\"name\":\"RECORD | Saccharomyces cerevisiae - Experti\",\"isPartOf\":{\"@id\":\"https:\/\/experti.it\/fr\/#website\"},\"primaryImageOfPage\":{\"@id\":\"https:\/\/experti.it\/fr\/prodotto\/record-saccharomyces-cerevisiae\/#primaryimage\"},\"image\":{\"@id\":\"https:\/\/experti.it\/fr\/prodotto\/record-saccharomyces-cerevisiae\/#primaryimage\"},\"thumbnailUrl\":\"https:\/\/experti.it\/wp-content\/uploads\/2025\/01\/EXPERTI-RECORD.png\",\"datePublished\":\"2025-01-27T20:32:10+00:00\",\"dateModified\":\"2025-07-16T15:56:54+00:00\",\"description\":\"Saccharomyces cerevisiae , est particuli\u00e8rement adapt\u00e9e \u00e0 la vinification de vins rouges cors\u00e9s et structur\u00e9s, car il s'agit d'une souche r\u00e9sistante aux fortes teneurs en alcool.\",\"breadcrumb\":{\"@id\":\"https:\/\/experti.it\/fr\/prodotto\/record-saccharomyces-cerevisiae\/#breadcrumb\"},\"inLanguage\":\"fr-FR\",\"potentialAction\":[{\"@type\":\"ReadAction\",\"target\":[\"https:\/\/experti.it\/fr\/prodotto\/record-saccharomyces-cerevisiae\/\"]}]},{\"@type\":\"ImageObject\",\"inLanguage\":\"fr-FR\",\"@id\":\"https:\/\/experti.it\/fr\/prodotto\/record-saccharomyces-cerevisiae\/#primaryimage\",\"url\":\"https:\/\/experti.it\/wp-content\/uploads\/2025\/01\/EXPERTI-RECORD.png\",\"contentUrl\":\"https:\/\/experti.it\/wp-content\/uploads\/2025\/01\/EXPERTI-RECORD.png\",\"width\":1687,\"height\":1686},{\"@type\":\"BreadcrumbList\",\"@id\":\"https:\/\/experti.it\/fr\/prodotto\/record-saccharomyces-cerevisiae\/#breadcrumb\",\"itemListElement\":[{\"@type\":\"ListItem\",\"position\":1,\"name\":\"Home\",\"item\":\"https:\/\/experti.it\/fr\/\"},{\"@type\":\"ListItem\",\"position\":2,\"name\":\"Produits\",\"item\":\"https:\/\/experti.it\/fr\/boutique\/\"},{\"@type\":\"ListItem\",\"position\":3,\"name\":\"Biotechnologie\",\"item\":\"https:\/\/experti.it\/fr\/categories-de-produits\/biotechnologie\/\"},{\"@type\":\"ListItem\",\"position\":4,\"name\":\"Levures\",\"item\":\"https:\/\/experti.it\/fr\/categories-de-produits\/biotechnologie\/levures\/\"},{\"@type\":\"ListItem\",\"position\":5,\"name\":\"RECORD | Saccharomyces cerevisiae\"}]},{\"@type\":\"WebSite\",\"@id\":\"https:\/\/experti.it\/fr\/#website\",\"url\":\"https:\/\/experti.it\/fr\/\",\"name\":\"Experti\",\"description\":\"Enologia, tecnologia e innovazione\",\"publisher\":{\"@id\":\"https:\/\/experti.it\/fr\/#organization\"},\"potentialAction\":[{\"@type\":\"SearchAction\",\"target\":{\"@type\":\"EntryPoint\",\"urlTemplate\":\"https:\/\/experti.it\/fr\/?s={search_term_string}\"},\"query-input\":{\"@type\":\"PropertyValueSpecification\",\"valueRequired\":true,\"valueName\":\"search_term_string\"}}],\"inLanguage\":\"fr-FR\"},{\"@type\":\"Organization\",\"@id\":\"https:\/\/experti.it\/fr\/#organization\",\"name\":\"Experti\",\"url\":\"https:\/\/experti.it\/fr\/\",\"logo\":{\"@type\":\"ImageObject\",\"inLanguage\":\"fr-FR\",\"@id\":\"https:\/\/experti.it\/fr\/#\/schema\/logo\/image\/\",\"url\":\"https:\/\/experti.it\/wp-content\/uploads\/2025\/01\/EXPERTI-LOGO-web.png\",\"contentUrl\":\"https:\/\/experti.it\/wp-content\/uploads\/2025\/01\/EXPERTI-LOGO-web.png\",\"width\":484,\"height\":210,\"caption\":\"Experti\"},\"image\":{\"@id\":\"https:\/\/experti.it\/fr\/#\/schema\/logo\/image\/\"},\"sameAs\":[\"https:\/\/www.facebook.com\/www.experti.it\/\",\"http:\/\/www.instagram.com\/experti.it\"]}]}<\/script>\n<!-- \/ Yoast SEO plugin. -->","yoast_head_json":{"title":"RECORD | Saccharomyces cerevisiae - Experti","description":"Saccharomyces cerevisiae , est particuli\u00e8rement adapt\u00e9e \u00e0 la vinification de vins rouges cors\u00e9s et structur\u00e9s, car il s'agit d'une souche r\u00e9sistante aux fortes teneurs en alcool.","robots":{"index":"index","follow":"follow","max-snippet":"max-snippet:-1","max-image-preview":"max-image-preview:large","max-video-preview":"max-video-preview:-1"},"canonical":"https:\/\/experti.it\/fr\/prodotto\/record-saccharomyces-cerevisiae\/","og_locale":"fr_FR","og_type":"article","og_title":"RECORD | Saccharomyces cerevisiae - Experti","og_description":"Saccharomyces cerevisiae , est particuli\u00e8rement adapt\u00e9e \u00e0 la vinification de vins rouges cors\u00e9s et structur\u00e9s, car il s'agit d'une souche r\u00e9sistante aux fortes teneurs en alcool.","og_url":"https:\/\/experti.it\/fr\/prodotto\/record-saccharomyces-cerevisiae\/","og_site_name":"Experti","article_publisher":"https:\/\/www.facebook.com\/www.experti.it\/","article_modified_time":"2025-07-16T15:56:54+00:00","og_image":[{"width":1687,"height":1686,"url":"https:\/\/experti.it\/wp-content\/uploads\/2025\/01\/EXPERTI-RECORD.png","type":"image\/png"}],"twitter_card":"summary_large_image","twitter_misc":{"Dur\u00e9e de lecture estim\u00e9e":"1 minute"},"schema":{"@context":"https:\/\/schema.org","@graph":[{"@type":"WebPage","@id":"https:\/\/experti.it\/fr\/prodotto\/record-saccharomyces-cerevisiae\/","url":"https:\/\/experti.it\/fr\/prodotto\/record-saccharomyces-cerevisiae\/","name":"RECORD | Saccharomyces cerevisiae - Experti","isPartOf":{"@id":"https:\/\/experti.it\/fr\/#website"},"primaryImageOfPage":{"@id":"https:\/\/experti.it\/fr\/prodotto\/record-saccharomyces-cerevisiae\/#primaryimage"},"image":{"@id":"https:\/\/experti.it\/fr\/prodotto\/record-saccharomyces-cerevisiae\/#primaryimage"},"thumbnailUrl":"https:\/\/experti.it\/wp-content\/uploads\/2025\/01\/EXPERTI-RECORD.png","datePublished":"2025-01-27T20:32:10+00:00","dateModified":"2025-07-16T15:56:54+00:00","description":"Saccharomyces cerevisiae , est particuli\u00e8rement adapt\u00e9e \u00e0 la vinification de vins rouges cors\u00e9s et structur\u00e9s, car il s'agit d'une souche r\u00e9sistante aux fortes teneurs en alcool.","breadcrumb":{"@id":"https:\/\/experti.it\/fr\/prodotto\/record-saccharomyces-cerevisiae\/#breadcrumb"},"inLanguage":"fr-FR","potentialAction":[{"@type":"ReadAction","target":["https:\/\/experti.it\/fr\/prodotto\/record-saccharomyces-cerevisiae\/"]}]},{"@type":"ImageObject","inLanguage":"fr-FR","@id":"https:\/\/experti.it\/fr\/prodotto\/record-saccharomyces-cerevisiae\/#primaryimage","url":"https:\/\/experti.it\/wp-content\/uploads\/2025\/01\/EXPERTI-RECORD.png","contentUrl":"https:\/\/experti.it\/wp-content\/uploads\/2025\/01\/EXPERTI-RECORD.png","width":1687,"height":1686},{"@type":"BreadcrumbList","@id":"https:\/\/experti.it\/fr\/prodotto\/record-saccharomyces-cerevisiae\/#breadcrumb","itemListElement":[{"@type":"ListItem","position":1,"name":"Home","item":"https:\/\/experti.it\/fr\/"},{"@type":"ListItem","position":2,"name":"Produits","item":"https:\/\/experti.it\/fr\/boutique\/"},{"@type":"ListItem","position":3,"name":"Biotechnologie","item":"https:\/\/experti.it\/fr\/categories-de-produits\/biotechnologie\/"},{"@type":"ListItem","position":4,"name":"Levures","item":"https:\/\/experti.it\/fr\/categories-de-produits\/biotechnologie\/levures\/"},{"@type":"ListItem","position":5,"name":"RECORD | Saccharomyces cerevisiae"}]},{"@type":"WebSite","@id":"https:\/\/experti.it\/fr\/#website","url":"https:\/\/experti.it\/fr\/","name":"Experti","description":"Enologia, tecnologia e innovazione","publisher":{"@id":"https:\/\/experti.it\/fr\/#organization"},"potentialAction":[{"@type":"SearchAction","target":{"@type":"EntryPoint","urlTemplate":"https:\/\/experti.it\/fr\/?s={search_term_string}"},"query-input":{"@type":"PropertyValueSpecification","valueRequired":true,"valueName":"search_term_string"}}],"inLanguage":"fr-FR"},{"@type":"Organization","@id":"https:\/\/experti.it\/fr\/#organization","name":"Experti","url":"https:\/\/experti.it\/fr\/","logo":{"@type":"ImageObject","inLanguage":"fr-FR","@id":"https:\/\/experti.it\/fr\/#\/schema\/logo\/image\/","url":"https:\/\/experti.it\/wp-content\/uploads\/2025\/01\/EXPERTI-LOGO-web.png","contentUrl":"https:\/\/experti.it\/wp-content\/uploads\/2025\/01\/EXPERTI-LOGO-web.png","width":484,"height":210,"caption":"Experti"},"image":{"@id":"https:\/\/experti.it\/fr\/#\/schema\/logo\/image\/"},"sameAs":["https:\/\/www.facebook.com\/www.experti.it\/","http:\/\/www.instagram.com\/experti.it"]}]}},"_links":{"self":[{"href":"https:\/\/experti.it\/fr\/wp-json\/wp\/v2\/product\/9822","targetHints":{"allow":["GET"]}}],"collection":[{"href":"https:\/\/experti.it\/fr\/wp-json\/wp\/v2\/product"}],"about":[{"href":"https:\/\/experti.it\/fr\/wp-json\/wp\/v2\/types\/product"}],"wp:featuredmedia":[{"embeddable":true,"href":"https:\/\/experti.it\/fr\/wp-json\/wp\/v2\/media\/8282"}],"wp:attachment":[{"href":"https:\/\/experti.it\/fr\/wp-json\/wp\/v2\/media?parent=9822"}],"wp:term":[{"taxonomy":"product_brand","embeddable":true,"href":"https:\/\/experti.it\/fr\/wp-json\/wp\/v2\/product_brand?post=9822"},{"taxonomy":"product_cat","embeddable":true,"href":"https:\/\/experti.it\/fr\/wp-json\/wp\/v2\/product_cat?post=9822"},{"taxonomy":"product_tag","embeddable":true,"href":"https:\/\/experti.it\/fr\/wp-json\/wp\/v2\/product_tag?post=9822"}],"curies":[{"name":"wp","href":"https:\/\/api.w.org\/{rel}","templated":true}]}}