{"id":9828,"date":"2025-01-27T21:32:11","date_gmt":"2025-01-27T20:32:11","guid":{"rendered":"https:\/\/stg.experti.it\/prodotto\/pop-saccharomyces-cerevisiae\/"},"modified":"2025-01-27T21:32:11","modified_gmt":"2025-01-27T20:32:11","slug":"pop-saccharomyces-cerevisiae","status":"publish","type":"product","link":"https:\/\/experti.it\/fr\/prodotto\/pop-saccharomyces-cerevisiae\/","title":{"rendered":"POP ! | Saccharomyces cerevisiae"},"content":{"rendered":"<p>Levure vari\u00e9tale particuli\u00e8rement adapt\u00e9e \u00e0 l&rsquo;\u00e9laboration de bases de vins mousseux ainsi qu&rsquo;\u00e0 la prise de mousse. Souche robuste avec une phase de latence courte et une faible demande en azote. Peut fermenter \u00e0 basse temp\u00e9rature (9\u00b0C).<br \/>\nConditionnement : 500 g<\/p>\n<p>Les levures MAURIVIN proviennent d&rsquo;AB Biotek (https:\/\/www.abbiotek.com), une nouvelle division du groupe AB Mauri d\u00e9di\u00e9e \u00e0 l&rsquo;industrie alimentaire et vinicole.<\/p>\n<div style=\"clear: both;\"><\/div>\n<hr>\n<div id=\"features\">\n<div class=\"box\" style=\"float: left; width: 33%; padding: 20px;\"><\/div>\n<div class=\"box\" style=\"float: left; width: 33%; padding: 20px;\"><\/div>\n<\/div>\n<div style=\"clear: both;\"><\/div>\n","protected":false},"excerpt":{"rendered":"<p>Levure vari\u00e9tale particuli\u00e8rement adapt\u00e9e \u00e0 l&rsquo;\u00e9laboration de bases de vins mousseux ainsi qu&rsquo;\u00e0 la prise de mousse. Souche robuste avec&hellip;<\/p>\n","protected":false},"featured_media":8256,"template":"","meta":{"_cloudinary_featured_overwrite":false},"product_brand":[],"product_cat":[246],"product_tag":[],"class_list":{"0":"post-9828","1":"product","2":"type-product","3":"status-publish","4":"has-post-thumbnail","6":"product_cat-levures","8":"first","9":"instock","10":"shipping-taxable","11":"product-type-simple","12":"layout-style-1","13":"col-md-4 col-sm-4 col-xs-6","14":"col-lg-3","15":"product-style-slider"},"yoast_head":"<!-- This site is optimized with the Yoast SEO plugin v25.9 - https:\/\/yoast.com\/wordpress\/plugins\/seo\/ -->\n<title>POP ! | Saccharomyces cerevisiae - Experti<\/title>\n<meta name=\"description\" content=\"Levure vari\u00e9tale particuli\u00e8rement adapt\u00e9e \u00e0 la pr\u00e9paration de bases de vins mousseux et \u00e0 la prise de mousse.\" \/>\n<meta name=\"robots\" content=\"index, follow, max-snippet:-1, max-image-preview:large, max-video-preview:-1\" \/>\n<link rel=\"canonical\" href=\"https:\/\/experti.it\/fr\/prodotto\/pop-saccharomyces-cerevisiae\/\" \/>\n<meta property=\"og:locale\" content=\"fr_FR\" \/>\n<meta property=\"og:type\" content=\"article\" \/>\n<meta property=\"og:title\" content=\"POP ! | Saccharomyces cerevisiae - Experti\" \/>\n<meta property=\"og:description\" content=\"Levure vari\u00e9tale particuli\u00e8rement adapt\u00e9e \u00e0 la pr\u00e9paration de bases de vins mousseux et \u00e0 la prise de mousse.\" \/>\n<meta property=\"og:url\" content=\"https:\/\/experti.it\/fr\/prodotto\/pop-saccharomyces-cerevisiae\/\" \/>\n<meta property=\"og:site_name\" content=\"Experti\" \/>\n<meta property=\"article:publisher\" content=\"https:\/\/www.facebook.com\/www.experti.it\/\" \/>\n<meta property=\"og:image\" content=\"https:\/\/experti.it\/wp-content\/uploads\/2025\/01\/POP.png\" \/>\n\t<meta property=\"og:image:width\" content=\"1125\" \/>\n\t<meta property=\"og:image:height\" content=\"1124\" \/>\n\t<meta property=\"og:image:type\" content=\"image\/png\" \/>\n<meta name=\"twitter:card\" content=\"summary_large_image\" \/>\n<script type=\"application\/ld+json\" class=\"yoast-schema-graph\">{\"@context\":\"https:\/\/schema.org\",\"@graph\":[{\"@type\":\"WebPage\",\"@id\":\"https:\/\/experti.it\/fr\/prodotto\/pop-saccharomyces-cerevisiae\/\",\"url\":\"https:\/\/experti.it\/fr\/prodotto\/pop-saccharomyces-cerevisiae\/\",\"name\":\"POP ! | Saccharomyces cerevisiae - Experti\",\"isPartOf\":{\"@id\":\"https:\/\/experti.it\/fr\/#website\"},\"primaryImageOfPage\":{\"@id\":\"https:\/\/experti.it\/fr\/prodotto\/pop-saccharomyces-cerevisiae\/#primaryimage\"},\"image\":{\"@id\":\"https:\/\/experti.it\/fr\/prodotto\/pop-saccharomyces-cerevisiae\/#primaryimage\"},\"thumbnailUrl\":\"https:\/\/experti.it\/wp-content\/uploads\/2025\/01\/POP.png\",\"datePublished\":\"2025-01-27T20:32:11+00:00\",\"description\":\"Levure vari\u00e9tale particuli\u00e8rement adapt\u00e9e \u00e0 la pr\u00e9paration de bases de vins mousseux et \u00e0 la prise de mousse.\",\"breadcrumb\":{\"@id\":\"https:\/\/experti.it\/fr\/prodotto\/pop-saccharomyces-cerevisiae\/#breadcrumb\"},\"inLanguage\":\"fr-FR\",\"potentialAction\":[{\"@type\":\"ReadAction\",\"target\":[\"https:\/\/experti.it\/fr\/prodotto\/pop-saccharomyces-cerevisiae\/\"]}]},{\"@type\":\"ImageObject\",\"inLanguage\":\"fr-FR\",\"@id\":\"https:\/\/experti.it\/fr\/prodotto\/pop-saccharomyces-cerevisiae\/#primaryimage\",\"url\":\"https:\/\/experti.it\/wp-content\/uploads\/2025\/01\/POP.png\",\"contentUrl\":\"https:\/\/experti.it\/wp-content\/uploads\/2025\/01\/POP.png\",\"width\":1125,\"height\":1124},{\"@type\":\"BreadcrumbList\",\"@id\":\"https:\/\/experti.it\/fr\/prodotto\/pop-saccharomyces-cerevisiae\/#breadcrumb\",\"itemListElement\":[{\"@type\":\"ListItem\",\"position\":1,\"name\":\"Home\",\"item\":\"https:\/\/experti.it\/fr\/\"},{\"@type\":\"ListItem\",\"position\":2,\"name\":\"Produits\",\"item\":\"https:\/\/experti.it\/fr\/boutique\/\"},{\"@type\":\"ListItem\",\"position\":3,\"name\":\"POP ! | Saccharomyces cerevisiae\"}]},{\"@type\":\"WebSite\",\"@id\":\"https:\/\/experti.it\/fr\/#website\",\"url\":\"https:\/\/experti.it\/fr\/\",\"name\":\"Experti\",\"description\":\"Enologia, tecnologia e innovazione\",\"publisher\":{\"@id\":\"https:\/\/experti.it\/fr\/#organization\"},\"potentialAction\":[{\"@type\":\"SearchAction\",\"target\":{\"@type\":\"EntryPoint\",\"urlTemplate\":\"https:\/\/experti.it\/fr\/?s={search_term_string}\"},\"query-input\":{\"@type\":\"PropertyValueSpecification\",\"valueRequired\":true,\"valueName\":\"search_term_string\"}}],\"inLanguage\":\"fr-FR\"},{\"@type\":\"Organization\",\"@id\":\"https:\/\/experti.it\/fr\/#organization\",\"name\":\"Experti\",\"url\":\"https:\/\/experti.it\/fr\/\",\"logo\":{\"@type\":\"ImageObject\",\"inLanguage\":\"fr-FR\",\"@id\":\"https:\/\/experti.it\/fr\/#\/schema\/logo\/image\/\",\"url\":\"https:\/\/experti.it\/wp-content\/uploads\/2025\/01\/EXPERTI-LOGO-web.png\",\"contentUrl\":\"https:\/\/experti.it\/wp-content\/uploads\/2025\/01\/EXPERTI-LOGO-web.png\",\"width\":484,\"height\":210,\"caption\":\"Experti\"},\"image\":{\"@id\":\"https:\/\/experti.it\/fr\/#\/schema\/logo\/image\/\"},\"sameAs\":[\"https:\/\/www.facebook.com\/www.experti.it\/\",\"http:\/\/www.instagram.com\/experti.it\"]}]}<\/script>\n<!-- \/ Yoast SEO plugin. -->","yoast_head_json":{"title":"POP ! | Saccharomyces cerevisiae - Experti","description":"Levure vari\u00e9tale particuli\u00e8rement adapt\u00e9e \u00e0 la pr\u00e9paration de bases de vins mousseux et \u00e0 la prise de mousse.","robots":{"index":"index","follow":"follow","max-snippet":"max-snippet:-1","max-image-preview":"max-image-preview:large","max-video-preview":"max-video-preview:-1"},"canonical":"https:\/\/experti.it\/fr\/prodotto\/pop-saccharomyces-cerevisiae\/","og_locale":"fr_FR","og_type":"article","og_title":"POP ! | Saccharomyces cerevisiae - Experti","og_description":"Levure vari\u00e9tale particuli\u00e8rement adapt\u00e9e \u00e0 la pr\u00e9paration de bases de vins mousseux et \u00e0 la prise de mousse.","og_url":"https:\/\/experti.it\/fr\/prodotto\/pop-saccharomyces-cerevisiae\/","og_site_name":"Experti","article_publisher":"https:\/\/www.facebook.com\/www.experti.it\/","og_image":[{"width":1125,"height":1124,"url":"https:\/\/experti.it\/wp-content\/uploads\/2025\/01\/POP.png","type":"image\/png"}],"twitter_card":"summary_large_image","schema":{"@context":"https:\/\/schema.org","@graph":[{"@type":"WebPage","@id":"https:\/\/experti.it\/fr\/prodotto\/pop-saccharomyces-cerevisiae\/","url":"https:\/\/experti.it\/fr\/prodotto\/pop-saccharomyces-cerevisiae\/","name":"POP ! | Saccharomyces cerevisiae - Experti","isPartOf":{"@id":"https:\/\/experti.it\/fr\/#website"},"primaryImageOfPage":{"@id":"https:\/\/experti.it\/fr\/prodotto\/pop-saccharomyces-cerevisiae\/#primaryimage"},"image":{"@id":"https:\/\/experti.it\/fr\/prodotto\/pop-saccharomyces-cerevisiae\/#primaryimage"},"thumbnailUrl":"https:\/\/experti.it\/wp-content\/uploads\/2025\/01\/POP.png","datePublished":"2025-01-27T20:32:11+00:00","description":"Levure vari\u00e9tale particuli\u00e8rement adapt\u00e9e \u00e0 la pr\u00e9paration de bases de vins mousseux et \u00e0 la prise de mousse.","breadcrumb":{"@id":"https:\/\/experti.it\/fr\/prodotto\/pop-saccharomyces-cerevisiae\/#breadcrumb"},"inLanguage":"fr-FR","potentialAction":[{"@type":"ReadAction","target":["https:\/\/experti.it\/fr\/prodotto\/pop-saccharomyces-cerevisiae\/"]}]},{"@type":"ImageObject","inLanguage":"fr-FR","@id":"https:\/\/experti.it\/fr\/prodotto\/pop-saccharomyces-cerevisiae\/#primaryimage","url":"https:\/\/experti.it\/wp-content\/uploads\/2025\/01\/POP.png","contentUrl":"https:\/\/experti.it\/wp-content\/uploads\/2025\/01\/POP.png","width":1125,"height":1124},{"@type":"BreadcrumbList","@id":"https:\/\/experti.it\/fr\/prodotto\/pop-saccharomyces-cerevisiae\/#breadcrumb","itemListElement":[{"@type":"ListItem","position":1,"name":"Home","item":"https:\/\/experti.it\/fr\/"},{"@type":"ListItem","position":2,"name":"Produits","item":"https:\/\/experti.it\/fr\/boutique\/"},{"@type":"ListItem","position":3,"name":"POP ! | Saccharomyces cerevisiae"}]},{"@type":"WebSite","@id":"https:\/\/experti.it\/fr\/#website","url":"https:\/\/experti.it\/fr\/","name":"Experti","description":"Enologia, tecnologia e innovazione","publisher":{"@id":"https:\/\/experti.it\/fr\/#organization"},"potentialAction":[{"@type":"SearchAction","target":{"@type":"EntryPoint","urlTemplate":"https:\/\/experti.it\/fr\/?s={search_term_string}"},"query-input":{"@type":"PropertyValueSpecification","valueRequired":true,"valueName":"search_term_string"}}],"inLanguage":"fr-FR"},{"@type":"Organization","@id":"https:\/\/experti.it\/fr\/#organization","name":"Experti","url":"https:\/\/experti.it\/fr\/","logo":{"@type":"ImageObject","inLanguage":"fr-FR","@id":"https:\/\/experti.it\/fr\/#\/schema\/logo\/image\/","url":"https:\/\/experti.it\/wp-content\/uploads\/2025\/01\/EXPERTI-LOGO-web.png","contentUrl":"https:\/\/experti.it\/wp-content\/uploads\/2025\/01\/EXPERTI-LOGO-web.png","width":484,"height":210,"caption":"Experti"},"image":{"@id":"https:\/\/experti.it\/fr\/#\/schema\/logo\/image\/"},"sameAs":["https:\/\/www.facebook.com\/www.experti.it\/","http:\/\/www.instagram.com\/experti.it"]}]}},"_links":{"self":[{"href":"https:\/\/experti.it\/fr\/wp-json\/wp\/v2\/product\/9828","targetHints":{"allow":["GET"]}}],"collection":[{"href":"https:\/\/experti.it\/fr\/wp-json\/wp\/v2\/product"}],"about":[{"href":"https:\/\/experti.it\/fr\/wp-json\/wp\/v2\/types\/product"}],"wp:featuredmedia":[{"embeddable":true,"href":"https:\/\/experti.it\/fr\/wp-json\/wp\/v2\/media\/8256"}],"wp:attachment":[{"href":"https:\/\/experti.it\/fr\/wp-json\/wp\/v2\/media?parent=9828"}],"wp:term":[{"taxonomy":"product_brand","embeddable":true,"href":"https:\/\/experti.it\/fr\/wp-json\/wp\/v2\/product_brand?post=9828"},{"taxonomy":"product_cat","embeddable":true,"href":"https:\/\/experti.it\/fr\/wp-json\/wp\/v2\/product_cat?post=9828"},{"taxonomy":"product_tag","embeddable":true,"href":"https:\/\/experti.it\/fr\/wp-json\/wp\/v2\/product_tag?post=9828"}],"curies":[{"name":"wp","href":"https:\/\/api.w.org\/{rel}","templated":true}]}}