{"id":9905,"date":"2025-01-27T21:31:45","date_gmt":"2025-01-27T20:31:45","guid":{"rendered":"https:\/\/stg.experti.it\/prodotto\/bayanus-saccharomyces-cerevisiae-r-f-bayanus\/"},"modified":"2026-02-06T14:06:56","modified_gmt":"2026-02-06T13:06:56","slug":"bayanus-saccharomyces-cerevisiae-r-f-bayanus","status":"publish","type":"product","link":"https:\/\/experti.it\/fr\/prodotto\/bayanus-saccharomyces-cerevisiae-r-f-bayanus\/","title":{"rendered":"EXPERTI BAYANUS | Saccharomyces cerevisiae r.f. bayanus"},"content":{"rendered":"<p>Souche vari\u00e9tale. Garantie de fermentation m\u00eame dans des conditions extr\u00eames. Vins \u00e0 forte teneur en alcool (16 %), soins des arr\u00eats de fermentation, refermentation des vins mousseux et p\u00e9tillants.<\/p>\n<p>Convient \u00e9galement \u00e0 la fermentation de mo\u00fbts d\u00e9sulfur\u00e9s. Demande d&rsquo;azote moyenne. Conditionnement : 500 g &#8211; 10 Kg<\/p>\n<div style=\"clear: both;\"><\/div>\n<hr \/>\n<div id=\"features\">\n<div class=\"box\" style=\"float: left; width: 33%; padding: 20px;\"><\/div>\n<div class=\"box\" style=\"float: left; width: 33%; padding: 20px;\"><\/div>\n<\/div>\n<div style=\"clear: both;\"><\/div>\n","protected":false},"excerpt":{"rendered":"<p>Souche vari\u00e9tale. Garantie de fermentation m\u00eame dans des conditions extr\u00eames. Vins \u00e0 forte teneur en alcool (16 %), soins des&hellip;<\/p>\n","protected":false},"featured_media":8424,"template":"","meta":{"_cloudinary_featured_overwrite":false},"product_brand":[],"product_cat":[246],"product_tag":[],"class_list":{"0":"post-9905","1":"product","2":"type-product","3":"status-publish","4":"has-post-thumbnail","6":"product_cat-levures","8":"first","9":"instock","10":"shipping-taxable","11":"product-type-simple","12":"layout-style-1","13":"col-md-4 col-sm-4 col-xs-6","14":"col-lg-3","15":"product-style-slider"},"yoast_head":"<!-- This site is optimized with the Yoast SEO plugin v25.9 - https:\/\/yoast.com\/wordpress\/plugins\/seo\/ -->\n<title>EXPERTI BAYANUS | Saccharomyces cerevisiae r.f. bayanus - Experti<\/title>\n<meta name=\"description\" content=\"Souche vari\u00e9tale. Garantie de fermentation m\u00eame dans des conditions extr\u00eames.\" \/>\n<meta name=\"robots\" content=\"index, follow, max-snippet:-1, max-image-preview:large, max-video-preview:-1\" \/>\n<link rel=\"canonical\" href=\"https:\/\/experti.it\/fr\/prodotto\/bayanus-saccharomyces-cerevisiae-r-f-bayanus\/\" \/>\n<meta property=\"og:locale\" content=\"fr_FR\" \/>\n<meta property=\"og:type\" content=\"article\" \/>\n<meta property=\"og:title\" content=\"EXPERTI BAYANUS | Saccharomyces cerevisiae r.f. bayanus - Experti\" \/>\n<meta property=\"og:description\" content=\"Souche vari\u00e9tale. Garantie de fermentation m\u00eame dans des conditions extr\u00eames.\" \/>\n<meta property=\"og:url\" content=\"https:\/\/experti.it\/fr\/prodotto\/bayanus-saccharomyces-cerevisiae-r-f-bayanus\/\" \/>\n<meta property=\"og:site_name\" content=\"Experti\" \/>\n<meta property=\"article:publisher\" content=\"https:\/\/www.facebook.com\/www.experti.it\/\" \/>\n<meta property=\"article:modified_time\" content=\"2026-02-06T13:06:56+00:00\" \/>\n<meta property=\"og:image\" content=\"https:\/\/experti.it\/wp-content\/uploads\/2025\/01\/EXPERTI-BAYANUS.png\" \/>\n\t<meta property=\"og:image:width\" content=\"1125\" \/>\n\t<meta property=\"og:image:height\" content=\"1124\" \/>\n\t<meta property=\"og:image:type\" content=\"image\/png\" \/>\n<meta name=\"twitter:card\" content=\"summary_large_image\" \/>\n<meta name=\"twitter:label1\" content=\"Dur\u00e9e de lecture estim\u00e9e\" \/>\n\t<meta name=\"twitter:data1\" content=\"1 minute\" \/>\n<script type=\"application\/ld+json\" class=\"yoast-schema-graph\">{\"@context\":\"https:\/\/schema.org\",\"@graph\":[{\"@type\":\"WebPage\",\"@id\":\"https:\/\/experti.it\/fr\/prodotto\/bayanus-saccharomyces-cerevisiae-r-f-bayanus\/\",\"url\":\"https:\/\/experti.it\/fr\/prodotto\/bayanus-saccharomyces-cerevisiae-r-f-bayanus\/\",\"name\":\"EXPERTI BAYANUS | Saccharomyces cerevisiae r.f. bayanus - Experti\",\"isPartOf\":{\"@id\":\"https:\/\/experti.it\/fr\/#website\"},\"primaryImageOfPage\":{\"@id\":\"https:\/\/experti.it\/fr\/prodotto\/bayanus-saccharomyces-cerevisiae-r-f-bayanus\/#primaryimage\"},\"image\":{\"@id\":\"https:\/\/experti.it\/fr\/prodotto\/bayanus-saccharomyces-cerevisiae-r-f-bayanus\/#primaryimage\"},\"thumbnailUrl\":\"https:\/\/experti.it\/wp-content\/uploads\/2025\/01\/EXPERTI-BAYANUS.png\",\"datePublished\":\"2025-01-27T20:31:45+00:00\",\"dateModified\":\"2026-02-06T13:06:56+00:00\",\"description\":\"Souche vari\u00e9tale. Garantie de fermentation m\u00eame dans des conditions extr\u00eames.\",\"breadcrumb\":{\"@id\":\"https:\/\/experti.it\/fr\/prodotto\/bayanus-saccharomyces-cerevisiae-r-f-bayanus\/#breadcrumb\"},\"inLanguage\":\"fr-FR\",\"potentialAction\":[{\"@type\":\"ReadAction\",\"target\":[\"https:\/\/experti.it\/fr\/prodotto\/bayanus-saccharomyces-cerevisiae-r-f-bayanus\/\"]}]},{\"@type\":\"ImageObject\",\"inLanguage\":\"fr-FR\",\"@id\":\"https:\/\/experti.it\/fr\/prodotto\/bayanus-saccharomyces-cerevisiae-r-f-bayanus\/#primaryimage\",\"url\":\"https:\/\/experti.it\/wp-content\/uploads\/2025\/01\/EXPERTI-BAYANUS.png\",\"contentUrl\":\"https:\/\/experti.it\/wp-content\/uploads\/2025\/01\/EXPERTI-BAYANUS.png\",\"width\":1125,\"height\":1124},{\"@type\":\"BreadcrumbList\",\"@id\":\"https:\/\/experti.it\/fr\/prodotto\/bayanus-saccharomyces-cerevisiae-r-f-bayanus\/#breadcrumb\",\"itemListElement\":[{\"@type\":\"ListItem\",\"position\":1,\"name\":\"Home\",\"item\":\"https:\/\/experti.it\/fr\/\"},{\"@type\":\"ListItem\",\"position\":2,\"name\":\"Produits\",\"item\":\"https:\/\/experti.it\/fr\/boutique\/\"},{\"@type\":\"ListItem\",\"position\":3,\"name\":\"Biotechnologie\",\"item\":\"https:\/\/experti.it\/fr\/categories-de-produits\/biotechnologie\/\"},{\"@type\":\"ListItem\",\"position\":4,\"name\":\"Levures\",\"item\":\"https:\/\/experti.it\/fr\/categories-de-produits\/biotechnologie\/levures\/\"},{\"@type\":\"ListItem\",\"position\":5,\"name\":\"EXPERTI BAYANUS | Saccharomyces cerevisiae r.f. bayanus\"}]},{\"@type\":\"WebSite\",\"@id\":\"https:\/\/experti.it\/fr\/#website\",\"url\":\"https:\/\/experti.it\/fr\/\",\"name\":\"Experti\",\"description\":\"Enologia, tecnologia e innovazione\",\"publisher\":{\"@id\":\"https:\/\/experti.it\/fr\/#organization\"},\"potentialAction\":[{\"@type\":\"SearchAction\",\"target\":{\"@type\":\"EntryPoint\",\"urlTemplate\":\"https:\/\/experti.it\/fr\/?s={search_term_string}\"},\"query-input\":{\"@type\":\"PropertyValueSpecification\",\"valueRequired\":true,\"valueName\":\"search_term_string\"}}],\"inLanguage\":\"fr-FR\"},{\"@type\":\"Organization\",\"@id\":\"https:\/\/experti.it\/fr\/#organization\",\"name\":\"Experti\",\"url\":\"https:\/\/experti.it\/fr\/\",\"logo\":{\"@type\":\"ImageObject\",\"inLanguage\":\"fr-FR\",\"@id\":\"https:\/\/experti.it\/fr\/#\/schema\/logo\/image\/\",\"url\":\"https:\/\/experti.it\/wp-content\/uploads\/2025\/01\/EXPERTI-LOGO-web.png\",\"contentUrl\":\"https:\/\/experti.it\/wp-content\/uploads\/2025\/01\/EXPERTI-LOGO-web.png\",\"width\":484,\"height\":210,\"caption\":\"Experti\"},\"image\":{\"@id\":\"https:\/\/experti.it\/fr\/#\/schema\/logo\/image\/\"},\"sameAs\":[\"https:\/\/www.facebook.com\/www.experti.it\/\",\"http:\/\/www.instagram.com\/experti.it\"]}]}<\/script>\n<!-- \/ Yoast SEO plugin. -->","yoast_head_json":{"title":"EXPERTI BAYANUS | Saccharomyces cerevisiae r.f. bayanus - Experti","description":"Souche vari\u00e9tale. Garantie de fermentation m\u00eame dans des conditions extr\u00eames.","robots":{"index":"index","follow":"follow","max-snippet":"max-snippet:-1","max-image-preview":"max-image-preview:large","max-video-preview":"max-video-preview:-1"},"canonical":"https:\/\/experti.it\/fr\/prodotto\/bayanus-saccharomyces-cerevisiae-r-f-bayanus\/","og_locale":"fr_FR","og_type":"article","og_title":"EXPERTI BAYANUS | Saccharomyces cerevisiae r.f. bayanus - Experti","og_description":"Souche vari\u00e9tale. Garantie de fermentation m\u00eame dans des conditions extr\u00eames.","og_url":"https:\/\/experti.it\/fr\/prodotto\/bayanus-saccharomyces-cerevisiae-r-f-bayanus\/","og_site_name":"Experti","article_publisher":"https:\/\/www.facebook.com\/www.experti.it\/","article_modified_time":"2026-02-06T13:06:56+00:00","og_image":[{"width":1125,"height":1124,"url":"https:\/\/experti.it\/wp-content\/uploads\/2025\/01\/EXPERTI-BAYANUS.png","type":"image\/png"}],"twitter_card":"summary_large_image","twitter_misc":{"Dur\u00e9e de lecture estim\u00e9e":"1 minute"},"schema":{"@context":"https:\/\/schema.org","@graph":[{"@type":"WebPage","@id":"https:\/\/experti.it\/fr\/prodotto\/bayanus-saccharomyces-cerevisiae-r-f-bayanus\/","url":"https:\/\/experti.it\/fr\/prodotto\/bayanus-saccharomyces-cerevisiae-r-f-bayanus\/","name":"EXPERTI BAYANUS | Saccharomyces cerevisiae r.f. bayanus - Experti","isPartOf":{"@id":"https:\/\/experti.it\/fr\/#website"},"primaryImageOfPage":{"@id":"https:\/\/experti.it\/fr\/prodotto\/bayanus-saccharomyces-cerevisiae-r-f-bayanus\/#primaryimage"},"image":{"@id":"https:\/\/experti.it\/fr\/prodotto\/bayanus-saccharomyces-cerevisiae-r-f-bayanus\/#primaryimage"},"thumbnailUrl":"https:\/\/experti.it\/wp-content\/uploads\/2025\/01\/EXPERTI-BAYANUS.png","datePublished":"2025-01-27T20:31:45+00:00","dateModified":"2026-02-06T13:06:56+00:00","description":"Souche vari\u00e9tale. Garantie de fermentation m\u00eame dans des conditions extr\u00eames.","breadcrumb":{"@id":"https:\/\/experti.it\/fr\/prodotto\/bayanus-saccharomyces-cerevisiae-r-f-bayanus\/#breadcrumb"},"inLanguage":"fr-FR","potentialAction":[{"@type":"ReadAction","target":["https:\/\/experti.it\/fr\/prodotto\/bayanus-saccharomyces-cerevisiae-r-f-bayanus\/"]}]},{"@type":"ImageObject","inLanguage":"fr-FR","@id":"https:\/\/experti.it\/fr\/prodotto\/bayanus-saccharomyces-cerevisiae-r-f-bayanus\/#primaryimage","url":"https:\/\/experti.it\/wp-content\/uploads\/2025\/01\/EXPERTI-BAYANUS.png","contentUrl":"https:\/\/experti.it\/wp-content\/uploads\/2025\/01\/EXPERTI-BAYANUS.png","width":1125,"height":1124},{"@type":"BreadcrumbList","@id":"https:\/\/experti.it\/fr\/prodotto\/bayanus-saccharomyces-cerevisiae-r-f-bayanus\/#breadcrumb","itemListElement":[{"@type":"ListItem","position":1,"name":"Home","item":"https:\/\/experti.it\/fr\/"},{"@type":"ListItem","position":2,"name":"Produits","item":"https:\/\/experti.it\/fr\/boutique\/"},{"@type":"ListItem","position":3,"name":"Biotechnologie","item":"https:\/\/experti.it\/fr\/categories-de-produits\/biotechnologie\/"},{"@type":"ListItem","position":4,"name":"Levures","item":"https:\/\/experti.it\/fr\/categories-de-produits\/biotechnologie\/levures\/"},{"@type":"ListItem","position":5,"name":"EXPERTI BAYANUS | Saccharomyces cerevisiae r.f. bayanus"}]},{"@type":"WebSite","@id":"https:\/\/experti.it\/fr\/#website","url":"https:\/\/experti.it\/fr\/","name":"Experti","description":"Enologia, tecnologia e innovazione","publisher":{"@id":"https:\/\/experti.it\/fr\/#organization"},"potentialAction":[{"@type":"SearchAction","target":{"@type":"EntryPoint","urlTemplate":"https:\/\/experti.it\/fr\/?s={search_term_string}"},"query-input":{"@type":"PropertyValueSpecification","valueRequired":true,"valueName":"search_term_string"}}],"inLanguage":"fr-FR"},{"@type":"Organization","@id":"https:\/\/experti.it\/fr\/#organization","name":"Experti","url":"https:\/\/experti.it\/fr\/","logo":{"@type":"ImageObject","inLanguage":"fr-FR","@id":"https:\/\/experti.it\/fr\/#\/schema\/logo\/image\/","url":"https:\/\/experti.it\/wp-content\/uploads\/2025\/01\/EXPERTI-LOGO-web.png","contentUrl":"https:\/\/experti.it\/wp-content\/uploads\/2025\/01\/EXPERTI-LOGO-web.png","width":484,"height":210,"caption":"Experti"},"image":{"@id":"https:\/\/experti.it\/fr\/#\/schema\/logo\/image\/"},"sameAs":["https:\/\/www.facebook.com\/www.experti.it\/","http:\/\/www.instagram.com\/experti.it"]}]}},"_links":{"self":[{"href":"https:\/\/experti.it\/fr\/wp-json\/wp\/v2\/product\/9905","targetHints":{"allow":["GET"]}}],"collection":[{"href":"https:\/\/experti.it\/fr\/wp-json\/wp\/v2\/product"}],"about":[{"href":"https:\/\/experti.it\/fr\/wp-json\/wp\/v2\/types\/product"}],"wp:featuredmedia":[{"embeddable":true,"href":"https:\/\/experti.it\/fr\/wp-json\/wp\/v2\/media\/8424"}],"wp:attachment":[{"href":"https:\/\/experti.it\/fr\/wp-json\/wp\/v2\/media?parent=9905"}],"wp:term":[{"taxonomy":"product_brand","embeddable":true,"href":"https:\/\/experti.it\/fr\/wp-json\/wp\/v2\/product_brand?post=9905"},{"taxonomy":"product_cat","embeddable":true,"href":"https:\/\/experti.it\/fr\/wp-json\/wp\/v2\/product_cat?post=9905"},{"taxonomy":"product_tag","embeddable":true,"href":"https:\/\/experti.it\/fr\/wp-json\/wp\/v2\/product_tag?post=9905"}],"curies":[{"name":"wp","href":"https:\/\/api.w.org\/{rel}","templated":true}]}}