{"id":9907,"date":"2025-01-27T21:31:45","date_gmt":"2025-01-27T20:31:45","guid":{"rendered":"https:\/\/stg.experti.it\/prodotto\/awri-796-saccharomyces-cerevisiae\/"},"modified":"2025-01-27T21:31:45","modified_gmt":"2025-01-27T20:31:45","slug":"awri-796-saccharomyces-cerevisiae","status":"publish","type":"product","link":"https:\/\/experti.it\/fr\/prodotto\/awri-796-saccharomyces-cerevisiae\/","title":{"rendered":"AWRI 796 | Saccharomyces cerevisiae"},"content":{"rendered":"<p>Favorise la rondeur et l&rsquo;\u00e9l\u00e9gance des vins rouges et blancs structur\u00e9s. Forte production de glyc\u00e9rol. Rehausse les notes de fruits rouges. Dans les vins rouges, il a une teneur \u00e9lev\u00e9e en alcool et renforce le caract\u00e8re fruit\u00e9. Faible rendement en alcool.<\/p>\n<p>Ne contient pas de monost\u00e9arate de sorbitane ni de E491, un additif alimentaire d&rsquo;origine v\u00e9g\u00e9tale ou animale \u00e0 action \u00e9mulsifiante. Demande moyenne en azote. Conditionnement : 500 g &#8211; 10 kg.     <\/p>\n<p>Les levures MAURIVIN proviennent de la nouvelle division AB Biotek (https:\/\/www.abbiotek.com) du groupe AB Mauri d\u00e9di\u00e9e \u00e0 l&rsquo;industrie alimentaire et vinicole.<\/p>\n<div style=\"clear: both;\"><\/div>\n<hr>\n<div id=\"features\">\n<div class=\"box\" style=\"float: left; width: 33%; padding: 20px;\">[radar v=\u00a0\u00bbVINI ROSSI Mora=4;Uva passa=2,8;Prugna=4,1;Pepe nero=2,2;Speziato=2,2;Glicerolo=5&Prime;]<\/div>\n<div class=\"box\" style=\"float: left; width: 33%; padding: 20px;\"><\/div>\n<div class=\"box\" style=\"float: left; width: 33%; padding: 20px;\"><\/div>\n<\/div>\n<div style=\"clear: both;\"><\/div>\n","protected":false},"excerpt":{"rendered":"<p>Favorise la rondeur et l&rsquo;\u00e9l\u00e9gance des vins rouges et blancs structur\u00e9s. Forte production de glyc\u00e9rol. Rehausse les notes de fruits&hellip;<\/p>\n","protected":false},"featured_media":8434,"template":"","meta":{"_cloudinary_featured_overwrite":false},"product_brand":[],"product_cat":[246],"product_tag":[],"class_list":{"0":"post-9907","1":"product","2":"type-product","3":"status-publish","4":"has-post-thumbnail","6":"product_cat-levures","8":"first","9":"instock","10":"shipping-taxable","11":"product-type-simple","12":"layout-style-1","13":"col-md-4 col-sm-4 col-xs-6","14":"col-lg-3","15":"product-style-slider"},"yoast_head":"<!-- This site is optimized with the Yoast SEO plugin v25.9 - https:\/\/yoast.com\/wordpress\/plugins\/seo\/ -->\n<title>AWRI 796 | Saccharomyces cerevisiae - Experti<\/title>\n<meta name=\"description\" content=\"Favorise la rondeur et l&#039;\u00e9l\u00e9gance des vins rouges et blancs structur\u00e9s. Forte production de glyc\u00e9rol. Rehausse les notes de fruits rouges.\" \/>\n<meta name=\"robots\" content=\"index, follow, max-snippet:-1, max-image-preview:large, max-video-preview:-1\" \/>\n<link rel=\"canonical\" href=\"https:\/\/experti.it\/fr\/prodotto\/awri-796-saccharomyces-cerevisiae\/\" \/>\n<meta property=\"og:locale\" content=\"fr_FR\" \/>\n<meta property=\"og:type\" content=\"article\" \/>\n<meta property=\"og:title\" content=\"AWRI 796 | Saccharomyces cerevisiae - Experti\" \/>\n<meta property=\"og:description\" content=\"Favorise la rondeur et l&#039;\u00e9l\u00e9gance des vins rouges et blancs structur\u00e9s. Forte production de glyc\u00e9rol. Rehausse les notes de fruits rouges.\" \/>\n<meta property=\"og:url\" content=\"https:\/\/experti.it\/fr\/prodotto\/awri-796-saccharomyces-cerevisiae\/\" \/>\n<meta property=\"og:site_name\" content=\"Experti\" \/>\n<meta property=\"article:publisher\" content=\"https:\/\/www.facebook.com\/www.experti.it\/\" \/>\n<meta property=\"og:image\" content=\"https:\/\/res.cloudinary.com\/dso9cfgr2\/images\/f_auto,q_auto\/v1739959739\/AWRI-796_843496ba6\/AWRI-796_843496ba6.png?_i=AA\" \/>\n\t<meta property=\"og:image:width\" content=\"1125\" \/>\n\t<meta property=\"og:image:height\" content=\"1124\" \/>\n\t<meta property=\"og:image:type\" content=\"image\/png\" \/>\n<meta name=\"twitter:card\" content=\"summary_large_image\" \/>\n<meta name=\"twitter:label1\" content=\"Dur\u00e9e de lecture estim\u00e9e\" \/>\n\t<meta name=\"twitter:data1\" content=\"1 minute\" \/>\n<script type=\"application\/ld+json\" class=\"yoast-schema-graph\">{\"@context\":\"https:\/\/schema.org\",\"@graph\":[{\"@type\":\"WebPage\",\"@id\":\"https:\/\/experti.it\/fr\/prodotto\/awri-796-saccharomyces-cerevisiae\/\",\"url\":\"https:\/\/experti.it\/fr\/prodotto\/awri-796-saccharomyces-cerevisiae\/\",\"name\":\"AWRI 796 | Saccharomyces cerevisiae - Experti\",\"isPartOf\":{\"@id\":\"https:\/\/experti.it\/fr\/#website\"},\"primaryImageOfPage\":{\"@id\":\"https:\/\/experti.it\/fr\/prodotto\/awri-796-saccharomyces-cerevisiae\/#primaryimage\"},\"image\":{\"@id\":\"https:\/\/experti.it\/fr\/prodotto\/awri-796-saccharomyces-cerevisiae\/#primaryimage\"},\"thumbnailUrl\":\"https:\/\/res.cloudinary.com\/dso9cfgr2\/images\/f_auto,q_auto\/v1739959739\/AWRI-796_843496ba6\/AWRI-796_843496ba6.png?_i=AA\",\"datePublished\":\"2025-01-27T20:31:45+00:00\",\"description\":\"Favorise la rondeur et l'\u00e9l\u00e9gance des vins rouges et blancs structur\u00e9s. Forte production de glyc\u00e9rol. Rehausse les notes de fruits rouges.\",\"breadcrumb\":{\"@id\":\"https:\/\/experti.it\/fr\/prodotto\/awri-796-saccharomyces-cerevisiae\/#breadcrumb\"},\"inLanguage\":\"fr-FR\",\"potentialAction\":[{\"@type\":\"ReadAction\",\"target\":[\"https:\/\/experti.it\/fr\/prodotto\/awri-796-saccharomyces-cerevisiae\/\"]}]},{\"@type\":\"ImageObject\",\"inLanguage\":\"fr-FR\",\"@id\":\"https:\/\/experti.it\/fr\/prodotto\/awri-796-saccharomyces-cerevisiae\/#primaryimage\",\"url\":\"https:\/\/res.cloudinary.com\/dso9cfgr2\/images\/f_auto,q_auto\/v1739959739\/AWRI-796_843496ba6\/AWRI-796_843496ba6.png?_i=AA\",\"contentUrl\":\"https:\/\/res.cloudinary.com\/dso9cfgr2\/images\/f_auto,q_auto\/v1739959739\/AWRI-796_843496ba6\/AWRI-796_843496ba6.png?_i=AA\",\"width\":1125,\"height\":1124},{\"@type\":\"BreadcrumbList\",\"@id\":\"https:\/\/experti.it\/fr\/prodotto\/awri-796-saccharomyces-cerevisiae\/#breadcrumb\",\"itemListElement\":[{\"@type\":\"ListItem\",\"position\":1,\"name\":\"Home\",\"item\":\"https:\/\/experti.it\/fr\/\"},{\"@type\":\"ListItem\",\"position\":2,\"name\":\"Produits\",\"item\":\"https:\/\/experti.it\/fr\/boutique\/\"},{\"@type\":\"ListItem\",\"position\":3,\"name\":\"AWRI 796 | Saccharomyces cerevisiae\"}]},{\"@type\":\"WebSite\",\"@id\":\"https:\/\/experti.it\/fr\/#website\",\"url\":\"https:\/\/experti.it\/fr\/\",\"name\":\"Experti\",\"description\":\"Enologia, tecnologia e innovazione\",\"publisher\":{\"@id\":\"https:\/\/experti.it\/fr\/#organization\"},\"potentialAction\":[{\"@type\":\"SearchAction\",\"target\":{\"@type\":\"EntryPoint\",\"urlTemplate\":\"https:\/\/experti.it\/fr\/?s={search_term_string}\"},\"query-input\":{\"@type\":\"PropertyValueSpecification\",\"valueRequired\":true,\"valueName\":\"search_term_string\"}}],\"inLanguage\":\"fr-FR\"},{\"@type\":\"Organization\",\"@id\":\"https:\/\/experti.it\/fr\/#organization\",\"name\":\"Experti\",\"url\":\"https:\/\/experti.it\/fr\/\",\"logo\":{\"@type\":\"ImageObject\",\"inLanguage\":\"fr-FR\",\"@id\":\"https:\/\/experti.it\/fr\/#\/schema\/logo\/image\/\",\"url\":\"https:\/\/experti.it\/wp-content\/uploads\/2025\/01\/EXPERTI-LOGO-web.png\",\"contentUrl\":\"https:\/\/experti.it\/wp-content\/uploads\/2025\/01\/EXPERTI-LOGO-web.png\",\"width\":484,\"height\":210,\"caption\":\"Experti\"},\"image\":{\"@id\":\"https:\/\/experti.it\/fr\/#\/schema\/logo\/image\/\"},\"sameAs\":[\"https:\/\/www.facebook.com\/www.experti.it\/\",\"http:\/\/www.instagram.com\/experti.it\"]}]}<\/script>\n<!-- \/ Yoast SEO plugin. -->","yoast_head_json":{"title":"AWRI 796 | Saccharomyces cerevisiae - Experti","description":"Favorise la rondeur et l'\u00e9l\u00e9gance des vins rouges et blancs structur\u00e9s. Forte production de glyc\u00e9rol. Rehausse les notes de fruits rouges.","robots":{"index":"index","follow":"follow","max-snippet":"max-snippet:-1","max-image-preview":"max-image-preview:large","max-video-preview":"max-video-preview:-1"},"canonical":"https:\/\/experti.it\/fr\/prodotto\/awri-796-saccharomyces-cerevisiae\/","og_locale":"fr_FR","og_type":"article","og_title":"AWRI 796 | Saccharomyces cerevisiae - Experti","og_description":"Favorise la rondeur et l'\u00e9l\u00e9gance des vins rouges et blancs structur\u00e9s. Forte production de glyc\u00e9rol. Rehausse les notes de fruits rouges.","og_url":"https:\/\/experti.it\/fr\/prodotto\/awri-796-saccharomyces-cerevisiae\/","og_site_name":"Experti","article_publisher":"https:\/\/www.facebook.com\/www.experti.it\/","og_image":[{"width":1125,"height":1124,"url":"https:\/\/res.cloudinary.com\/dso9cfgr2\/images\/f_auto,q_auto\/v1739959739\/AWRI-796_843496ba6\/AWRI-796_843496ba6.png?_i=AA","type":"image\/png"}],"twitter_card":"summary_large_image","twitter_misc":{"Dur\u00e9e de lecture estim\u00e9e":"1 minute"},"schema":{"@context":"https:\/\/schema.org","@graph":[{"@type":"WebPage","@id":"https:\/\/experti.it\/fr\/prodotto\/awri-796-saccharomyces-cerevisiae\/","url":"https:\/\/experti.it\/fr\/prodotto\/awri-796-saccharomyces-cerevisiae\/","name":"AWRI 796 | Saccharomyces cerevisiae - Experti","isPartOf":{"@id":"https:\/\/experti.it\/fr\/#website"},"primaryImageOfPage":{"@id":"https:\/\/experti.it\/fr\/prodotto\/awri-796-saccharomyces-cerevisiae\/#primaryimage"},"image":{"@id":"https:\/\/experti.it\/fr\/prodotto\/awri-796-saccharomyces-cerevisiae\/#primaryimage"},"thumbnailUrl":"https:\/\/res.cloudinary.com\/dso9cfgr2\/images\/f_auto,q_auto\/v1739959739\/AWRI-796_843496ba6\/AWRI-796_843496ba6.png?_i=AA","datePublished":"2025-01-27T20:31:45+00:00","description":"Favorise la rondeur et l'\u00e9l\u00e9gance des vins rouges et blancs structur\u00e9s. Forte production de glyc\u00e9rol. Rehausse les notes de fruits rouges.","breadcrumb":{"@id":"https:\/\/experti.it\/fr\/prodotto\/awri-796-saccharomyces-cerevisiae\/#breadcrumb"},"inLanguage":"fr-FR","potentialAction":[{"@type":"ReadAction","target":["https:\/\/experti.it\/fr\/prodotto\/awri-796-saccharomyces-cerevisiae\/"]}]},{"@type":"ImageObject","inLanguage":"fr-FR","@id":"https:\/\/experti.it\/fr\/prodotto\/awri-796-saccharomyces-cerevisiae\/#primaryimage","url":"https:\/\/res.cloudinary.com\/dso9cfgr2\/images\/f_auto,q_auto\/v1739959739\/AWRI-796_843496ba6\/AWRI-796_843496ba6.png?_i=AA","contentUrl":"https:\/\/res.cloudinary.com\/dso9cfgr2\/images\/f_auto,q_auto\/v1739959739\/AWRI-796_843496ba6\/AWRI-796_843496ba6.png?_i=AA","width":1125,"height":1124},{"@type":"BreadcrumbList","@id":"https:\/\/experti.it\/fr\/prodotto\/awri-796-saccharomyces-cerevisiae\/#breadcrumb","itemListElement":[{"@type":"ListItem","position":1,"name":"Home","item":"https:\/\/experti.it\/fr\/"},{"@type":"ListItem","position":2,"name":"Produits","item":"https:\/\/experti.it\/fr\/boutique\/"},{"@type":"ListItem","position":3,"name":"AWRI 796 | Saccharomyces cerevisiae"}]},{"@type":"WebSite","@id":"https:\/\/experti.it\/fr\/#website","url":"https:\/\/experti.it\/fr\/","name":"Experti","description":"Enologia, tecnologia e innovazione","publisher":{"@id":"https:\/\/experti.it\/fr\/#organization"},"potentialAction":[{"@type":"SearchAction","target":{"@type":"EntryPoint","urlTemplate":"https:\/\/experti.it\/fr\/?s={search_term_string}"},"query-input":{"@type":"PropertyValueSpecification","valueRequired":true,"valueName":"search_term_string"}}],"inLanguage":"fr-FR"},{"@type":"Organization","@id":"https:\/\/experti.it\/fr\/#organization","name":"Experti","url":"https:\/\/experti.it\/fr\/","logo":{"@type":"ImageObject","inLanguage":"fr-FR","@id":"https:\/\/experti.it\/fr\/#\/schema\/logo\/image\/","url":"https:\/\/experti.it\/wp-content\/uploads\/2025\/01\/EXPERTI-LOGO-web.png","contentUrl":"https:\/\/experti.it\/wp-content\/uploads\/2025\/01\/EXPERTI-LOGO-web.png","width":484,"height":210,"caption":"Experti"},"image":{"@id":"https:\/\/experti.it\/fr\/#\/schema\/logo\/image\/"},"sameAs":["https:\/\/www.facebook.com\/www.experti.it\/","http:\/\/www.instagram.com\/experti.it"]}]}},"_links":{"self":[{"href":"https:\/\/experti.it\/fr\/wp-json\/wp\/v2\/product\/9907","targetHints":{"allow":["GET"]}}],"collection":[{"href":"https:\/\/experti.it\/fr\/wp-json\/wp\/v2\/product"}],"about":[{"href":"https:\/\/experti.it\/fr\/wp-json\/wp\/v2\/types\/product"}],"wp:featuredmedia":[{"embeddable":true,"href":"https:\/\/experti.it\/fr\/wp-json\/wp\/v2\/media\/8434"}],"wp:attachment":[{"href":"https:\/\/experti.it\/fr\/wp-json\/wp\/v2\/media?parent=9907"}],"wp:term":[{"taxonomy":"product_brand","embeddable":true,"href":"https:\/\/experti.it\/fr\/wp-json\/wp\/v2\/product_brand?post=9907"},{"taxonomy":"product_cat","embeddable":true,"href":"https:\/\/experti.it\/fr\/wp-json\/wp\/v2\/product_cat?post=9907"},{"taxonomy":"product_tag","embeddable":true,"href":"https:\/\/experti.it\/fr\/wp-json\/wp\/v2\/product_tag?post=9907"}],"curies":[{"name":"wp","href":"https:\/\/api.w.org\/{rel}","templated":true}]}}