{"id":9650,"date":"2025-01-27T21:33:06","date_gmt":"2025-01-27T20:33:06","guid":{"rendered":"https:\/\/stg.experti.it\/prodotto\/cartuchos-de-betafina-3m-serie-pbg\/"},"modified":"2025-01-27T21:33:06","modified_gmt":"2025-01-27T20:33:06","slug":"cartuchos-de-betafina-3m-serie-pbg","status":"publish","type":"product","link":"https:\/\/experti.it\/pt-pt\/prodotto\/cartuchos-de-betafina-3m-serie-pbg\/","title":{"rendered":"CARTUCHOS DE BETAFINA 3M S\u00c9RIE PBG"},"content":{"rendered":"<p>Os cartuchos de filtro Betafine\u2122 S\u00e9rie PBG representam um grande avan\u00e7o no desempenho dos filtros de polipropileno plissado.<\/p>\n<p>A estrutura com tecnologia APT garante: &#8211; At\u00e9 50% mais \u00e1rea de superf\u00edcie de filtragem do que os filtros concorrentes &#8211; Excelente reten\u00e7\u00e3o de contaminantes devido \u00e0 estrutura de densidade graduada &#8211; Maior fluxo e queda de press\u00e3o reduzida. O resultado \u00e9 um cartucho de filtro que dura mais tempo, funciona melhor e reduz os custos de funcionamento.  <\/p>\n<div style=\"clear: both;\"><\/div>\n<hr>\n<div id=\"features\">\n<div class=\"box\" style=\"float: left; width: 33%; padding: 20px;\"><\/div>\n<div class=\"box\" style=\"float: left; width: 33%; padding: 20px;\"><\/div>\n<div class=\"box\" style=\"float: left; width: 33%; padding: 20px;\"><\/div>\n<div class=\"box\" style=\"float: left; width: 33%; padding: 20px;\"><\/div>\n<div class=\"box\" style=\"float: left; width: 33%; padding: 20px;\"><\/div>\n<\/div>\n<div style=\"clear: both;\"><\/div>\n","protected":false},"excerpt":{"rendered":"<p>Os cartuchos de filtro Betafine\u2122 S\u00e9rie PBG representam um grande avan\u00e7o no desempenho dos filtros de polipropileno plissado. A estrutura&hellip;<\/p>\n","protected":false},"featured_media":7981,"template":"","meta":{"_cloudinary_featured_overwrite":false},"product_brand":[],"product_cat":[295],"product_tag":[],"class_list":{"0":"post-9650","1":"product","2":"type-product","3":"status-publish","4":"has-post-thumbnail","6":"product_cat-cartuchos-3m-pt-pt","8":"first","9":"instock","10":"shipping-taxable","11":"product-type-simple","12":"layout-style-1","13":"col-md-4 col-sm-4 col-xs-6","14":"col-lg-3","15":"product-style-slider"},"yoast_head":"<!-- This site is optimized with the Yoast SEO plugin v25.9 - https:\/\/yoast.com\/wordpress\/plugins\/seo\/ -->\n<title>CARTUCHOS DE BETAFINA 3M S\u00c9RIE PBG - Experti<\/title>\n<meta name=\"description\" content=\"Os cartuchos de filtro Betafine\u2122 S\u00e9rie PBG representam um grande avan\u00e7o no desempenho dos filtros de polipropileno plissado.\" \/>\n<meta name=\"robots\" content=\"index, follow, max-snippet:-1, max-image-preview:large, max-video-preview:-1\" \/>\n<link rel=\"canonical\" href=\"https:\/\/experti.it\/pt-pt\/prodotto\/cartuchos-de-betafina-3m-serie-pbg\/\" \/>\n<meta property=\"og:locale\" content=\"pt_PT\" \/>\n<meta property=\"og:type\" content=\"article\" \/>\n<meta property=\"og:title\" content=\"CARTUCHOS DE BETAFINA 3M S\u00c9RIE PBG - Experti\" \/>\n<meta property=\"og:description\" content=\"Os cartuchos de filtro Betafine\u2122 S\u00e9rie PBG representam um grande avan\u00e7o no desempenho dos filtros de polipropileno plissado.\" \/>\n<meta property=\"og:url\" content=\"https:\/\/experti.it\/pt-pt\/prodotto\/cartuchos-de-betafina-3m-serie-pbg\/\" \/>\n<meta property=\"og:site_name\" content=\"Experti\" \/>\n<meta property=\"article:publisher\" content=\"https:\/\/www.facebook.com\/www.experti.it\/\" \/>\n<meta property=\"og:image\" content=\"https:\/\/experti.it\/wp-content\/uploads\/2025\/01\/3M-CARTUCCE-BETAFINE-Serie-PBG.png\" \/>\n\t<meta property=\"og:image:width\" content=\"1125\" \/>\n\t<meta property=\"og:image:height\" content=\"1124\" \/>\n\t<meta property=\"og:image:type\" content=\"image\/png\" \/>\n<meta name=\"twitter:card\" content=\"summary_large_image\" \/>\n<script type=\"application\/ld+json\" class=\"yoast-schema-graph\">{\"@context\":\"https:\/\/schema.org\",\"@graph\":[{\"@type\":\"WebPage\",\"@id\":\"https:\/\/experti.it\/pt-pt\/prodotto\/cartuchos-de-betafina-3m-serie-pbg\/\",\"url\":\"https:\/\/experti.it\/pt-pt\/prodotto\/cartuchos-de-betafina-3m-serie-pbg\/\",\"name\":\"CARTUCHOS DE BETAFINA 3M S\u00c9RIE PBG - Experti\",\"isPartOf\":{\"@id\":\"https:\/\/experti.it\/pt-pt\/#website\"},\"primaryImageOfPage\":{\"@id\":\"https:\/\/experti.it\/pt-pt\/prodotto\/cartuchos-de-betafina-3m-serie-pbg\/#primaryimage\"},\"image\":{\"@id\":\"https:\/\/experti.it\/pt-pt\/prodotto\/cartuchos-de-betafina-3m-serie-pbg\/#primaryimage\"},\"thumbnailUrl\":\"https:\/\/experti.it\/wp-content\/uploads\/2025\/01\/3M-CARTUCCE-BETAFINE-Serie-PBG.png\",\"datePublished\":\"2025-01-27T20:33:06+00:00\",\"description\":\"Os cartuchos de filtro Betafine\u2122 S\u00e9rie PBG representam um grande avan\u00e7o no desempenho dos filtros de polipropileno plissado.\",\"breadcrumb\":{\"@id\":\"https:\/\/experti.it\/pt-pt\/prodotto\/cartuchos-de-betafina-3m-serie-pbg\/#breadcrumb\"},\"inLanguage\":\"pt-PT\",\"potentialAction\":[{\"@type\":\"ReadAction\",\"target\":[\"https:\/\/experti.it\/pt-pt\/prodotto\/cartuchos-de-betafina-3m-serie-pbg\/\"]}]},{\"@type\":\"ImageObject\",\"inLanguage\":\"pt-PT\",\"@id\":\"https:\/\/experti.it\/pt-pt\/prodotto\/cartuchos-de-betafina-3m-serie-pbg\/#primaryimage\",\"url\":\"https:\/\/experti.it\/wp-content\/uploads\/2025\/01\/3M-CARTUCCE-BETAFINE-Serie-PBG.png\",\"contentUrl\":\"https:\/\/experti.it\/wp-content\/uploads\/2025\/01\/3M-CARTUCCE-BETAFINE-Serie-PBG.png\",\"width\":1125,\"height\":1124},{\"@type\":\"BreadcrumbList\",\"@id\":\"https:\/\/experti.it\/pt-pt\/prodotto\/cartuchos-de-betafina-3m-serie-pbg\/#breadcrumb\",\"itemListElement\":[{\"@type\":\"ListItem\",\"position\":1,\"name\":\"Home\",\"item\":\"https:\/\/experti.it\/pt-pt\/\"},{\"@type\":\"ListItem\",\"position\":2,\"name\":\"Produtos\",\"item\":\"https:\/\/experti.it\/pt-pt\/shop\/\"},{\"@type\":\"ListItem\",\"position\":3,\"name\":\"CARTUCHOS DE BETAFINA 3M S\u00c9RIE PBG\"}]},{\"@type\":\"WebSite\",\"@id\":\"https:\/\/experti.it\/pt-pt\/#website\",\"url\":\"https:\/\/experti.it\/pt-pt\/\",\"name\":\"Experti\",\"description\":\"Enologia, tecnologia e innovazione\",\"publisher\":{\"@id\":\"https:\/\/experti.it\/pt-pt\/#organization\"},\"potentialAction\":[{\"@type\":\"SearchAction\",\"target\":{\"@type\":\"EntryPoint\",\"urlTemplate\":\"https:\/\/experti.it\/pt-pt\/?s={search_term_string}\"},\"query-input\":{\"@type\":\"PropertyValueSpecification\",\"valueRequired\":true,\"valueName\":\"search_term_string\"}}],\"inLanguage\":\"pt-PT\"},{\"@type\":\"Organization\",\"@id\":\"https:\/\/experti.it\/pt-pt\/#organization\",\"name\":\"Experti\",\"url\":\"https:\/\/experti.it\/pt-pt\/\",\"logo\":{\"@type\":\"ImageObject\",\"inLanguage\":\"pt-PT\",\"@id\":\"https:\/\/experti.it\/pt-pt\/#\/schema\/logo\/image\/\",\"url\":\"https:\/\/experti.it\/wp-content\/uploads\/2025\/01\/EXPERTI-LOGO-web.png\",\"contentUrl\":\"https:\/\/experti.it\/wp-content\/uploads\/2025\/01\/EXPERTI-LOGO-web.png\",\"width\":484,\"height\":210,\"caption\":\"Experti\"},\"image\":{\"@id\":\"https:\/\/experti.it\/pt-pt\/#\/schema\/logo\/image\/\"},\"sameAs\":[\"https:\/\/www.facebook.com\/www.experti.it\/\",\"http:\/\/www.instagram.com\/experti.it\"]}]}<\/script>\n<!-- \/ Yoast SEO plugin. -->","yoast_head_json":{"title":"CARTUCHOS DE BETAFINA 3M S\u00c9RIE PBG - Experti","description":"Os cartuchos de filtro Betafine\u2122 S\u00e9rie PBG representam um grande avan\u00e7o no desempenho dos filtros de polipropileno plissado.","robots":{"index":"index","follow":"follow","max-snippet":"max-snippet:-1","max-image-preview":"max-image-preview:large","max-video-preview":"max-video-preview:-1"},"canonical":"https:\/\/experti.it\/pt-pt\/prodotto\/cartuchos-de-betafina-3m-serie-pbg\/","og_locale":"pt_PT","og_type":"article","og_title":"CARTUCHOS DE BETAFINA 3M S\u00c9RIE PBG - Experti","og_description":"Os cartuchos de filtro Betafine\u2122 S\u00e9rie PBG representam um grande avan\u00e7o no desempenho dos filtros de polipropileno plissado.","og_url":"https:\/\/experti.it\/pt-pt\/prodotto\/cartuchos-de-betafina-3m-serie-pbg\/","og_site_name":"Experti","article_publisher":"https:\/\/www.facebook.com\/www.experti.it\/","og_image":[{"width":1125,"height":1124,"url":"https:\/\/experti.it\/wp-content\/uploads\/2025\/01\/3M-CARTUCCE-BETAFINE-Serie-PBG.png","type":"image\/png"}],"twitter_card":"summary_large_image","schema":{"@context":"https:\/\/schema.org","@graph":[{"@type":"WebPage","@id":"https:\/\/experti.it\/pt-pt\/prodotto\/cartuchos-de-betafina-3m-serie-pbg\/","url":"https:\/\/experti.it\/pt-pt\/prodotto\/cartuchos-de-betafina-3m-serie-pbg\/","name":"CARTUCHOS DE BETAFINA 3M S\u00c9RIE PBG - Experti","isPartOf":{"@id":"https:\/\/experti.it\/pt-pt\/#website"},"primaryImageOfPage":{"@id":"https:\/\/experti.it\/pt-pt\/prodotto\/cartuchos-de-betafina-3m-serie-pbg\/#primaryimage"},"image":{"@id":"https:\/\/experti.it\/pt-pt\/prodotto\/cartuchos-de-betafina-3m-serie-pbg\/#primaryimage"},"thumbnailUrl":"https:\/\/experti.it\/wp-content\/uploads\/2025\/01\/3M-CARTUCCE-BETAFINE-Serie-PBG.png","datePublished":"2025-01-27T20:33:06+00:00","description":"Os cartuchos de filtro Betafine\u2122 S\u00e9rie PBG representam um grande avan\u00e7o no desempenho dos filtros de polipropileno plissado.","breadcrumb":{"@id":"https:\/\/experti.it\/pt-pt\/prodotto\/cartuchos-de-betafina-3m-serie-pbg\/#breadcrumb"},"inLanguage":"pt-PT","potentialAction":[{"@type":"ReadAction","target":["https:\/\/experti.it\/pt-pt\/prodotto\/cartuchos-de-betafina-3m-serie-pbg\/"]}]},{"@type":"ImageObject","inLanguage":"pt-PT","@id":"https:\/\/experti.it\/pt-pt\/prodotto\/cartuchos-de-betafina-3m-serie-pbg\/#primaryimage","url":"https:\/\/experti.it\/wp-content\/uploads\/2025\/01\/3M-CARTUCCE-BETAFINE-Serie-PBG.png","contentUrl":"https:\/\/experti.it\/wp-content\/uploads\/2025\/01\/3M-CARTUCCE-BETAFINE-Serie-PBG.png","width":1125,"height":1124},{"@type":"BreadcrumbList","@id":"https:\/\/experti.it\/pt-pt\/prodotto\/cartuchos-de-betafina-3m-serie-pbg\/#breadcrumb","itemListElement":[{"@type":"ListItem","position":1,"name":"Home","item":"https:\/\/experti.it\/pt-pt\/"},{"@type":"ListItem","position":2,"name":"Produtos","item":"https:\/\/experti.it\/pt-pt\/shop\/"},{"@type":"ListItem","position":3,"name":"CARTUCHOS DE BETAFINA 3M S\u00c9RIE PBG"}]},{"@type":"WebSite","@id":"https:\/\/experti.it\/pt-pt\/#website","url":"https:\/\/experti.it\/pt-pt\/","name":"Experti","description":"Enologia, tecnologia e innovazione","publisher":{"@id":"https:\/\/experti.it\/pt-pt\/#organization"},"potentialAction":[{"@type":"SearchAction","target":{"@type":"EntryPoint","urlTemplate":"https:\/\/experti.it\/pt-pt\/?s={search_term_string}"},"query-input":{"@type":"PropertyValueSpecification","valueRequired":true,"valueName":"search_term_string"}}],"inLanguage":"pt-PT"},{"@type":"Organization","@id":"https:\/\/experti.it\/pt-pt\/#organization","name":"Experti","url":"https:\/\/experti.it\/pt-pt\/","logo":{"@type":"ImageObject","inLanguage":"pt-PT","@id":"https:\/\/experti.it\/pt-pt\/#\/schema\/logo\/image\/","url":"https:\/\/experti.it\/wp-content\/uploads\/2025\/01\/EXPERTI-LOGO-web.png","contentUrl":"https:\/\/experti.it\/wp-content\/uploads\/2025\/01\/EXPERTI-LOGO-web.png","width":484,"height":210,"caption":"Experti"},"image":{"@id":"https:\/\/experti.it\/pt-pt\/#\/schema\/logo\/image\/"},"sameAs":["https:\/\/www.facebook.com\/www.experti.it\/","http:\/\/www.instagram.com\/experti.it"]}]}},"_links":{"self":[{"href":"https:\/\/experti.it\/pt-pt\/wp-json\/wp\/v2\/product\/9650","targetHints":{"allow":["GET"]}}],"collection":[{"href":"https:\/\/experti.it\/pt-pt\/wp-json\/wp\/v2\/product"}],"about":[{"href":"https:\/\/experti.it\/pt-pt\/wp-json\/wp\/v2\/types\/product"}],"wp:featuredmedia":[{"embeddable":true,"href":"https:\/\/experti.it\/pt-pt\/wp-json\/wp\/v2\/media\/7981"}],"wp:attachment":[{"href":"https:\/\/experti.it\/pt-pt\/wp-json\/wp\/v2\/media?parent=9650"}],"wp:term":[{"taxonomy":"product_brand","embeddable":true,"href":"https:\/\/experti.it\/pt-pt\/wp-json\/wp\/v2\/product_brand?post=9650"},{"taxonomy":"product_cat","embeddable":true,"href":"https:\/\/experti.it\/pt-pt\/wp-json\/wp\/v2\/product_cat?post=9650"},{"taxonomy":"product_tag","embeddable":true,"href":"https:\/\/experti.it\/pt-pt\/wp-json\/wp\/v2\/product_tag?post=9650"}],"curies":[{"name":"wp","href":"https:\/\/api.w.org\/{rel}","templated":true}]}}