{"id":9711,"date":"2025-01-27T21:33:04","date_gmt":"2025-01-27T20:33:04","guid":{"rendered":"https:\/\/stg.experti.it\/prodotto\/karbon-gr\/"},"modified":"2025-12-05T10:42:39","modified_gmt":"2025-12-05T09:42:39","slug":"karbon-gr","status":"publish","type":"product","link":"https:\/\/experti.it\/pt-pt\/prodotto\/karbon-gr\/","title":{"rendered":"KARBON GR"},"content":{"rendered":"<p>Karbon GR \u00e9 um produto \u00e0 base de carv\u00e3o ativado que permite o doseamento em condi\u00e7\u00f5es de aus\u00eancia de p\u00f3. \u00c9 constitu\u00eddo por carv\u00e3o ativado macroporoso com elevado poder descolorante e bentonite de qualidade alimentar. Apresenta-se sob a forma granular, em pellets de 3 mm de di\u00e2metro, sem qualquer inconveniente relacionado com o desenvolvimento de p\u00f3. Excelente solubilidade. Karbon GR combina uma excelente capacidade de adsor\u00e7\u00e3o com elevadas carater\u00edsticas de separa\u00e7\u00e3o, favorecidas pela presen\u00e7a de bentonite (15%).<\/p>\n<p>EMBALAGEM: sacos de 20 kg.<\/p>\n<div style=\"clear: both;\"><\/div>\n<hr \/>\n<div id=\"features\">\n<div class=\"box\" style=\"float: left; width: 33%; padding: 20px;\"><\/div>\n<div class=\"box\" style=\"float: left; width: 33%; padding: 20px;\"><\/div>\n<div class=\"box\" style=\"float: left; width: 33%; padding: 20px;\"><\/div>\n<\/div>\n<div style=\"clear: both;\"><\/div>\n","protected":false},"excerpt":{"rendered":"<p>Karbon GR \u00e9 um produto \u00e0 base de carv\u00e3o ativado que permite o doseamento em condi\u00e7\u00f5es de aus\u00eancia de p\u00f3.&hellip;<\/p>\n","protected":false},"featured_media":8018,"template":"","meta":{"_cloudinary_featured_overwrite":false},"product_brand":[],"product_cat":[223],"product_tag":[],"class_list":{"0":"post-9711","1":"product","2":"type-product","3":"status-publish","4":"has-post-thumbnail","6":"product_cat-clarificadores-pt-pt","8":"first","9":"instock","10":"shipping-taxable","11":"product-type-simple","12":"layout-style-1","13":"col-md-4 col-sm-4 col-xs-6","14":"col-lg-3","15":"product-style-slider"},"yoast_head":"<!-- This site is optimized with the Yoast SEO plugin v25.9 - https:\/\/yoast.com\/wordpress\/plugins\/seo\/ -->\n<title>KARBON GR - Experti<\/title>\n<meta name=\"description\" content=\"O Karbon GR \u00e9 um produto \u00e0 base de carv\u00e3o ativado que permite a dosagem em condi\u00e7\u00f5es de aus\u00eancia de p\u00f3.\" \/>\n<meta name=\"robots\" content=\"index, follow, max-snippet:-1, max-image-preview:large, max-video-preview:-1\" \/>\n<link rel=\"canonical\" href=\"https:\/\/experti.it\/pt-pt\/prodotto\/karbon-gr\/\" \/>\n<meta property=\"og:locale\" content=\"pt_PT\" \/>\n<meta property=\"og:type\" content=\"article\" \/>\n<meta property=\"og:title\" content=\"KARBON GR - Experti\" \/>\n<meta property=\"og:description\" content=\"O Karbon GR \u00e9 um produto \u00e0 base de carv\u00e3o ativado que permite a dosagem em condi\u00e7\u00f5es de aus\u00eancia de p\u00f3.\" \/>\n<meta property=\"og:url\" content=\"https:\/\/experti.it\/pt-pt\/prodotto\/karbon-gr\/\" \/>\n<meta property=\"og:site_name\" content=\"Experti\" \/>\n<meta property=\"article:publisher\" content=\"https:\/\/www.facebook.com\/www.experti.it\/\" \/>\n<meta property=\"article:modified_time\" content=\"2025-12-05T09:42:39+00:00\" \/>\n<meta property=\"og:image\" content=\"https:\/\/experti.it\/wp-content\/uploads\/2025\/01\/KARBON-GR.png\" \/>\n\t<meta property=\"og:image:width\" content=\"1125\" \/>\n\t<meta property=\"og:image:height\" content=\"1124\" \/>\n\t<meta property=\"og:image:type\" content=\"image\/png\" \/>\n<meta name=\"twitter:card\" content=\"summary_large_image\" \/>\n<meta name=\"twitter:label1\" content=\"Tempo estimado de leitura\" \/>\n\t<meta name=\"twitter:data1\" content=\"1 minuto\" \/>\n<script type=\"application\/ld+json\" class=\"yoast-schema-graph\">{\"@context\":\"https:\/\/schema.org\",\"@graph\":[{\"@type\":\"WebPage\",\"@id\":\"https:\/\/experti.it\/pt-pt\/prodotto\/karbon-gr\/\",\"url\":\"https:\/\/experti.it\/pt-pt\/prodotto\/karbon-gr\/\",\"name\":\"KARBON GR - Experti\",\"isPartOf\":{\"@id\":\"https:\/\/experti.it\/pt-pt\/#website\"},\"primaryImageOfPage\":{\"@id\":\"https:\/\/experti.it\/pt-pt\/prodotto\/karbon-gr\/#primaryimage\"},\"image\":{\"@id\":\"https:\/\/experti.it\/pt-pt\/prodotto\/karbon-gr\/#primaryimage\"},\"thumbnailUrl\":\"https:\/\/experti.it\/wp-content\/uploads\/2025\/01\/KARBON-GR.png\",\"datePublished\":\"2025-01-27T20:33:04+00:00\",\"dateModified\":\"2025-12-05T09:42:39+00:00\",\"description\":\"O Karbon GR \u00e9 um produto \u00e0 base de carv\u00e3o ativado que permite a dosagem em condi\u00e7\u00f5es de aus\u00eancia de p\u00f3.\",\"breadcrumb\":{\"@id\":\"https:\/\/experti.it\/pt-pt\/prodotto\/karbon-gr\/#breadcrumb\"},\"inLanguage\":\"pt-PT\",\"potentialAction\":[{\"@type\":\"ReadAction\",\"target\":[\"https:\/\/experti.it\/pt-pt\/prodotto\/karbon-gr\/\"]}]},{\"@type\":\"ImageObject\",\"inLanguage\":\"pt-PT\",\"@id\":\"https:\/\/experti.it\/pt-pt\/prodotto\/karbon-gr\/#primaryimage\",\"url\":\"https:\/\/experti.it\/wp-content\/uploads\/2025\/01\/KARBON-GR.png\",\"contentUrl\":\"https:\/\/experti.it\/wp-content\/uploads\/2025\/01\/KARBON-GR.png\",\"width\":1125,\"height\":1124},{\"@type\":\"BreadcrumbList\",\"@id\":\"https:\/\/experti.it\/pt-pt\/prodotto\/karbon-gr\/#breadcrumb\",\"itemListElement\":[{\"@type\":\"ListItem\",\"position\":1,\"name\":\"Home\",\"item\":\"https:\/\/experti.it\/pt-pt\/\"},{\"@type\":\"ListItem\",\"position\":2,\"name\":\"Produtos\",\"item\":\"https:\/\/experti.it\/pt-pt\/shop\/\"},{\"@type\":\"ListItem\",\"position\":3,\"name\":\"Biotecnologia\",\"item\":\"https:\/\/experti.it\/pt-pt\/categorias-de-produtos\/biotecnologia-pt-pt\/\"},{\"@type\":\"ListItem\",\"position\":4,\"name\":\"Clarificadores\",\"item\":\"https:\/\/experti.it\/pt-pt\/categorias-de-produtos\/biotecnologia-pt-pt\/clarificadores-pt-pt\/\"},{\"@type\":\"ListItem\",\"position\":5,\"name\":\"KARBON GR\"}]},{\"@type\":\"WebSite\",\"@id\":\"https:\/\/experti.it\/pt-pt\/#website\",\"url\":\"https:\/\/experti.it\/pt-pt\/\",\"name\":\"Experti\",\"description\":\"Enologia, tecnologia e innovazione\",\"publisher\":{\"@id\":\"https:\/\/experti.it\/pt-pt\/#organization\"},\"potentialAction\":[{\"@type\":\"SearchAction\",\"target\":{\"@type\":\"EntryPoint\",\"urlTemplate\":\"https:\/\/experti.it\/pt-pt\/?s={search_term_string}\"},\"query-input\":{\"@type\":\"PropertyValueSpecification\",\"valueRequired\":true,\"valueName\":\"search_term_string\"}}],\"inLanguage\":\"pt-PT\"},{\"@type\":\"Organization\",\"@id\":\"https:\/\/experti.it\/pt-pt\/#organization\",\"name\":\"Experti\",\"url\":\"https:\/\/experti.it\/pt-pt\/\",\"logo\":{\"@type\":\"ImageObject\",\"inLanguage\":\"pt-PT\",\"@id\":\"https:\/\/experti.it\/pt-pt\/#\/schema\/logo\/image\/\",\"url\":\"https:\/\/experti.it\/wp-content\/uploads\/2025\/01\/EXPERTI-LOGO-web.png\",\"contentUrl\":\"https:\/\/experti.it\/wp-content\/uploads\/2025\/01\/EXPERTI-LOGO-web.png\",\"width\":484,\"height\":210,\"caption\":\"Experti\"},\"image\":{\"@id\":\"https:\/\/experti.it\/pt-pt\/#\/schema\/logo\/image\/\"},\"sameAs\":[\"https:\/\/www.facebook.com\/www.experti.it\/\",\"http:\/\/www.instagram.com\/experti.it\"]}]}<\/script>\n<!-- \/ Yoast SEO plugin. -->","yoast_head_json":{"title":"KARBON GR - Experti","description":"O Karbon GR \u00e9 um produto \u00e0 base de carv\u00e3o ativado que permite a dosagem em condi\u00e7\u00f5es de aus\u00eancia de p\u00f3.","robots":{"index":"index","follow":"follow","max-snippet":"max-snippet:-1","max-image-preview":"max-image-preview:large","max-video-preview":"max-video-preview:-1"},"canonical":"https:\/\/experti.it\/pt-pt\/prodotto\/karbon-gr\/","og_locale":"pt_PT","og_type":"article","og_title":"KARBON GR - Experti","og_description":"O Karbon GR \u00e9 um produto \u00e0 base de carv\u00e3o ativado que permite a dosagem em condi\u00e7\u00f5es de aus\u00eancia de p\u00f3.","og_url":"https:\/\/experti.it\/pt-pt\/prodotto\/karbon-gr\/","og_site_name":"Experti","article_publisher":"https:\/\/www.facebook.com\/www.experti.it\/","article_modified_time":"2025-12-05T09:42:39+00:00","og_image":[{"width":1125,"height":1124,"url":"https:\/\/experti.it\/wp-content\/uploads\/2025\/01\/KARBON-GR.png","type":"image\/png"}],"twitter_card":"summary_large_image","twitter_misc":{"Tempo estimado de leitura":"1 minuto"},"schema":{"@context":"https:\/\/schema.org","@graph":[{"@type":"WebPage","@id":"https:\/\/experti.it\/pt-pt\/prodotto\/karbon-gr\/","url":"https:\/\/experti.it\/pt-pt\/prodotto\/karbon-gr\/","name":"KARBON GR - Experti","isPartOf":{"@id":"https:\/\/experti.it\/pt-pt\/#website"},"primaryImageOfPage":{"@id":"https:\/\/experti.it\/pt-pt\/prodotto\/karbon-gr\/#primaryimage"},"image":{"@id":"https:\/\/experti.it\/pt-pt\/prodotto\/karbon-gr\/#primaryimage"},"thumbnailUrl":"https:\/\/experti.it\/wp-content\/uploads\/2025\/01\/KARBON-GR.png","datePublished":"2025-01-27T20:33:04+00:00","dateModified":"2025-12-05T09:42:39+00:00","description":"O Karbon GR \u00e9 um produto \u00e0 base de carv\u00e3o ativado que permite a dosagem em condi\u00e7\u00f5es de aus\u00eancia de p\u00f3.","breadcrumb":{"@id":"https:\/\/experti.it\/pt-pt\/prodotto\/karbon-gr\/#breadcrumb"},"inLanguage":"pt-PT","potentialAction":[{"@type":"ReadAction","target":["https:\/\/experti.it\/pt-pt\/prodotto\/karbon-gr\/"]}]},{"@type":"ImageObject","inLanguage":"pt-PT","@id":"https:\/\/experti.it\/pt-pt\/prodotto\/karbon-gr\/#primaryimage","url":"https:\/\/experti.it\/wp-content\/uploads\/2025\/01\/KARBON-GR.png","contentUrl":"https:\/\/experti.it\/wp-content\/uploads\/2025\/01\/KARBON-GR.png","width":1125,"height":1124},{"@type":"BreadcrumbList","@id":"https:\/\/experti.it\/pt-pt\/prodotto\/karbon-gr\/#breadcrumb","itemListElement":[{"@type":"ListItem","position":1,"name":"Home","item":"https:\/\/experti.it\/pt-pt\/"},{"@type":"ListItem","position":2,"name":"Produtos","item":"https:\/\/experti.it\/pt-pt\/shop\/"},{"@type":"ListItem","position":3,"name":"Biotecnologia","item":"https:\/\/experti.it\/pt-pt\/categorias-de-produtos\/biotecnologia-pt-pt\/"},{"@type":"ListItem","position":4,"name":"Clarificadores","item":"https:\/\/experti.it\/pt-pt\/categorias-de-produtos\/biotecnologia-pt-pt\/clarificadores-pt-pt\/"},{"@type":"ListItem","position":5,"name":"KARBON GR"}]},{"@type":"WebSite","@id":"https:\/\/experti.it\/pt-pt\/#website","url":"https:\/\/experti.it\/pt-pt\/","name":"Experti","description":"Enologia, tecnologia e innovazione","publisher":{"@id":"https:\/\/experti.it\/pt-pt\/#organization"},"potentialAction":[{"@type":"SearchAction","target":{"@type":"EntryPoint","urlTemplate":"https:\/\/experti.it\/pt-pt\/?s={search_term_string}"},"query-input":{"@type":"PropertyValueSpecification","valueRequired":true,"valueName":"search_term_string"}}],"inLanguage":"pt-PT"},{"@type":"Organization","@id":"https:\/\/experti.it\/pt-pt\/#organization","name":"Experti","url":"https:\/\/experti.it\/pt-pt\/","logo":{"@type":"ImageObject","inLanguage":"pt-PT","@id":"https:\/\/experti.it\/pt-pt\/#\/schema\/logo\/image\/","url":"https:\/\/experti.it\/wp-content\/uploads\/2025\/01\/EXPERTI-LOGO-web.png","contentUrl":"https:\/\/experti.it\/wp-content\/uploads\/2025\/01\/EXPERTI-LOGO-web.png","width":484,"height":210,"caption":"Experti"},"image":{"@id":"https:\/\/experti.it\/pt-pt\/#\/schema\/logo\/image\/"},"sameAs":["https:\/\/www.facebook.com\/www.experti.it\/","http:\/\/www.instagram.com\/experti.it"]}]}},"_links":{"self":[{"href":"https:\/\/experti.it\/pt-pt\/wp-json\/wp\/v2\/product\/9711","targetHints":{"allow":["GET"]}}],"collection":[{"href":"https:\/\/experti.it\/pt-pt\/wp-json\/wp\/v2\/product"}],"about":[{"href":"https:\/\/experti.it\/pt-pt\/wp-json\/wp\/v2\/types\/product"}],"wp:featuredmedia":[{"embeddable":true,"href":"https:\/\/experti.it\/pt-pt\/wp-json\/wp\/v2\/media\/8018"}],"wp:attachment":[{"href":"https:\/\/experti.it\/pt-pt\/wp-json\/wp\/v2\/media?parent=9711"}],"wp:term":[{"taxonomy":"product_brand","embeddable":true,"href":"https:\/\/experti.it\/pt-pt\/wp-json\/wp\/v2\/product_brand?post=9711"},{"taxonomy":"product_cat","embeddable":true,"href":"https:\/\/experti.it\/pt-pt\/wp-json\/wp\/v2\/product_cat?post=9711"},{"taxonomy":"product_tag","embeddable":true,"href":"https:\/\/experti.it\/pt-pt\/wp-json\/wp\/v2\/product_tag?post=9711"}],"curies":[{"name":"wp","href":"https:\/\/api.w.org\/{rel}","templated":true}]}}