{"id":9854,"date":"2025-01-27T21:32:10","date_gmt":"2025-01-27T20:32:10","guid":{"rendered":"https:\/\/stg.experti.it\/prodotto\/recorde-saccharomyces-cerevisiae\/"},"modified":"2025-11-28T15:54:11","modified_gmt":"2025-11-28T14:54:11","slug":"recorde-saccharomyces-cerevisiae","status":"publish","type":"product","link":"https:\/\/experti.it\/pt-pt\/prodotto\/recorde-saccharomyces-cerevisiae\/","title":{"rendered":"RECORDE | Saccharomyces cerevisiae"},"content":{"rendered":"<p>Saccharomyces cerevisiae , \u00e9 particularmente indicada para a vinifica\u00e7\u00e3o de vinhos tintos encorpados e estruturados, pois \u00e9 uma estirpe resistente a teores alco\u00f3licos elevados.<br \/>\nPermite uma fermenta\u00e7\u00e3o limpa e regular, mesmo a altas temperaturas, garantindo bons resultados em mostos vinificados sem controlo de temperatura, real\u00e7a o car\u00e1cter intenso e frutado e \u00e9 especialmente indicada para a fermenta\u00e7\u00e3o de mostos de uvas passas e para o rein\u00edcio de paragens. Embalagem: 500 g<\/p>\n<div style=\"clear: both;\"><\/div>\n<hr \/>\n<div id=\"features\">\n<div class=\"box\" style=\"float: left; width: 33%; padding: 20px;\">[radar v=&#8221;VINI ROSSI Fruttato=4,8;Complessit\u00e0=4;Colore=4,5;Glicerolo=4;Aromi varietali=5&#8243;]<\/div>\n<div class=\"box\" style=\"float: left; width: 33%; padding: 20px;\"><\/div>\n<div class=\"box\" style=\"float: left; width: 33%; padding: 20px;\"><\/div>\n<div class=\"box\" style=\"float: left; width: 33%; padding: 20px;\"><\/div>\n<\/div>\n<div style=\"clear: both;\"><\/div>\n","protected":false},"excerpt":{"rendered":"<p>Saccharomyces cerevisiae , \u00e9 particularmente indicada para a vinifica\u00e7\u00e3o de vinhos tintos encorpados e estruturados, pois \u00e9 uma estirpe resistente&hellip;<\/p>\n","protected":false},"featured_media":8283,"template":"","meta":{"_cloudinary_featured_overwrite":false},"product_brand":[],"product_cat":[224],"product_tag":[],"class_list":{"0":"post-9854","1":"product","2":"type-product","3":"status-publish","4":"has-post-thumbnail","6":"product_cat-leveduras","8":"first","9":"instock","10":"shipping-taxable","11":"product-type-simple","12":"layout-style-1","13":"col-md-4 col-sm-4 col-xs-6","14":"col-lg-3","15":"product-style-slider"},"yoast_head":"<!-- This site is optimized with the Yoast SEO plugin v25.9 - https:\/\/yoast.com\/wordpress\/plugins\/seo\/ -->\n<title>RECORDE | Saccharomyces cerevisiae - Experti<\/title>\n<meta name=\"description\" content=\"Saccharomyces cerevisiae , \u00e9 particularmente indicada para a vinifica\u00e7\u00e3o de vinhos tintos encorpados e estruturados, pois \u00e9 uma estirpe resistente a teores alco\u00f3licos elevados.\" \/>\n<meta name=\"robots\" content=\"index, follow, max-snippet:-1, max-image-preview:large, max-video-preview:-1\" \/>\n<link rel=\"canonical\" href=\"https:\/\/experti.it\/pt-pt\/prodotto\/recorde-saccharomyces-cerevisiae\/\" \/>\n<meta property=\"og:locale\" content=\"pt_PT\" \/>\n<meta property=\"og:type\" content=\"article\" \/>\n<meta property=\"og:title\" content=\"RECORDE | Saccharomyces cerevisiae - Experti\" \/>\n<meta property=\"og:description\" content=\"Saccharomyces cerevisiae , \u00e9 particularmente indicada para a vinifica\u00e7\u00e3o de vinhos tintos encorpados e estruturados, pois \u00e9 uma estirpe resistente a teores alco\u00f3licos elevados.\" \/>\n<meta property=\"og:url\" content=\"https:\/\/experti.it\/pt-pt\/prodotto\/recorde-saccharomyces-cerevisiae\/\" \/>\n<meta property=\"og:site_name\" content=\"Experti\" \/>\n<meta property=\"article:publisher\" content=\"https:\/\/www.facebook.com\/www.experti.it\/\" \/>\n<meta property=\"article:modified_time\" content=\"2025-11-28T14:54:11+00:00\" \/>\n<meta property=\"og:image\" content=\"https:\/\/experti.it\/wp-content\/uploads\/2025\/01\/EXPERTI-RECORD.png\" \/>\n\t<meta property=\"og:image:width\" content=\"1687\" \/>\n\t<meta property=\"og:image:height\" content=\"1686\" \/>\n\t<meta property=\"og:image:type\" content=\"image\/png\" \/>\n<meta name=\"twitter:card\" content=\"summary_large_image\" \/>\n<meta name=\"twitter:label1\" content=\"Tempo estimado de leitura\" \/>\n\t<meta name=\"twitter:data1\" content=\"1 minuto\" \/>\n<script type=\"application\/ld+json\" class=\"yoast-schema-graph\">{\"@context\":\"https:\/\/schema.org\",\"@graph\":[{\"@type\":\"WebPage\",\"@id\":\"https:\/\/experti.it\/pt-pt\/prodotto\/recorde-saccharomyces-cerevisiae\/\",\"url\":\"https:\/\/experti.it\/pt-pt\/prodotto\/recorde-saccharomyces-cerevisiae\/\",\"name\":\"RECORDE | Saccharomyces cerevisiae - Experti\",\"isPartOf\":{\"@id\":\"https:\/\/experti.it\/pt-pt\/#website\"},\"primaryImageOfPage\":{\"@id\":\"https:\/\/experti.it\/pt-pt\/prodotto\/recorde-saccharomyces-cerevisiae\/#primaryimage\"},\"image\":{\"@id\":\"https:\/\/experti.it\/pt-pt\/prodotto\/recorde-saccharomyces-cerevisiae\/#primaryimage\"},\"thumbnailUrl\":\"https:\/\/experti.it\/wp-content\/uploads\/2025\/01\/EXPERTI-RECORD.png\",\"datePublished\":\"2025-01-27T20:32:10+00:00\",\"dateModified\":\"2025-11-28T14:54:11+00:00\",\"description\":\"Saccharomyces cerevisiae , \u00e9 particularmente indicada para a vinifica\u00e7\u00e3o de vinhos tintos encorpados e estruturados, pois \u00e9 uma estirpe resistente a teores alco\u00f3licos elevados.\",\"breadcrumb\":{\"@id\":\"https:\/\/experti.it\/pt-pt\/prodotto\/recorde-saccharomyces-cerevisiae\/#breadcrumb\"},\"inLanguage\":\"pt-PT\",\"potentialAction\":[{\"@type\":\"ReadAction\",\"target\":[\"https:\/\/experti.it\/pt-pt\/prodotto\/recorde-saccharomyces-cerevisiae\/\"]}]},{\"@type\":\"ImageObject\",\"inLanguage\":\"pt-PT\",\"@id\":\"https:\/\/experti.it\/pt-pt\/prodotto\/recorde-saccharomyces-cerevisiae\/#primaryimage\",\"url\":\"https:\/\/experti.it\/wp-content\/uploads\/2025\/01\/EXPERTI-RECORD.png\",\"contentUrl\":\"https:\/\/experti.it\/wp-content\/uploads\/2025\/01\/EXPERTI-RECORD.png\",\"width\":1687,\"height\":1686},{\"@type\":\"BreadcrumbList\",\"@id\":\"https:\/\/experti.it\/pt-pt\/prodotto\/recorde-saccharomyces-cerevisiae\/#breadcrumb\",\"itemListElement\":[{\"@type\":\"ListItem\",\"position\":1,\"name\":\"Home\",\"item\":\"https:\/\/experti.it\/pt-pt\/\"},{\"@type\":\"ListItem\",\"position\":2,\"name\":\"Produtos\",\"item\":\"https:\/\/experti.it\/pt-pt\/shop\/\"},{\"@type\":\"ListItem\",\"position\":3,\"name\":\"Biotecnologia\",\"item\":\"https:\/\/experti.it\/pt-pt\/categorias-de-produtos\/biotecnologia-pt-pt\/\"},{\"@type\":\"ListItem\",\"position\":4,\"name\":\"Leveduras\",\"item\":\"https:\/\/experti.it\/pt-pt\/categorias-de-produtos\/biotecnologia-pt-pt\/leveduras\/\"},{\"@type\":\"ListItem\",\"position\":5,\"name\":\"RECORDE | Saccharomyces cerevisiae\"}]},{\"@type\":\"WebSite\",\"@id\":\"https:\/\/experti.it\/pt-pt\/#website\",\"url\":\"https:\/\/experti.it\/pt-pt\/\",\"name\":\"Experti\",\"description\":\"Enologia, tecnologia e innovazione\",\"publisher\":{\"@id\":\"https:\/\/experti.it\/pt-pt\/#organization\"},\"potentialAction\":[{\"@type\":\"SearchAction\",\"target\":{\"@type\":\"EntryPoint\",\"urlTemplate\":\"https:\/\/experti.it\/pt-pt\/?s={search_term_string}\"},\"query-input\":{\"@type\":\"PropertyValueSpecification\",\"valueRequired\":true,\"valueName\":\"search_term_string\"}}],\"inLanguage\":\"pt-PT\"},{\"@type\":\"Organization\",\"@id\":\"https:\/\/experti.it\/pt-pt\/#organization\",\"name\":\"Experti\",\"url\":\"https:\/\/experti.it\/pt-pt\/\",\"logo\":{\"@type\":\"ImageObject\",\"inLanguage\":\"pt-PT\",\"@id\":\"https:\/\/experti.it\/pt-pt\/#\/schema\/logo\/image\/\",\"url\":\"https:\/\/experti.it\/wp-content\/uploads\/2025\/01\/EXPERTI-LOGO-web.png\",\"contentUrl\":\"https:\/\/experti.it\/wp-content\/uploads\/2025\/01\/EXPERTI-LOGO-web.png\",\"width\":484,\"height\":210,\"caption\":\"Experti\"},\"image\":{\"@id\":\"https:\/\/experti.it\/pt-pt\/#\/schema\/logo\/image\/\"},\"sameAs\":[\"https:\/\/www.facebook.com\/www.experti.it\/\",\"http:\/\/www.instagram.com\/experti.it\"]}]}<\/script>\n<!-- \/ Yoast SEO plugin. -->","yoast_head_json":{"title":"RECORDE | Saccharomyces cerevisiae - Experti","description":"Saccharomyces cerevisiae , \u00e9 particularmente indicada para a vinifica\u00e7\u00e3o de vinhos tintos encorpados e estruturados, pois \u00e9 uma estirpe resistente a teores alco\u00f3licos elevados.","robots":{"index":"index","follow":"follow","max-snippet":"max-snippet:-1","max-image-preview":"max-image-preview:large","max-video-preview":"max-video-preview:-1"},"canonical":"https:\/\/experti.it\/pt-pt\/prodotto\/recorde-saccharomyces-cerevisiae\/","og_locale":"pt_PT","og_type":"article","og_title":"RECORDE | Saccharomyces cerevisiae - Experti","og_description":"Saccharomyces cerevisiae , \u00e9 particularmente indicada para a vinifica\u00e7\u00e3o de vinhos tintos encorpados e estruturados, pois \u00e9 uma estirpe resistente a teores alco\u00f3licos elevados.","og_url":"https:\/\/experti.it\/pt-pt\/prodotto\/recorde-saccharomyces-cerevisiae\/","og_site_name":"Experti","article_publisher":"https:\/\/www.facebook.com\/www.experti.it\/","article_modified_time":"2025-11-28T14:54:11+00:00","og_image":[{"width":1687,"height":1686,"url":"https:\/\/experti.it\/wp-content\/uploads\/2025\/01\/EXPERTI-RECORD.png","type":"image\/png"}],"twitter_card":"summary_large_image","twitter_misc":{"Tempo estimado de leitura":"1 minuto"},"schema":{"@context":"https:\/\/schema.org","@graph":[{"@type":"WebPage","@id":"https:\/\/experti.it\/pt-pt\/prodotto\/recorde-saccharomyces-cerevisiae\/","url":"https:\/\/experti.it\/pt-pt\/prodotto\/recorde-saccharomyces-cerevisiae\/","name":"RECORDE | Saccharomyces cerevisiae - Experti","isPartOf":{"@id":"https:\/\/experti.it\/pt-pt\/#website"},"primaryImageOfPage":{"@id":"https:\/\/experti.it\/pt-pt\/prodotto\/recorde-saccharomyces-cerevisiae\/#primaryimage"},"image":{"@id":"https:\/\/experti.it\/pt-pt\/prodotto\/recorde-saccharomyces-cerevisiae\/#primaryimage"},"thumbnailUrl":"https:\/\/experti.it\/wp-content\/uploads\/2025\/01\/EXPERTI-RECORD.png","datePublished":"2025-01-27T20:32:10+00:00","dateModified":"2025-11-28T14:54:11+00:00","description":"Saccharomyces cerevisiae , \u00e9 particularmente indicada para a vinifica\u00e7\u00e3o de vinhos tintos encorpados e estruturados, pois \u00e9 uma estirpe resistente a teores alco\u00f3licos elevados.","breadcrumb":{"@id":"https:\/\/experti.it\/pt-pt\/prodotto\/recorde-saccharomyces-cerevisiae\/#breadcrumb"},"inLanguage":"pt-PT","potentialAction":[{"@type":"ReadAction","target":["https:\/\/experti.it\/pt-pt\/prodotto\/recorde-saccharomyces-cerevisiae\/"]}]},{"@type":"ImageObject","inLanguage":"pt-PT","@id":"https:\/\/experti.it\/pt-pt\/prodotto\/recorde-saccharomyces-cerevisiae\/#primaryimage","url":"https:\/\/experti.it\/wp-content\/uploads\/2025\/01\/EXPERTI-RECORD.png","contentUrl":"https:\/\/experti.it\/wp-content\/uploads\/2025\/01\/EXPERTI-RECORD.png","width":1687,"height":1686},{"@type":"BreadcrumbList","@id":"https:\/\/experti.it\/pt-pt\/prodotto\/recorde-saccharomyces-cerevisiae\/#breadcrumb","itemListElement":[{"@type":"ListItem","position":1,"name":"Home","item":"https:\/\/experti.it\/pt-pt\/"},{"@type":"ListItem","position":2,"name":"Produtos","item":"https:\/\/experti.it\/pt-pt\/shop\/"},{"@type":"ListItem","position":3,"name":"Biotecnologia","item":"https:\/\/experti.it\/pt-pt\/categorias-de-produtos\/biotecnologia-pt-pt\/"},{"@type":"ListItem","position":4,"name":"Leveduras","item":"https:\/\/experti.it\/pt-pt\/categorias-de-produtos\/biotecnologia-pt-pt\/leveduras\/"},{"@type":"ListItem","position":5,"name":"RECORDE | Saccharomyces cerevisiae"}]},{"@type":"WebSite","@id":"https:\/\/experti.it\/pt-pt\/#website","url":"https:\/\/experti.it\/pt-pt\/","name":"Experti","description":"Enologia, tecnologia e innovazione","publisher":{"@id":"https:\/\/experti.it\/pt-pt\/#organization"},"potentialAction":[{"@type":"SearchAction","target":{"@type":"EntryPoint","urlTemplate":"https:\/\/experti.it\/pt-pt\/?s={search_term_string}"},"query-input":{"@type":"PropertyValueSpecification","valueRequired":true,"valueName":"search_term_string"}}],"inLanguage":"pt-PT"},{"@type":"Organization","@id":"https:\/\/experti.it\/pt-pt\/#organization","name":"Experti","url":"https:\/\/experti.it\/pt-pt\/","logo":{"@type":"ImageObject","inLanguage":"pt-PT","@id":"https:\/\/experti.it\/pt-pt\/#\/schema\/logo\/image\/","url":"https:\/\/experti.it\/wp-content\/uploads\/2025\/01\/EXPERTI-LOGO-web.png","contentUrl":"https:\/\/experti.it\/wp-content\/uploads\/2025\/01\/EXPERTI-LOGO-web.png","width":484,"height":210,"caption":"Experti"},"image":{"@id":"https:\/\/experti.it\/pt-pt\/#\/schema\/logo\/image\/"},"sameAs":["https:\/\/www.facebook.com\/www.experti.it\/","http:\/\/www.instagram.com\/experti.it"]}]}},"_links":{"self":[{"href":"https:\/\/experti.it\/pt-pt\/wp-json\/wp\/v2\/product\/9854","targetHints":{"allow":["GET"]}}],"collection":[{"href":"https:\/\/experti.it\/pt-pt\/wp-json\/wp\/v2\/product"}],"about":[{"href":"https:\/\/experti.it\/pt-pt\/wp-json\/wp\/v2\/types\/product"}],"wp:featuredmedia":[{"embeddable":true,"href":"https:\/\/experti.it\/pt-pt\/wp-json\/wp\/v2\/media\/8283"}],"wp:attachment":[{"href":"https:\/\/experti.it\/pt-pt\/wp-json\/wp\/v2\/media?parent=9854"}],"wp:term":[{"taxonomy":"product_brand","embeddable":true,"href":"https:\/\/experti.it\/pt-pt\/wp-json\/wp\/v2\/product_brand?post=9854"},{"taxonomy":"product_cat","embeddable":true,"href":"https:\/\/experti.it\/pt-pt\/wp-json\/wp\/v2\/product_cat?post=9854"},{"taxonomy":"product_tag","embeddable":true,"href":"https:\/\/experti.it\/pt-pt\/wp-json\/wp\/v2\/product_tag?post=9854"}],"curies":[{"name":"wp","href":"https:\/\/api.w.org\/{rel}","templated":true}]}}