{"id":9910,"date":"2025-01-27T21:31:45","date_gmt":"2025-01-27T20:31:45","guid":{"rendered":"https:\/\/stg.experti.it\/prodotto\/awri-r2-saccharomyces-cerevisiae-r-f-bayanus\/"},"modified":"2025-01-27T21:31:45","modified_gmt":"2025-01-27T20:31:45","slug":"awri-r2-saccharomyces-cerevisiae-r-f-bayanus","status":"publish","type":"product","link":"https:\/\/experti.it\/pt-pt\/prodotto\/awri-r2-saccharomyces-cerevisiae-r-f-bayanus\/","title":{"rendered":"AWRI R2 | Saccharomyces cerevisiae r.f. bayanus"},"content":{"rendered":"<p>A atividade desta estirpe permite uma boa produ\u00e7\u00e3o de aromas na fermenta\u00e7\u00e3o e real\u00e7a a nota varietal atrav\u00e9s da liberta\u00e7\u00e3o de precursores de aromas. Recomendada para Garganega, Riesling, Trebbiano. Fermenta a baixas temperaturas (10\u00b0C).<br \/>\nExcelente para a refermenta\u00e7\u00e3o em autoclave de vinhos espumantes brancos e tintos.<br \/>\nElevada necessidade de azoto. Embalagem: 500 g &#8211; 10 Kg    <\/p>\n<p>As leveduras MAURIVIN s\u00e3o provenientes da nova divis\u00e3o AB Biotek (https:\/\/www.abbiotek.com) do grupo AB Mauri, dedicada \u00e0 ind\u00fastria alimentar e vin\u00edcola.<\/p>\n<div style=\"clear: both;\"><\/div>\n<hr>\n<div id=\"features\">\n<div class=\"box\" style=\"float: left; width: 33%; padding: 20px;\">[radar v=&#8221;VINI BIANCHI Tropicale=4,5;Pompelmo=3,5;Ananas=4;Banana=5;Floreale=2,8&#8243;]<\/div>\n<div class=\"box\" style=\"float: left; width: 33%; padding: 20px;\"><\/div>\n<div class=\"box\" style=\"float: left; width: 33%; padding: 20px;\"><\/div>\n<\/div>\n<div style=\"clear: both;\"><\/div>\n","protected":false},"excerpt":{"rendered":"<p>A atividade desta estirpe permite uma boa produ\u00e7\u00e3o de aromas na fermenta\u00e7\u00e3o e real\u00e7a a nota varietal atrav\u00e9s da liberta\u00e7\u00e3o&hellip;<\/p>\n","protected":false},"featured_media":8430,"template":"","meta":{"_cloudinary_featured_overwrite":false},"product_brand":[],"product_cat":[224],"product_tag":[],"class_list":{"0":"post-9910","1":"product","2":"type-product","3":"status-publish","4":"has-post-thumbnail","6":"product_cat-leveduras","8":"first","9":"instock","10":"shipping-taxable","11":"product-type-simple","12":"layout-style-1","13":"col-md-4 col-sm-4 col-xs-6","14":"col-lg-3","15":"product-style-slider"},"yoast_head":"<!-- This site is optimized with the Yoast SEO plugin v25.9 - https:\/\/yoast.com\/wordpress\/plugins\/seo\/ -->\n<title>AWRI R2 | Saccharomyces cerevisiae r.f. bayanus - Experti<\/title>\n<meta name=\"description\" content=\"A atividade desta estirpe permite uma boa produ\u00e7\u00e3o de aromas na fermenta\u00e7\u00e3o e real\u00e7a a nota varietal atrav\u00e9s da liberta\u00e7\u00e3o de precursores de aroma.\" \/>\n<meta name=\"robots\" content=\"index, follow, max-snippet:-1, max-image-preview:large, max-video-preview:-1\" \/>\n<link rel=\"canonical\" href=\"https:\/\/experti.it\/pt-pt\/prodotto\/awri-r2-saccharomyces-cerevisiae-r-f-bayanus\/\" \/>\n<meta property=\"og:locale\" content=\"pt_PT\" \/>\n<meta property=\"og:type\" content=\"article\" \/>\n<meta property=\"og:title\" content=\"AWRI R2 | Saccharomyces cerevisiae r.f. bayanus - Experti\" \/>\n<meta property=\"og:description\" content=\"A atividade desta estirpe permite uma boa produ\u00e7\u00e3o de aromas na fermenta\u00e7\u00e3o e real\u00e7a a nota varietal atrav\u00e9s da liberta\u00e7\u00e3o de precursores de aroma.\" \/>\n<meta property=\"og:url\" content=\"https:\/\/experti.it\/pt-pt\/prodotto\/awri-r2-saccharomyces-cerevisiae-r-f-bayanus\/\" \/>\n<meta property=\"og:site_name\" content=\"Experti\" \/>\n<meta property=\"article:publisher\" content=\"https:\/\/www.facebook.com\/www.experti.it\/\" \/>\n<meta property=\"og:image\" content=\"https:\/\/experti.it\/wp-content\/uploads\/2025\/01\/AWRI-R2.png\" \/>\n\t<meta property=\"og:image:width\" content=\"1125\" \/>\n\t<meta property=\"og:image:height\" content=\"1124\" \/>\n\t<meta property=\"og:image:type\" content=\"image\/png\" \/>\n<meta name=\"twitter:card\" content=\"summary_large_image\" \/>\n<script type=\"application\/ld+json\" class=\"yoast-schema-graph\">{\"@context\":\"https:\/\/schema.org\",\"@graph\":[{\"@type\":\"WebPage\",\"@id\":\"https:\/\/experti.it\/pt-pt\/prodotto\/awri-r2-saccharomyces-cerevisiae-r-f-bayanus\/\",\"url\":\"https:\/\/experti.it\/pt-pt\/prodotto\/awri-r2-saccharomyces-cerevisiae-r-f-bayanus\/\",\"name\":\"AWRI R2 | Saccharomyces cerevisiae r.f. bayanus - Experti\",\"isPartOf\":{\"@id\":\"https:\/\/experti.it\/pt-pt\/#website\"},\"primaryImageOfPage\":{\"@id\":\"https:\/\/experti.it\/pt-pt\/prodotto\/awri-r2-saccharomyces-cerevisiae-r-f-bayanus\/#primaryimage\"},\"image\":{\"@id\":\"https:\/\/experti.it\/pt-pt\/prodotto\/awri-r2-saccharomyces-cerevisiae-r-f-bayanus\/#primaryimage\"},\"thumbnailUrl\":\"https:\/\/experti.it\/wp-content\/uploads\/2025\/01\/AWRI-R2.png\",\"datePublished\":\"2025-01-27T20:31:45+00:00\",\"description\":\"A atividade desta estirpe permite uma boa produ\u00e7\u00e3o de aromas na fermenta\u00e7\u00e3o e real\u00e7a a nota varietal atrav\u00e9s da liberta\u00e7\u00e3o de precursores de aroma.\",\"breadcrumb\":{\"@id\":\"https:\/\/experti.it\/pt-pt\/prodotto\/awri-r2-saccharomyces-cerevisiae-r-f-bayanus\/#breadcrumb\"},\"inLanguage\":\"pt-PT\",\"potentialAction\":[{\"@type\":\"ReadAction\",\"target\":[\"https:\/\/experti.it\/pt-pt\/prodotto\/awri-r2-saccharomyces-cerevisiae-r-f-bayanus\/\"]}]},{\"@type\":\"ImageObject\",\"inLanguage\":\"pt-PT\",\"@id\":\"https:\/\/experti.it\/pt-pt\/prodotto\/awri-r2-saccharomyces-cerevisiae-r-f-bayanus\/#primaryimage\",\"url\":\"https:\/\/experti.it\/wp-content\/uploads\/2025\/01\/AWRI-R2.png\",\"contentUrl\":\"https:\/\/experti.it\/wp-content\/uploads\/2025\/01\/AWRI-R2.png\",\"width\":1125,\"height\":1124},{\"@type\":\"BreadcrumbList\",\"@id\":\"https:\/\/experti.it\/pt-pt\/prodotto\/awri-r2-saccharomyces-cerevisiae-r-f-bayanus\/#breadcrumb\",\"itemListElement\":[{\"@type\":\"ListItem\",\"position\":1,\"name\":\"Home\",\"item\":\"https:\/\/experti.it\/pt-pt\/\"},{\"@type\":\"ListItem\",\"position\":2,\"name\":\"Produtos\",\"item\":\"https:\/\/experti.it\/pt-pt\/shop\/\"},{\"@type\":\"ListItem\",\"position\":3,\"name\":\"AWRI R2 | Saccharomyces cerevisiae r.f. bayanus\"}]},{\"@type\":\"WebSite\",\"@id\":\"https:\/\/experti.it\/pt-pt\/#website\",\"url\":\"https:\/\/experti.it\/pt-pt\/\",\"name\":\"Experti\",\"description\":\"Enologia, tecnologia e innovazione\",\"publisher\":{\"@id\":\"https:\/\/experti.it\/pt-pt\/#organization\"},\"potentialAction\":[{\"@type\":\"SearchAction\",\"target\":{\"@type\":\"EntryPoint\",\"urlTemplate\":\"https:\/\/experti.it\/pt-pt\/?s={search_term_string}\"},\"query-input\":{\"@type\":\"PropertyValueSpecification\",\"valueRequired\":true,\"valueName\":\"search_term_string\"}}],\"inLanguage\":\"pt-PT\"},{\"@type\":\"Organization\",\"@id\":\"https:\/\/experti.it\/pt-pt\/#organization\",\"name\":\"Experti\",\"url\":\"https:\/\/experti.it\/pt-pt\/\",\"logo\":{\"@type\":\"ImageObject\",\"inLanguage\":\"pt-PT\",\"@id\":\"https:\/\/experti.it\/pt-pt\/#\/schema\/logo\/image\/\",\"url\":\"https:\/\/experti.it\/wp-content\/uploads\/2025\/01\/EXPERTI-LOGO-web.png\",\"contentUrl\":\"https:\/\/experti.it\/wp-content\/uploads\/2025\/01\/EXPERTI-LOGO-web.png\",\"width\":484,\"height\":210,\"caption\":\"Experti\"},\"image\":{\"@id\":\"https:\/\/experti.it\/pt-pt\/#\/schema\/logo\/image\/\"},\"sameAs\":[\"https:\/\/www.facebook.com\/www.experti.it\/\",\"http:\/\/www.instagram.com\/experti.it\"]}]}<\/script>\n<!-- \/ Yoast SEO plugin. -->","yoast_head_json":{"title":"AWRI R2 | Saccharomyces cerevisiae r.f. bayanus - Experti","description":"A atividade desta estirpe permite uma boa produ\u00e7\u00e3o de aromas na fermenta\u00e7\u00e3o e real\u00e7a a nota varietal atrav\u00e9s da liberta\u00e7\u00e3o de precursores de aroma.","robots":{"index":"index","follow":"follow","max-snippet":"max-snippet:-1","max-image-preview":"max-image-preview:large","max-video-preview":"max-video-preview:-1"},"canonical":"https:\/\/experti.it\/pt-pt\/prodotto\/awri-r2-saccharomyces-cerevisiae-r-f-bayanus\/","og_locale":"pt_PT","og_type":"article","og_title":"AWRI R2 | Saccharomyces cerevisiae r.f. bayanus - Experti","og_description":"A atividade desta estirpe permite uma boa produ\u00e7\u00e3o de aromas na fermenta\u00e7\u00e3o e real\u00e7a a nota varietal atrav\u00e9s da liberta\u00e7\u00e3o de precursores de aroma.","og_url":"https:\/\/experti.it\/pt-pt\/prodotto\/awri-r2-saccharomyces-cerevisiae-r-f-bayanus\/","og_site_name":"Experti","article_publisher":"https:\/\/www.facebook.com\/www.experti.it\/","og_image":[{"width":1125,"height":1124,"url":"https:\/\/experti.it\/wp-content\/uploads\/2025\/01\/AWRI-R2.png","type":"image\/png"}],"twitter_card":"summary_large_image","schema":{"@context":"https:\/\/schema.org","@graph":[{"@type":"WebPage","@id":"https:\/\/experti.it\/pt-pt\/prodotto\/awri-r2-saccharomyces-cerevisiae-r-f-bayanus\/","url":"https:\/\/experti.it\/pt-pt\/prodotto\/awri-r2-saccharomyces-cerevisiae-r-f-bayanus\/","name":"AWRI R2 | Saccharomyces cerevisiae r.f. bayanus - Experti","isPartOf":{"@id":"https:\/\/experti.it\/pt-pt\/#website"},"primaryImageOfPage":{"@id":"https:\/\/experti.it\/pt-pt\/prodotto\/awri-r2-saccharomyces-cerevisiae-r-f-bayanus\/#primaryimage"},"image":{"@id":"https:\/\/experti.it\/pt-pt\/prodotto\/awri-r2-saccharomyces-cerevisiae-r-f-bayanus\/#primaryimage"},"thumbnailUrl":"https:\/\/experti.it\/wp-content\/uploads\/2025\/01\/AWRI-R2.png","datePublished":"2025-01-27T20:31:45+00:00","description":"A atividade desta estirpe permite uma boa produ\u00e7\u00e3o de aromas na fermenta\u00e7\u00e3o e real\u00e7a a nota varietal atrav\u00e9s da liberta\u00e7\u00e3o de precursores de aroma.","breadcrumb":{"@id":"https:\/\/experti.it\/pt-pt\/prodotto\/awri-r2-saccharomyces-cerevisiae-r-f-bayanus\/#breadcrumb"},"inLanguage":"pt-PT","potentialAction":[{"@type":"ReadAction","target":["https:\/\/experti.it\/pt-pt\/prodotto\/awri-r2-saccharomyces-cerevisiae-r-f-bayanus\/"]}]},{"@type":"ImageObject","inLanguage":"pt-PT","@id":"https:\/\/experti.it\/pt-pt\/prodotto\/awri-r2-saccharomyces-cerevisiae-r-f-bayanus\/#primaryimage","url":"https:\/\/experti.it\/wp-content\/uploads\/2025\/01\/AWRI-R2.png","contentUrl":"https:\/\/experti.it\/wp-content\/uploads\/2025\/01\/AWRI-R2.png","width":1125,"height":1124},{"@type":"BreadcrumbList","@id":"https:\/\/experti.it\/pt-pt\/prodotto\/awri-r2-saccharomyces-cerevisiae-r-f-bayanus\/#breadcrumb","itemListElement":[{"@type":"ListItem","position":1,"name":"Home","item":"https:\/\/experti.it\/pt-pt\/"},{"@type":"ListItem","position":2,"name":"Produtos","item":"https:\/\/experti.it\/pt-pt\/shop\/"},{"@type":"ListItem","position":3,"name":"AWRI R2 | Saccharomyces cerevisiae r.f. bayanus"}]},{"@type":"WebSite","@id":"https:\/\/experti.it\/pt-pt\/#website","url":"https:\/\/experti.it\/pt-pt\/","name":"Experti","description":"Enologia, tecnologia e innovazione","publisher":{"@id":"https:\/\/experti.it\/pt-pt\/#organization"},"potentialAction":[{"@type":"SearchAction","target":{"@type":"EntryPoint","urlTemplate":"https:\/\/experti.it\/pt-pt\/?s={search_term_string}"},"query-input":{"@type":"PropertyValueSpecification","valueRequired":true,"valueName":"search_term_string"}}],"inLanguage":"pt-PT"},{"@type":"Organization","@id":"https:\/\/experti.it\/pt-pt\/#organization","name":"Experti","url":"https:\/\/experti.it\/pt-pt\/","logo":{"@type":"ImageObject","inLanguage":"pt-PT","@id":"https:\/\/experti.it\/pt-pt\/#\/schema\/logo\/image\/","url":"https:\/\/experti.it\/wp-content\/uploads\/2025\/01\/EXPERTI-LOGO-web.png","contentUrl":"https:\/\/experti.it\/wp-content\/uploads\/2025\/01\/EXPERTI-LOGO-web.png","width":484,"height":210,"caption":"Experti"},"image":{"@id":"https:\/\/experti.it\/pt-pt\/#\/schema\/logo\/image\/"},"sameAs":["https:\/\/www.facebook.com\/www.experti.it\/","http:\/\/www.instagram.com\/experti.it"]}]}},"_links":{"self":[{"href":"https:\/\/experti.it\/pt-pt\/wp-json\/wp\/v2\/product\/9910","targetHints":{"allow":["GET"]}}],"collection":[{"href":"https:\/\/experti.it\/pt-pt\/wp-json\/wp\/v2\/product"}],"about":[{"href":"https:\/\/experti.it\/pt-pt\/wp-json\/wp\/v2\/types\/product"}],"wp:featuredmedia":[{"embeddable":true,"href":"https:\/\/experti.it\/pt-pt\/wp-json\/wp\/v2\/media\/8430"}],"wp:attachment":[{"href":"https:\/\/experti.it\/pt-pt\/wp-json\/wp\/v2\/media?parent=9910"}],"wp:term":[{"taxonomy":"product_brand","embeddable":true,"href":"https:\/\/experti.it\/pt-pt\/wp-json\/wp\/v2\/product_brand?post=9910"},{"taxonomy":"product_cat","embeddable":true,"href":"https:\/\/experti.it\/pt-pt\/wp-json\/wp\/v2\/product_cat?post=9910"},{"taxonomy":"product_tag","embeddable":true,"href":"https:\/\/experti.it\/pt-pt\/wp-json\/wp\/v2\/product_tag?post=9910"}],"curies":[{"name":"wp","href":"https:\/\/api.w.org\/{rel}","templated":true}]}}